{"id":61906,"date":"2022-05-09T00:00:00","date_gmt":"2022-05-08T22:00:00","guid":{"rendered":"https:\/\/2025.teleskopshop.ch\/shop\/senza-categoria\/skywatcher-teleskop-skyliner-250px-classic\/"},"modified":"2025-10-15T13:36:00","modified_gmt":"2025-10-15T11:36:00","slug":"skywatcher-teleskop-skyliner-250px-classic","status":"publish","type":"product","link":"https:\/\/www.teleskopshop.ch\/it\/shop\/ottica\/telescopi\/telescopio-per-principianti\/azimutale\/skywatcher-teleskop-skyliner-250px-classic\/","title":{"rendered":"Telescopio Skywatcher Skyliner 250PX Classic"},"content":{"rendered":"<p>L&#8217;ottica del telescopio: il telescopio Skywatcher Skyliner 250PX Classic Dobsonian contiene un telescopio newtoniano parabolico da 254 mm. Grazie alla sua grande apertura, \u00e8 molto adatto per osservare gli oggetti pi\u00f9 deboli del cielo profondo con un&#8217;elevata risoluzione e contrasto. Ma anche i pianeti, la luna e tutti gli altri oggetti astronomici del cielo notturno sono molto divertenti. La montatura: i telescopi dobsoniani hanno un ottimo rapporto qualit\u00e0-prezzo. La montatura dobsoniana \u00e8 stata introdotta da John Dobson negli anni &#8217;70 ed \u00e8 un metodo semplice ma efficace per montare un telescopio newtoniano in senso azimutale. \u00c8 facile e veloce da montare e permette di muoversi in altezza e in azimut. Il segreto della montatura \u00e8 l&#8217;esatto bilanciamento del telescopio e l&#8217;utilizzo di materiali speciali per l&#8217;attrito che permettono un movimento leggero e fluido e mantengono il telescopio fermo in modo sicuro. Questa montatura \u00e8 stata sviluppata per il movimento manuale. I telescopi dobsoniani Sky-Watcher offrono prestazioni eccellenti nell&#8217;osservazione della luna, dei pianeti e degli oggetti del cielo profondo come galassie e nebulose. La consegna comprende: Tubo del telescopio newtoniano da 254 mm Montatura dobsoniana con vassoio per accessori Focheggiatore con connessione da 2&#8243; e 1,25&#8243; Connessione diretta per fotocamera DSLR Mirino 9&#215;50 Oculari: 10mm e 25mm !L&#8217;alimentatore e le batterie non sono inclusi!<br \/>\nGenerale<\/p>\n<table>\n<tbody>\n<tr>\n<td>Peso della spedizione<\/td>\n<td>33,9 kg<\/td>\n<\/tr>\n<\/tbody>\n<\/table>\n<table>\n<tbody>\n<tr>\n<td>Dimensioni della spedizione<\/td>\n<td>125x47x52cm \/ 75x67x11,5cm<\/td>\n<\/tr>\n<\/tbody>\n<\/table>\n<p>Ottica<\/p>\n<table>\n<tbody>\n<tr>\n<td>Tipo<\/td>\n<td>Telescopio newtoniano\/riflettore<\/td>\n<\/tr>\n<\/tbody>\n<\/table>\n<table>\n<tbody>\n<tr>\n<td>Lunghezza focale (mm)<\/td>\n<td>1250<\/td>\n<\/tr>\n<\/tbody>\n<\/table>\n<table>\n<tbody>\n<tr>\n<td>Apertura (mm)<\/td>\n<td>254<\/td>\n<\/tr>\n<\/tbody>\n<\/table>\n<table>\n<tbody>\n<tr>\n<td>Rapporto di apertura<\/td>\n<td>f:5<\/td>\n<\/tr>\n<\/tbody>\n<\/table>\n<table>\n<tbody>\n<tr>\n<td>Focalizzatore<\/td>\n<td>2&#8243;<\/td>\n<\/tr>\n<\/tbody>\n<\/table>\n<table>\n<tbody>\n<tr>\n<td>Peso del tubo (kg)<\/td>\n<td>12.00<\/td>\n<\/tr>\n<\/tbody>\n<\/table>\n<p>Montaggio<\/p>\n<table>\n<tbody>\n<tr>\n<td>Tipo<\/td>\n<td>Montatura dobsoniana azimutale<\/td>\n<\/tr>\n<\/tbody>\n<\/table>\n","protected":false},"excerpt":{"rendered":"<p>Grazie per aver visitato Teleskopshop.ch.<\/p>\n<p>Siamo lieti di offrirti il prodotto <b>Skywatcher Telescope Skyliner 250PX Classic<\/b> alle seguenti condizioni.<\/p>\n","protected":false},"featured_media":5535,"comment_status":"closed","ping_status":"closed","template":"","meta":{"_acf_changed":false},"product_brand":[675],"product_cat":[1580,1574,1340,1568,1577],"product_tag":[],"class_list":{"0":"post-61906","1":"product","2":"type-product","3":"status-publish","4":"has-post-thumbnail","6":"product_brand-skywatcher","7":"product_cat-azimutale","8":"product_cat-dobsen-it","9":"product_cat-ottica","10":"product_cat-telescopi","11":"product_cat-telescopio-per-principianti","13":"first","14":"instock","15":"sale","16":"taxable","17":"shipping-taxable","18":"purchasable","19":"product-type-simple"},"acf":[],"_links":{"self":[{"href":"https:\/\/www.teleskopshop.ch\/it\/wp-json\/wp\/v2\/product\/61906","targetHints":{"allow":["GET"]}}],"collection":[{"href":"https:\/\/www.teleskopshop.ch\/it\/wp-json\/wp\/v2\/product"}],"about":[{"href":"https:\/\/www.teleskopshop.ch\/it\/wp-json\/wp\/v2\/types\/product"}],"replies":[{"embeddable":true,"href":"https:\/\/www.teleskopshop.ch\/it\/wp-json\/wp\/v2\/comments?post=61906"}],"wp:featuredmedia":[{"embeddable":true,"href":"https:\/\/www.teleskopshop.ch\/it\/wp-json\/wp\/v2\/media\/5535"}],"wp:attachment":[{"href":"https:\/\/www.teleskopshop.ch\/it\/wp-json\/wp\/v2\/media?parent=61906"}],"wp:term":[{"taxonomy":"product_brand","embeddable":true,"href":"https:\/\/www.teleskopshop.ch\/it\/wp-json\/wp\/v2\/product_brand?post=61906"},{"taxonomy":"product_cat","embeddable":true,"href":"https:\/\/www.teleskopshop.ch\/it\/wp-json\/wp\/v2\/product_cat?post=61906"},{"taxonomy":"product_tag","embeddable":true,"href":"https:\/\/www.teleskopshop.ch\/it\/wp-json\/wp\/v2\/product_tag?post=61906"}],"curies":[{"name":"wp","href":"https:\/\/api.w.org\/{rel}","templated":true}]}}