{"id":61888,"date":"2022-05-09T00:00:00","date_gmt":"2022-05-08T22:00:00","guid":{"rendered":"https:\/\/2025.teleskopshop.ch\/shop\/senza-categoria\/skywatcher-teleskop-infinity-76p\/"},"modified":"2025-01-25T13:18:42","modified_gmt":"2025-01-25T12:18:42","slug":"skywatcher-teleskop-infinity-76p","status":"publish","type":"product","link":"https:\/\/www.teleskopshop.ch\/it\/shop\/ottica\/telescopi\/telescopio-per-principianti\/azimutale\/skywatcher-teleskop-infinity-76p\/","title":{"rendered":"Telescopio Skywatcher Infinity 76P"},"content":{"rendered":"<p>Non uno dei soliti telescopi giocattolo!L&#8217;ottica del telescopio: l&#8217;attraente telescopio newtoniano Skywatcher Infinity-76 ospita gi\u00e0 uno specchio asferico, che di solito si trova solo nei telescopi pi\u00f9 grandi e costosi. Lo specchio primario \u00e8 stato regolato durante la lucidatura per focalizzare tutti i raggi di luce sul piano focale, creando un&#8217;immagine nitida e ricca di dettagli. L&#8217;Infinity-76 raccoglie il 132% di luce in pi\u00f9 rispetto al telescopio giocattolo medio da 50 mm, mostrando centinaia di oggetti in pi\u00f9. Il telescopio \u00e8 dotato di un oculare con ingrandimento 30x, che pu\u00f2 mostrare un&#8217;immagine destra e verticale e quindi consente anche l&#8217;osservazione della natura. Il supporto del telescopio: il suo supporto intuitivo che consente un facile movimento del telescopio a sinistra, a destra, in alto e in basso lo rende perfetto e facile da usare per i bambini. Il telescopio \u00e8 estremamente facile da configurare, consentendo ai tuoi bambini di esplorare e amare facilmente il grande universo. Per decorare il telescopio a piacimento, in modo fantasioso, il telescopio contiene vari adesivi. Fornitura: telescopio Newton da 76 mm con specchio parabolico Montaggio da tavolo Focheggiatore elicoidale Oculare 30x con montaggio dell&#8217;immagine Alimentatore e batterie non inclusi!<\/p>\n<p>Generale<\/p>\n<table>\n<tr>\n<td>Peso<\/td>\n<p> di spedizione <\/p>\n<td>1,7 kg<\/td>\n<\/tr>\n<\/table>\n<table>\n<tr>\n<td>Dimensioni<\/td>\n<p> di spedizione <\/p>\n<td>37x24x20 cm<\/td>\n<\/tr>\n<\/table>\n<p>ottica<\/p>\n<table>\n<tr>\n<td>Tipo<\/td>\n<td>Newton \/ telescopio riflettore<\/td>\n<\/tr>\n<\/table>\n<table>\n<tr>\n<td>Lunghezza focale (mm)<\/td>\n<td>300<\/td>\n<\/tr>\n<\/table>\n<table>\n<tr>\n<td>Apertura (mm)<\/td>\n<td>76<\/td>\n<\/tr>\n<\/table>\n<table>\n<tr>\n<td>Apertura<\/td>\n<td>f:4<\/td>\n<\/tr>\n<\/table>\n<table>\n<tr>\n<td>Focheggiatore<\/td>\n<td>focheggiatore elicoidale<\/td>\n<\/tr>\n<\/table>\n<table>\n<tr>\n<td>Peso del tubo (kg)<\/td>\n<td>0,90<\/td>\n<\/tr>\n<\/table>\n<\/td>\n<td>montare<\/p>\n<table>\n<tr>\n<td>Tipo di<\/td>\n<td>montaggio da tavolo azimutale<\/td>\n<\/tr>\n<\/table>\n<table>\n<tr>\n<td>Peso totale della montatura (kg)<\/td>\n<td>0,30<\/td>\n<\/tr>\n<\/table>\n","protected":false},"excerpt":{"rendered":"<p>Telescopio per bambini Skywatcher Telescopio a specchio Newton<\/p>\n","protected":false},"featured_media":5423,"comment_status":"closed","ping_status":"open","template":"","meta":{"_acf_changed":false},"product_brand":[675],"product_cat":[1580,1340,1568,1577],"product_tag":[],"class_list":{"0":"post-61888","1":"product","2":"type-product","3":"status-publish","4":"has-post-thumbnail","6":"product_brand-skywatcher","7":"product_cat-azimutale","8":"product_cat-ottica","9":"product_cat-telescopi","10":"product_cat-telescopio-per-principianti","12":"first","13":"instock","14":"taxable","15":"shipping-taxable","16":"purchasable","17":"product-type-simple"},"acf":[],"_links":{"self":[{"href":"https:\/\/www.teleskopshop.ch\/it\/wp-json\/wp\/v2\/product\/61888","targetHints":{"allow":["GET"]}}],"collection":[{"href":"https:\/\/www.teleskopshop.ch\/it\/wp-json\/wp\/v2\/product"}],"about":[{"href":"https:\/\/www.teleskopshop.ch\/it\/wp-json\/wp\/v2\/types\/product"}],"replies":[{"embeddable":true,"href":"https:\/\/www.teleskopshop.ch\/it\/wp-json\/wp\/v2\/comments?post=61888"}],"wp:featuredmedia":[{"embeddable":true,"href":"https:\/\/www.teleskopshop.ch\/it\/wp-json\/wp\/v2\/media\/5423"}],"wp:attachment":[{"href":"https:\/\/www.teleskopshop.ch\/it\/wp-json\/wp\/v2\/media?parent=61888"}],"wp:term":[{"taxonomy":"product_brand","embeddable":true,"href":"https:\/\/www.teleskopshop.ch\/it\/wp-json\/wp\/v2\/product_brand?post=61888"},{"taxonomy":"product_cat","embeddable":true,"href":"https:\/\/www.teleskopshop.ch\/it\/wp-json\/wp\/v2\/product_cat?post=61888"},{"taxonomy":"product_tag","embeddable":true,"href":"https:\/\/www.teleskopshop.ch\/it\/wp-json\/wp\/v2\/product_tag?post=61888"}],"curies":[{"name":"wp","href":"https:\/\/api.w.org\/{rel}","templated":true}]}}