{"id":61885,"date":"2022-05-09T00:00:00","date_gmt":"2022-05-08T22:00:00","guid":{"rendered":"https:\/\/2025.teleskopshop.ch\/shop\/senza-categoria\/skywatcher-teleskop-heritage-90-virtuoso\/"},"modified":"2025-01-25T13:18:40","modified_gmt":"2025-01-25T12:18:40","slug":"skywatcher-teleskop-heritage-90-virtuoso","status":"publish","type":"product","link":"https:\/\/www.teleskopshop.ch\/it\/shop\/ottica\/telescopi\/telescopio-per-principianti\/azimutale\/skywatcher-teleskop-heritage-90-virtuoso\/","title":{"rendered":"Telescopio Skywatcher Heritage 90 Virtuoso"},"content":{"rendered":"<p>L&#8217;ottica del telescopio: con la sua potente ottica Maksutov-Cassegrain da 90 mm, il telescopio Sky-Watcher Heritage-90 \u00e8 ideale per l&#8217;osservazione della luna e dei pianeti, nonch\u00e9 delle stelle doppie, ma pu\u00f2 essere utilizzato anche per l&#8217;osservazione terrestre durante il giorno con ingrandimenti elevati. La montatura del telescopio: la montatura Sky-Watcher Virtuoso\u2122 \u00e8 una piattaforma stabile che segue automaticamente gli oggetti nel cielo notturno una volta posizionati nel telescopio. Il telescopio pu\u00f2 essere spostato automaticamente a 5 diverse velocit\u00e0 su entrambi gli assi utilizzando il pannello di controllo elettronico. Un&#8217;ottima idea \u00e8 la tecnologia a doppio codificatore &#8220;Freedom-Find&#8221; brevettata dal Virtuoso\u2122, che consente al telescopio di essere spostato su entrambi gli assi senza perdere i dati di posizione. Ci\u00f2 offre all&#8217;utente grande libert\u00e0 e comodit\u00e0 durante le sessioni di osservazione. La montatura Virtuoso\u2122 pu\u00f2 anche essere adattata con un SynScan\u2122 AZ GoTo Set con GoTo e quindi le consente di trovare automaticamente oltre 42.900 oggetti celesti astronomici dal suo database integrato. Oltre a queste fantastiche possibilit\u00e0 per l&#8217;astronomia, il Virtuoso\u2122 ha anche molte altre per la fotografia: Panoramica della fotocamera: scatta automaticamente foto fino a 6 posizioni preimpostate con la tua fotocamera DSLR. Il supporto si fermer\u00e0 automaticamente nelle posizioni e attiver\u00e0 la fotocamera. \u00c8 incluso un cavo di scatto Canon-D, altri cavi sono disponibili da Sky-Watcher. Testa panoramica per fotografia video \/ time-lapse: il supporto pu\u00f2 eseguire automaticamente la panoramica della fotocamera fino a 6 posizioni preimpostate senza pause intermedie. Per questo \u00e8 possibile selezionare fino a 5 velocit\u00e0. Fotografia panoramica\/matrice: il supporto pu\u00f2 controllare una fotocamera DSLR su ampi panorami fino a 360\u00b0. Fornitura: telescopio Maksutov-Cassegrain da 90 mm Virtuoso\u2122 mount red dot oculari mirino: 10 mm e 25 mm 1,25&#8243; diagonale stella supporto a L Canon-D cavo di rilascio a distanza L&#8217;alimentatore e le batterie non sono inclusi nella fornitura!<br \/>\nGenerale<\/p>\n<table>\n<tbody>\n<tr>\n<td>Peso di spedizione<\/td>\n<td>7,5 kg<\/td>\n<\/tr>\n<\/tbody>\n<\/table>\n<table>\n<tbody>\n<tr>\n<td>Dimensione di spedizione<\/td>\n<td>35x35x47cm<\/td>\n<\/tr>\n<\/tbody>\n<\/table>\n<p>ottica<\/p>\n<table>\n<tbody>\n<tr>\n<td>Disegno<\/td>\n<td>Maksutov Cassegrain \/ Telescopio riflettore<\/td>\n<\/tr>\n<\/tbody>\n<\/table>\n<table>\n<tbody>\n<tr>\n<td>Lunghezza focale (mm)<\/td>\n<td>1250<\/td>\n<\/tr>\n<\/tbody>\n<\/table>\n<table>\n<tbody>\n<tr>\n<td>Apertura (mm)<\/td>\n<td>90<\/td>\n<\/tr>\n<\/tbody>\n<\/table>\n<table>\n<tbody>\n<tr>\n<td>Rapporto focale<\/td>\n<td>f:13.88<\/td>\n<\/tr>\n<\/tbody>\n<\/table>\n<table>\n<tbody>\n<tr>\n<td>Focheggiatore<\/td>\n<td>Messa a fuoco dello specchio primario con connessione oculare da 1,25&#8243;<\/td>\n<\/tr>\n<\/tbody>\n<\/table>\n<table>\n<tbody>\n<tr>\n<td>Peso del tubo (kg)<\/td>\n<td>1.50<\/td>\n<\/tr>\n<\/tbody>\n<\/table>\n<p>montare<\/p>\n<table>\n<tbody>\n<tr>\n<td>Tipo<\/td>\n<td>Supporto da tavolo azimutale Dobsoniano con tracciamento motorizzato<\/td>\n<\/tr>\n<\/tbody>\n<\/table>\n<table>\n<tbody>\n<tr>\n<td>Massimo Carico utile visivo (kg)<\/td>\n<td>4.00<\/td>\n<\/tr>\n<\/tbody>\n<\/table>\n<table>\n<tbody>\n<tr>\n<td>Peso totale di montaggio (kg)<\/td>\n<td>3.50<\/td>\n<\/tr>\n<\/tbody>\n<\/table>\n","protected":false},"excerpt":{"rendered":"<p>Telescopio Skywatcher 90mm (3.5&#8243;) F\/1250 Maksutov Cassegrain con puntamento automatico<\/p>\n","protected":false},"featured_media":5419,"comment_status":"closed","ping_status":"open","template":"","meta":{"_acf_changed":false},"product_brand":[675],"product_cat":[1580,1340,1568,1577],"product_tag":[],"class_list":{"0":"post-61885","1":"product","2":"type-product","3":"status-publish","4":"has-post-thumbnail","6":"product_brand-skywatcher","7":"product_cat-azimutale","8":"product_cat-ottica","9":"product_cat-telescopi","10":"product_cat-telescopio-per-principianti","12":"first","13":"instock","14":"taxable","15":"shipping-taxable","16":"purchasable","17":"product-type-simple"},"acf":[],"_links":{"self":[{"href":"https:\/\/www.teleskopshop.ch\/it\/wp-json\/wp\/v2\/product\/61885","targetHints":{"allow":["GET"]}}],"collection":[{"href":"https:\/\/www.teleskopshop.ch\/it\/wp-json\/wp\/v2\/product"}],"about":[{"href":"https:\/\/www.teleskopshop.ch\/it\/wp-json\/wp\/v2\/types\/product"}],"replies":[{"embeddable":true,"href":"https:\/\/www.teleskopshop.ch\/it\/wp-json\/wp\/v2\/comments?post=61885"}],"wp:featuredmedia":[{"embeddable":true,"href":"https:\/\/www.teleskopshop.ch\/it\/wp-json\/wp\/v2\/media\/5419"}],"wp:attachment":[{"href":"https:\/\/www.teleskopshop.ch\/it\/wp-json\/wp\/v2\/media?parent=61885"}],"wp:term":[{"taxonomy":"product_brand","embeddable":true,"href":"https:\/\/www.teleskopshop.ch\/it\/wp-json\/wp\/v2\/product_brand?post=61885"},{"taxonomy":"product_cat","embeddable":true,"href":"https:\/\/www.teleskopshop.ch\/it\/wp-json\/wp\/v2\/product_cat?post=61885"},{"taxonomy":"product_tag","embeddable":true,"href":"https:\/\/www.teleskopshop.ch\/it\/wp-json\/wp\/v2\/product_tag?post=61885"}],"curies":[{"name":"wp","href":"https:\/\/api.w.org\/{rel}","templated":true}]}}