{"id":61846,"date":"2022-05-09T00:00:00","date_gmt":"2022-05-08T22:00:00","guid":{"rendered":"https:\/\/2025.teleskopshop.ch\/shop\/senza-categoria\/skywatcher-az4-schwere-azimutale-teleskop-montierung-2\/"},"modified":"2025-01-25T13:27:03","modified_gmt":"2025-01-25T12:27:03","slug":"skywatcher-az4-schwere-azimutale-teleskop-montierung-2","status":"publish","type":"product","link":"https:\/\/www.teleskopshop.ch\/it\/shop\/ottica\/telescopi\/telescopio-per-principianti\/azimutale\/skywatcher-az4-schwere-azimutale-teleskop-montierung-2\/","title":{"rendered":"Montatura per telescopio azimutale pesante Skywatcher AZ4"},"content":{"rendered":"<p>Supporto per telescopio: il tanto atteso supporto per telescopio azimutale Skywatcher AZ4 \u00e8 perfetto sia per gli astronomi che per gli osservatori terrestri. Il supporto contiene due frizioni separate per l&#8217;altitudine e il movimento orizzontale e un braccio girevole che pu\u00f2 essere fissato in 2 diverse posizioni. I movimenti sono morbidi come il burro e i telescopi possono essere regolati con precisione. Il tubo del telescopio \u00e8 fissato utilizzando una guida a coda di rondine Skywatcher standard. Il set include anche una guida a L per collegare facilmente un cannocchiale o una fotocamera. \u00c8 incluso un treppiede con gambe in acciaio inossidabile da 1,75&#8243; per la massima stabilit\u00e0 e rigidit\u00e0. Si consiglia lo Sky-Watcher D150\/F1200 Newton (Explorer-150PL) come carico massimo. Fornitura: treppiede con montaggio azimutale con gambe in acciaio inossidabile, guida a L !Alimentazione e batterie non sono incluse!<\/p>\n<p>Generale<\/p>\n<table>\n<tr>\n<td>Peso<\/td>\n<p> di spedizione <\/p>\n<td>11,4 kg<\/td>\n<\/tr>\n<\/table>\n<table>\n<tr>\n<td>Dimensioni<\/td>\n<p> spedizione <\/p>\n<td>139x25x23 cm<\/td>\n<\/tr>\n<\/table>\n<p>montare<\/p>\n<table>\n<tr>\n<td>Tipo<\/td>\n<td>Montatura manuale azimutale<\/td>\n<\/tr>\n<\/table>\n<table>\n<tr>\n<td>Max. Carico utile visivo (kg)<\/td>\n<td>6.00<\/td>\n<\/tr>\n<\/table>\n<table>\n<tr>\n<td>Peso totale della montatura (kg)<\/td>\n<td>9,40<\/td>\n<\/tr>\n<\/table>\n","protected":false},"excerpt":{"rendered":"<p>Skywatcher Heavy Azimuth Telescope Mount con treppiede con gambe in acciaio inossidabile da 1,75&#8243;.<\/p>\n","protected":false},"featured_media":4751,"comment_status":"closed","ping_status":"open","template":"","meta":{"_acf_changed":false},"product_brand":[675],"product_cat":[1580,1340,1568,1577],"product_tag":[],"class_list":{"0":"post-61846","1":"product","2":"type-product","3":"status-publish","4":"has-post-thumbnail","6":"product_brand-skywatcher","7":"product_cat-azimutale","8":"product_cat-ottica","9":"product_cat-telescopi","10":"product_cat-telescopio-per-principianti","12":"first","13":"instock","14":"taxable","15":"shipping-taxable","16":"purchasable","17":"product-type-simple"},"acf":[],"_links":{"self":[{"href":"https:\/\/www.teleskopshop.ch\/it\/wp-json\/wp\/v2\/product\/61846","targetHints":{"allow":["GET"]}}],"collection":[{"href":"https:\/\/www.teleskopshop.ch\/it\/wp-json\/wp\/v2\/product"}],"about":[{"href":"https:\/\/www.teleskopshop.ch\/it\/wp-json\/wp\/v2\/types\/product"}],"replies":[{"embeddable":true,"href":"https:\/\/www.teleskopshop.ch\/it\/wp-json\/wp\/v2\/comments?post=61846"}],"wp:featuredmedia":[{"embeddable":true,"href":"https:\/\/www.teleskopshop.ch\/it\/wp-json\/wp\/v2\/media\/4751"}],"wp:attachment":[{"href":"https:\/\/www.teleskopshop.ch\/it\/wp-json\/wp\/v2\/media?parent=61846"}],"wp:term":[{"taxonomy":"product_brand","embeddable":true,"href":"https:\/\/www.teleskopshop.ch\/it\/wp-json\/wp\/v2\/product_brand?post=61846"},{"taxonomy":"product_cat","embeddable":true,"href":"https:\/\/www.teleskopshop.ch\/it\/wp-json\/wp\/v2\/product_cat?post=61846"},{"taxonomy":"product_tag","embeddable":true,"href":"https:\/\/www.teleskopshop.ch\/it\/wp-json\/wp\/v2\/product_tag?post=61846"}],"curies":[{"name":"wp","href":"https:\/\/api.w.org\/{rel}","templated":true}]}}