{"id":61840,"date":"2022-05-09T00:00:00","date_gmt":"2022-05-08T22:00:00","guid":{"rendered":"https:\/\/2025.teleskopshop.ch\/shop\/senza-categoria\/skytee-2-teleskop-montierung\/"},"modified":"2025-01-25T13:26:59","modified_gmt":"2025-01-25T12:26:59","slug":"skytee-2-teleskop-montierung","status":"publish","type":"product","link":"https:\/\/www.teleskopshop.ch\/it\/shop\/ottica\/telescopi\/telescopio-per-principianti\/azimutale\/skytee-2-teleskop-montierung\/","title":{"rendered":"Montatura per telescopio SkyTee 2"},"content":{"rendered":"<p>L&#8217;OVL Skytee-2 \u00e8 una montatura azimutale pesante che \u00e8 in grado di azionare 2 telescopi, ciascuno del peso di 15 kg, in parallelo. C&#8217;\u00e8 un attacco a coda di rondine tipo Skywatcher\/Vixen su ciascun lato della montatura. Gli assi possono essere regolati finemente manualmente tramite alberi di comando. I contrappesi Skywatcher possono essere utilizzati sulla barra dei contrappesi integrata. Il supporto \u00e8 destinato al montaggio su un treppiede Skywatcher da 1,75&#8243; in acciaio inossidabile (EQ5 o HEQ5). Questo treppiede \u00e8 disponibile come opzione. Fornitura: supporto azimutale Skytee-2 (fornito senza treppiede!) !Alimentazione e batterie non sono incluse compreso nella fornitura!<\/p>\n<p>Generale<\/p>\n<table>\n<tr>\n<td>Peso di<\/td>\n<p> spedizione <\/p>\n<td>6,5 kg<\/td>\n<\/tr>\n<\/table>\n<table>\n<tr>\n<td>Dimensioni<\/td>\n<p> spedizione <\/p>\n<td>39x34x23 cm<\/td>\n<\/tr>\n<\/table>\n<p>montare<\/p>\n<table>\n<tr>\n<td>Tipo<\/td>\n<td>Montatura manuale azimutale per 2 telescopi<\/td>\n<\/tr>\n<\/table>\n<table>\n<tr>\n<td>Max. Carico utile visivo (kg)<\/td>\n<td>15.00<\/td>\n<\/tr>\n<\/table>\n<table>\n<tr>\n<td>Peso totale della montatura (kg)<\/td>\n<td>4,90<\/td>\n<\/tr>\n<\/table>\n","protected":false},"excerpt":{"rendered":"<p>Montatura azimutale pesante per 2 telescopi<\/p>\n","protected":false},"featured_media":4743,"comment_status":"closed","ping_status":"open","template":"","meta":{"_acf_changed":false},"product_brand":[677],"product_cat":[1580,1340,1568,1577],"product_tag":[],"class_list":{"0":"post-61840","1":"product","2":"type-product","3":"status-publish","4":"has-post-thumbnail","6":"product_brand-skytee","7":"product_cat-azimutale","8":"product_cat-ottica","9":"product_cat-telescopi","10":"product_cat-telescopio-per-principianti","12":"first","13":"instock","14":"taxable","15":"shipping-taxable","16":"purchasable","17":"product-type-simple"},"acf":[],"_links":{"self":[{"href":"https:\/\/www.teleskopshop.ch\/it\/wp-json\/wp\/v2\/product\/61840","targetHints":{"allow":["GET"]}}],"collection":[{"href":"https:\/\/www.teleskopshop.ch\/it\/wp-json\/wp\/v2\/product"}],"about":[{"href":"https:\/\/www.teleskopshop.ch\/it\/wp-json\/wp\/v2\/types\/product"}],"replies":[{"embeddable":true,"href":"https:\/\/www.teleskopshop.ch\/it\/wp-json\/wp\/v2\/comments?post=61840"}],"wp:featuredmedia":[{"embeddable":true,"href":"https:\/\/www.teleskopshop.ch\/it\/wp-json\/wp\/v2\/media\/4743"}],"wp:attachment":[{"href":"https:\/\/www.teleskopshop.ch\/it\/wp-json\/wp\/v2\/media?parent=61840"}],"wp:term":[{"taxonomy":"product_brand","embeddable":true,"href":"https:\/\/www.teleskopshop.ch\/it\/wp-json\/wp\/v2\/product_brand?post=61840"},{"taxonomy":"product_cat","embeddable":true,"href":"https:\/\/www.teleskopshop.ch\/it\/wp-json\/wp\/v2\/product_cat?post=61840"},{"taxonomy":"product_tag","embeddable":true,"href":"https:\/\/www.teleskopshop.ch\/it\/wp-json\/wp\/v2\/product_tag?post=61840"}],"curies":[{"name":"wp","href":"https:\/\/api.w.org\/{rel}","templated":true}]}}