{"id":61834,"date":"2022-05-09T00:00:00","date_gmt":"2022-05-08T22:00:00","guid":{"rendered":"https:\/\/2025.teleskopshop.ch\/shop\/senza-categoria\/skywatcher-teleskop-startravel-80-eq1\/"},"modified":"2025-01-25T13:18:57","modified_gmt":"2025-01-25T12:18:57","slug":"skywatcher-teleskop-startravel-80-eq1","status":"publish","type":"product","link":"https:\/\/www.teleskopshop.ch\/it\/shop\/ottica\/telescopi\/telescopio-per-principianti\/equatoriale\/skywatcher-teleskop-startravel-80-eq1\/","title":{"rendered":"Telescopio Skywatcher Startravel 80 EQ1"},"content":{"rendered":"<p>L&#8217;ottica del telescopio: i telescopi Skywatcher Startravel sono rifrattori acromatici distanziati nell&#8217;aria a 2 elementi che sono adatti per osservazioni ad ampio campo di comete, campi stellari, ammassi stellari, nebulose, galassie e pianeti pi\u00f9 luminosi, luna e sole (con un , filtro di sicurezza), ma anche osservazione terrestre di giorno se utilizzato insieme ad un prisma di Amici da 1,25&#8243; (disponibile come optional). Questo telescopio ad ampio campo con il suo tubo corto pu\u00f2 essere utilizzato anche con apertura fissa per l&#8217;astrofotografia o la fotografia terrestre. il rapporto focale veloce lo rende ideale per la fotografia della luna e delle eclissi solari, nonch\u00e9 per la fotografia naturalistica. La montatura del telescopio: questa montatura equatoriale pi\u00f9 piccola di Skywatcher corrisponde gi\u00e0 alla struttura dei modelli pi\u00f9 grandi. \u00c8 possibile utilizzare gli alberi flessibili per regolare e insegui l&#8217;oggetto nel telescopio. Per il movimento rapido puoi allentare i morsetti sugli assi Una caratteristica speciale di questa montatura \u00e8 che puoi anche usarla come una montatura azimutale e puoi anche regolare facilmente gli oggetti terrestri. Come accessorio opzionale, c&#8217;\u00e8 anche un azionamento a motore per l&#8217;asse di ascensione retta per questa montatura. Fornitura: telescopio rifrattore da 80 mm montatura Skywatcher EQ1 cercatore 6&#215;30 diagonale stellare da 1,25&#8243; Oculari: 10 mm e 25 mm 2 lenti Deluxe Barlow con adattatore per fotocamera Treppiede in alluminio con piastra di conservazione! L&#8217;alimentatore e le batterie non sono inclusi nella fornitura!<\/p>\n<p>Generale<\/p>\n<table>\n<tr>\n<td>Peso di<\/td>\n<p> spedizione <\/p>\n<td>10,1 kg<\/td>\n<\/tr>\n<\/table>\n<table>\n<tr>\n<td>Dimensioni<\/td>\n<p> spedizione <\/p>\n<td>76x37x25cm<\/td>\n<\/tr>\n<\/table>\n<p>ottica<\/p>\n<table>\n<tr>\n<td>Design<\/td>\n<td>rifrattore acromatico<\/td>\n<\/tr>\n<\/table>\n<table>\n<tr>\n<td>Lunghezza focale (mm)<\/td>\n<td>400<\/td>\n<\/tr>\n<\/table>\n<table>\n<tr>\n<td>Apertura (mm)<\/td>\n<td>80<\/td>\n<\/tr>\n<\/table>\n<table>\n<tr>\n<td>Apertura<\/td>\n<td>f:5<\/td>\n<\/tr>\n<\/table>\n<table>\n<tr>\n<td>Focheggiatore<\/td>\n<td>1,25&#8243;<\/td>\n<\/tr>\n<\/table>\n<table>\n<tr>\n<td>Peso del tubo (kg)<\/td>\n<td>1,80<\/td>\n<\/tr>\n<\/table>\n<\/td>\n<td>montare<\/p>\n<table>\n<tr>Montatura <\/p>\n<td>tipo<\/td>\n<td>EQ1 equatoriale<\/td>\n<\/tr>\n<\/table>\n<table>\n<tr>\n<td>Massimo Carico utile visivo (kg)<\/td>\n<td>3.00<\/td>\n<\/tr>\n<\/table>\n<table>\n<tr>\n<td>Peso totale della montatura (kg)<\/td>\n<td>3,50<\/td>\n<\/tr>\n<\/table>\n","protected":false},"excerpt":{"rendered":"<p>Telescopio rifrattore Skywatcher 80mm (3.1&#8243;) F\/400 con montatura EQ1 equatoriale<\/p>\n","protected":false},"featured_media":5383,"comment_status":"closed","ping_status":"open","template":"","meta":{"_acf_changed":false},"product_brand":[675],"product_cat":[1592,1340,1568,1577],"product_tag":[],"class_list":{"0":"post-61834","1":"product","2":"type-product","3":"status-publish","4":"has-post-thumbnail","6":"product_brand-skywatcher","7":"product_cat-equatoriale","8":"product_cat-ottica","9":"product_cat-telescopi","10":"product_cat-telescopio-per-principianti","12":"first","13":"instock","14":"taxable","15":"shipping-taxable","16":"purchasable","17":"product-type-simple"},"acf":[],"_links":{"self":[{"href":"https:\/\/www.teleskopshop.ch\/it\/wp-json\/wp\/v2\/product\/61834","targetHints":{"allow":["GET"]}}],"collection":[{"href":"https:\/\/www.teleskopshop.ch\/it\/wp-json\/wp\/v2\/product"}],"about":[{"href":"https:\/\/www.teleskopshop.ch\/it\/wp-json\/wp\/v2\/types\/product"}],"replies":[{"embeddable":true,"href":"https:\/\/www.teleskopshop.ch\/it\/wp-json\/wp\/v2\/comments?post=61834"}],"wp:featuredmedia":[{"embeddable":true,"href":"https:\/\/www.teleskopshop.ch\/it\/wp-json\/wp\/v2\/media\/5383"}],"wp:attachment":[{"href":"https:\/\/www.teleskopshop.ch\/it\/wp-json\/wp\/v2\/media?parent=61834"}],"wp:term":[{"taxonomy":"product_brand","embeddable":true,"href":"https:\/\/www.teleskopshop.ch\/it\/wp-json\/wp\/v2\/product_brand?post=61834"},{"taxonomy":"product_cat","embeddable":true,"href":"https:\/\/www.teleskopshop.ch\/it\/wp-json\/wp\/v2\/product_cat?post=61834"},{"taxonomy":"product_tag","embeddable":true,"href":"https:\/\/www.teleskopshop.ch\/it\/wp-json\/wp\/v2\/product_tag?post=61834"}],"curies":[{"name":"wp","href":"https:\/\/api.w.org\/{rel}","templated":true}]}}