{"id":61825,"date":"2022-05-09T00:00:00","date_gmt":"2022-05-08T22:00:00","guid":{"rendered":"https:\/\/2025.teleskopshop.ch\/shop\/senza-categoria\/skywatcher-teleskop-skymax-127-mit-eq3-pro-synscan-montierung\/"},"modified":"2025-03-03T09:18:14","modified_gmt":"2025-03-03T08:18:14","slug":"skywatcher-teleskop-skymax-127-mit-eq3-pro-synscan-montierung","status":"publish","type":"product","link":"https:\/\/www.teleskopshop.ch\/it\/shop\/ottica\/telescopi\/telescopio-per-principianti\/equatoriale\/skywatcher-teleskop-skymax-127-mit-eq3-pro-synscan-montierung\/","title":{"rendered":"Skywatcher Teleskop SkyMax 127 mit EQ3 Pro SynScan\u2122 Montierung"},"content":{"rendered":"<p>Die Optik: Dieses kompakte und leistungsstarke Sky-Watcher Maksutov Cassegrain Teleskop mit seiner hochaufl\u00f6senden mehrfachverg\u00fcteten Optik eignet sich bei mittlerer bis hoher Aufl\u00f6sung f\u00fcr die Entdeckung von Oberfl\u00e4chendetails auf dem Mond sowie f\u00fcr die Beobachtung von Planeten und Doppelsternen, es zeigt aber auch schon einige hellere Deep Sky Objekte. Zudem ist es aber auch sehr gut f\u00fcr die Naturbeobachtung einsetzbar. Montierung: Sky-Watcher bietet hier eine einfache L\u00f6sung f\u00fcr Hobbyastronomen an, die ihr kleines Teleskop auf eine bequeme Computergesteuerte Montierung setzen wollen, aber keine schwere HEQ5 oder EQ6 Montierung einsetzen m\u00f6chten. Die EQ3 Pro SynScan\u2122 Montierung verwendet das gleiche GoTo System, das in der HEQ5 und EQ6 Pro SynScan\u2122 Montierung eingesetzt wird. Es erlaubt dem Benutzer ein beliebiges Objekt einzustellen oder mit nur einem Knopfdruck eine gef\u00fchrte Tour \u00fcber den Nachthimmel zu starten. Die umfangreiche Datenbank enth\u00e4lt \u00fcber 42.900 Objekte des Nachthimmels. Die Sky-Watcher EQ3 Pro SynScan\u2122 Montierung ist das perfekte Instrument f\u00fcr den Einsteiger in die visuelle Beobachtung oder Fotografie um das neue Hobby mit minimalem Aufbau Aufwand zu genie\u00dfen und ohne sich bereits perfekt am Himmel auszukennen. Die Montierung wird mit einem Aluminium Stativ geliefert. Beachten Sie bitte: Die Motorsteuerungsbox (zu sehen links von der Handsteuerbox im Bild) wurde designed um sie an einem Stativ mit 1,75&#8243; Edelstahl Beinen zu befestigen. Sie k\u00f6nnen Sie aber mit Klettband oder \u00e4hnlichem befestigen. Lieferumfang: 127mm Maksutov Cassegrain Teleskop Leuchtpunktsucher 1,25\u201c Zenitspiegel Okulare: 10mm &#038; 25mm 2fach Barlow Linse EQ3 Pro SynScan\u2122 Montierung Stativ mit Aluminium Beinen und Ablageplatte SynScan\u2122 Handsteuerbox und Motorsteuerbox mit Kabeln Gegengewichte !Stromversorgung und Batterien sind nicht im Lieferumfang enthalten!<\/p>\n<p>Allgemein<\/p>\n<table>\n<tr>\n<td>Versandgewicht<\/td>\n<td>6.3kg \/ 18.8kg<\/td>\n<\/tr>\n<\/table>\n<table>\n<tr>\n<td>Versandgr\u00f6\u00dfe<\/td>\n<td>67x30x26cm \/ 104x45x27cm<\/td>\n<\/tr>\n<\/table>\n<p>Optik<\/p>\n<table>\n<tr>\n<td>Bauart<\/td>\n<td>Maksutov Cassegrain Spiegelteleskop<\/td>\n<\/tr>\n<\/table>\n<table>\n<tr>\n<td>Brennweite (mm)<\/td>\n<td>1500<\/td>\n<\/tr>\n<\/table>\n<table>\n<tr>\n<td>\u00d6ffnung (mm)<\/td>\n<td>127<\/td>\n<\/tr>\n<\/table>\n<table>\n<tr>\n<td>\u00d6ffnungsverh\u00e4ltnis<\/td>\n<td>f:11.8<\/td>\n<\/tr>\n<\/table>\n<table>\n<tr>\n<td>Okularauszug<\/td>\n<td>Hauptspiegelfokussierung<\/td>\n<\/tr>\n<\/table>\n<table>\n<tr>\n<td>Tubusgewicht (kg)<\/td>\n<td>3.20<\/td>\n<\/tr>\n<\/table>\n<\/td>\n<td>Montierung<\/p>\n<table>\n<tr>\n<td>Typ<\/td>\n<td>\u00c4quatoriale motorisierte Montierung<\/td>\n<\/tr>\n<\/table>\n<table>\n<tr>\n<td>GoTo<\/td>\n<td> ja <\/td>\n<\/tr>\n<\/table>\n<table>\n<tr>\n<td>Max. Zuladung visuell (kg)<\/td>\n<td>5.00<\/td>\n<\/tr>\n<\/table>\n<table>\n<tr>\n<td>Montierungsgewicht gesamt (kg)<\/td>\n<td>13.90<\/td>\n<\/tr>\n<\/table>\n","protected":false},"excerpt":{"rendered":"<p>Vielen Dank f\u00fcr Ihren Besuch bei Teleskopshop.ch. <\/p>\n<p>Es freut uns, Ihnen das Produkt <b>Skywatcher Teleskop SkyMax 127 mit EQ3 Pro SynScan\u2122 Montierung<\/b> zu den nachfolgenden Konditionen anbieten zu d\u00fcrfen.<\/p>\n","protected":false},"featured_media":5231,"comment_status":"closed","ping_status":"closed","template":"","meta":{"_acf_changed":false},"product_brand":[675],"product_cat":[1592,1340,1568,1577],"product_tag":[],"class_list":{"0":"post-61825","1":"product","2":"type-product","3":"status-publish","4":"has-post-thumbnail","6":"product_brand-skywatcher","7":"product_cat-equatoriale","8":"product_cat-ottica","9":"product_cat-telescopi","10":"product_cat-telescopio-per-principianti","12":"first","13":"instock","14":"sale","15":"taxable","16":"shipping-taxable","17":"purchasable","18":"product-type-simple"},"acf":[],"_links":{"self":[{"href":"https:\/\/www.teleskopshop.ch\/it\/wp-json\/wp\/v2\/product\/61825","targetHints":{"allow":["GET"]}}],"collection":[{"href":"https:\/\/www.teleskopshop.ch\/it\/wp-json\/wp\/v2\/product"}],"about":[{"href":"https:\/\/www.teleskopshop.ch\/it\/wp-json\/wp\/v2\/types\/product"}],"replies":[{"embeddable":true,"href":"https:\/\/www.teleskopshop.ch\/it\/wp-json\/wp\/v2\/comments?post=61825"}],"wp:featuredmedia":[{"embeddable":true,"href":"https:\/\/www.teleskopshop.ch\/it\/wp-json\/wp\/v2\/media\/5231"}],"wp:attachment":[{"href":"https:\/\/www.teleskopshop.ch\/it\/wp-json\/wp\/v2\/media?parent=61825"}],"wp:term":[{"taxonomy":"product_brand","embeddable":true,"href":"https:\/\/www.teleskopshop.ch\/it\/wp-json\/wp\/v2\/product_brand?post=61825"},{"taxonomy":"product_cat","embeddable":true,"href":"https:\/\/www.teleskopshop.ch\/it\/wp-json\/wp\/v2\/product_cat?post=61825"},{"taxonomy":"product_tag","embeddable":true,"href":"https:\/\/www.teleskopshop.ch\/it\/wp-json\/wp\/v2\/product_tag?post=61825"}],"curies":[{"name":"wp","href":"https:\/\/api.w.org\/{rel}","templated":true}]}}