{"id":61819,"date":"2022-05-09T00:00:00","date_gmt":"2022-05-08T22:00:00","guid":{"rendered":"https:\/\/2025.teleskopshop.ch\/shop\/senza-categoria\/skywatcher-teleskop-skyhawk-1145p\/"},"modified":"2025-01-25T13:26:48","modified_gmt":"2025-01-25T12:26:48","slug":"skywatcher-teleskop-skyhawk-1145p","status":"publish","type":"product","link":"https:\/\/www.teleskopshop.ch\/it\/shop\/ottica\/telescopi\/telescopio-per-principianti\/equatoriale\/skywatcher-teleskop-skyhawk-1145p\/","title":{"rendered":"Telescopio Skywatcher Skyhawk 1145P"},"content":{"rendered":"<p>L&#8217;ottica del telescopio: premiato dalla rivista Sky At Night, questo telescopio Skyhawk-1145P Skywatcher \u00e8 un&#8217;ottima scelta per i principianti pi\u00f9 esigenti e ottiene elogi anche da astronomi pi\u00f9 esperti. Con l&#8217;apertura utile di 114 mm, combinata con uno specchio parabolico di alta qualit\u00e0, questo telescopio \u00e8 un buon tuttofare per l&#8217;osservazione della luna, pianeti luminosi, nebulose, galassie e anche ammassi stellari. I telescopi Skyhawk-1145P sono dotati di uno specchio parabolico di qualit\u00e0 premium, che si trova tipicamente solo nei telescopi pi\u00f9 grandi e costosi, per eliminare gli errori sferici e fornire un&#8217;immagine pi\u00f9 nitida con contrasto pi\u00f9 elevato e dettagli pi\u00f9 ricchi. Uno specchio parabolico raccoglie tutti i raggi di luce in entrata in un punto per una messa a fuoco perfetta. Inoltre, utilizziamo montanti particolarmente sottili da 0,5 mm per appendere lo specchio secondario, il che riduce gli effetti di diffrazione e le perdite di luce. La montatura del telescopio: questa montatura equatoriale pi\u00f9 piccola di Skywatcher corrisponde gi\u00e0 ai modelli pi\u00f9 grandi in termini di struttura. \u00c8 possibile utilizzare gli alberi flessibili per regolare e tracciare l&#8217;oggetto nel telescopio. \u00c8 possibile allentare i morsetti sugli assi per un rapido spostamento. Come accessorio opzionale, c&#8217;\u00e8 anche un azionamento a motore per l&#8217;asse di ascensione retta per questa montatura. Fornitura: telescopio newtoniano da 114 mm Montatura Sky-Watcher EQ1 Mirino a punto rosso Oculari: 10 mm e 25 mm 2 lenti di Barlow Treppiede in alluminio con piastra di conservazione Alimentatore e batterie non sono inclusi nella fornitura!<\/p>\n<p>Generale<\/p>\n<table>\n<tr>\n<td>Peso<\/td>\n<p> di spedizione <\/p>\n<td>11,4 kg<\/td>\n<\/tr>\n<\/table>\n<table>\n<tr>\n<td>Dimensioni<\/td>\n<p> spedizione <\/p>\n<td>83&#215;39,5&#215;26 cm<\/td>\n<\/tr>\n<\/table>\n<p>ottica<\/p>\n<table>\n<tr>\n<td>Tipo<\/td>\n<td>Newton \/ telescopio riflettore<\/td>\n<\/tr>\n<\/table>\n<table>\n<tr>\n<td>Lunghezza focale (mm)<\/td>\n<td>500<\/td>\n<\/tr>\n<\/table>\n<table>\n<tr>\n<td>Apertura (mm)<\/td>\n<td>114<\/td>\n<\/tr>\n<\/table>\n<table>\n<tr>\n<td>Apertura<\/td>\n<td>f:4.4<\/td>\n<\/tr>\n<\/table>\n<table>\n<tr>\n<td>Focheggiatore<\/td>\n<td>1,25&#8243;<\/td>\n<\/tr>\n<\/table>\n<table>\n<tr>\n<td>Peso tubo (kg)<\/td>\n<td>2,00<\/td>\n<\/tr>\n<\/table>\n<\/td>\n<td>montare<\/p>\n<table>\n<tr>\n<td>Tipo<\/td>\n<td>Montatura equatoriale manuale<\/td>\n<\/tr>\n<\/table>\n<table>\n<tr>\n<td>Max. Carico utile visivo (kg)<\/td>\n<td>3.00<\/td>\n<\/tr>\n<\/table>\n<table>\n<tr>\n<td>Peso totale della montatura (kg)<\/td>\n<td>3,50<\/td>\n<\/tr>\n<\/table>\n","protected":false},"excerpt":{"rendered":"<p>Telescopio a specchio Skywatcher 114mm (4.5&#8243;) F\/500 Newton con specchio parabolico e montatura EQ1<\/p>\n","protected":false},"featured_media":5367,"comment_status":"closed","ping_status":"open","template":"","meta":{"_acf_changed":false},"product_brand":[675],"product_cat":[1592,1340,1568,1577],"product_tag":[],"class_list":{"0":"post-61819","1":"product","2":"type-product","3":"status-publish","4":"has-post-thumbnail","6":"product_brand-skywatcher","7":"product_cat-equatoriale","8":"product_cat-ottica","9":"product_cat-telescopi","10":"product_cat-telescopio-per-principianti","12":"first","13":"instock","14":"taxable","15":"shipping-taxable","16":"purchasable","17":"product-type-simple"},"acf":[],"_links":{"self":[{"href":"https:\/\/www.teleskopshop.ch\/it\/wp-json\/wp\/v2\/product\/61819","targetHints":{"allow":["GET"]}}],"collection":[{"href":"https:\/\/www.teleskopshop.ch\/it\/wp-json\/wp\/v2\/product"}],"about":[{"href":"https:\/\/www.teleskopshop.ch\/it\/wp-json\/wp\/v2\/types\/product"}],"replies":[{"embeddable":true,"href":"https:\/\/www.teleskopshop.ch\/it\/wp-json\/wp\/v2\/comments?post=61819"}],"wp:featuredmedia":[{"embeddable":true,"href":"https:\/\/www.teleskopshop.ch\/it\/wp-json\/wp\/v2\/media\/5367"}],"wp:attachment":[{"href":"https:\/\/www.teleskopshop.ch\/it\/wp-json\/wp\/v2\/media?parent=61819"}],"wp:term":[{"taxonomy":"product_brand","embeddable":true,"href":"https:\/\/www.teleskopshop.ch\/it\/wp-json\/wp\/v2\/product_brand?post=61819"},{"taxonomy":"product_cat","embeddable":true,"href":"https:\/\/www.teleskopshop.ch\/it\/wp-json\/wp\/v2\/product_cat?post=61819"},{"taxonomy":"product_tag","embeddable":true,"href":"https:\/\/www.teleskopshop.ch\/it\/wp-json\/wp\/v2\/product_tag?post=61819"}],"curies":[{"name":"wp","href":"https:\/\/api.w.org\/{rel}","templated":true}]}}