{"id":61805,"date":"2022-05-09T00:00:00","date_gmt":"2022-05-08T22:00:00","guid":{"rendered":"https:\/\/2025.teleskopshop.ch\/shop\/senza-categoria\/skywatcher-teleskop-explorer-130p\/"},"modified":"2025-01-25T13:26:29","modified_gmt":"2025-01-25T12:26:29","slug":"skywatcher-teleskop-explorer-130p","status":"publish","type":"product","link":"https:\/\/www.teleskopshop.ch\/it\/shop\/ottica\/telescopi\/telescopio-per-principianti\/equatoriale\/skywatcher-teleskop-explorer-130p\/","title":{"rendered":"Skywatcher Telescopio Explorer 130P"},"content":{"rendered":"<p>L&#8217;ottica del telescopio: il telescopio newtoniano Skywatcher Explorer-130P \u00e8 un&#8217;ottima scelta per i principianti pi\u00f9 esigenti e ottiene elogi anche dagli astronomi pi\u00f9 esperti. Con l&#8217;apertura utile di 130 mm, combinata con uno specchio parabolico di alta qualit\u00e0, questo telescopio \u00e8 un buon tuttofare per l&#8217;osservazione della luna, pianeti luminosi, nebulose, galassie e anche ammassi stellari. I telescopi Explorer-130P sono dotati di uno specchio parabolico di qualit\u00e0 premium, normalmente presente solo nei telescopi pi\u00f9 grandi e costosi, per eliminare gli errori sferici e fornire un&#8217;immagine pi\u00f9 nitida con contrasto pi\u00f9 elevato e dettagli pi\u00f9 ricchi. Uno specchio parabolico raccoglie tutti i raggi di luce in entrata in un punto per una messa a fuoco perfetta. Inoltre, utilizziamo montanti particolarmente sottili da 0,5 mm per appendere lo specchio secondario, il che riduce gli effetti di diffrazione e le perdite di luce. Il supporto del telescopio: il supporto equatoriale EQ2 ti consente di tracciare facilmente un oggetto utilizzando gli alberi flessibili una volta allineato con Polaris. Fornitura: telescopio newtoniano da 130 mm montatura Sky-Watcher EQ2 Mirino a punto rosso Oculari: treppiede in alluminio da 10 mm e 25 mm con piastra di appoggio Alimentatore e batterie non sono inclusi nella fornitura!<\/p>\n<p>Generale<\/p>\n<table>\n<tr>\n<td>Peso<\/td>\n<p> di spedizione <\/p>\n<td>18,6 kg<\/td>\n<\/tr>\n<\/table>\n<table>\n<tr>\n<td>Dimensioni<\/td>\n<p> di spedizione <\/p>\n<td>106&#215;50,5&#215;28 cm<\/td>\n<\/tr>\n<\/table>\n<p>ottica<\/p>\n<table>\n<tr>\n<td>Tipo<\/td>\n<td>Newton \/ telescopio riflettore<\/td>\n<\/tr>\n<\/table>\n<table>\n<tr>\n<td>Lunghezza focale (mm)<\/td>\n<td>650<\/td>\n<\/tr>\n<\/table>\n<table>\n<tr>\n<td>Apertura (mm)<\/td>\n<td>130<\/td>\n<\/tr>\n<\/table>\n<table>\n<tr>\n<td>Apertura<\/td>\n<td>f:5<\/td>\n<\/tr>\n<\/table>\n<table>\n<tr>\n<td>Focheggiatore<\/td>\n<td>1,25&#8243;<\/td>\n<\/tr>\n<\/table>\n<table>\n<tr>\n<td>Peso tubo (kg)<\/td>\n<td>3,00<\/td>\n<\/tr>\n<\/table>\n<\/td>\n<td>montare<\/p>\n<table>\n<tr>\n<td>Tipo<\/td>\n<td>Montatura equatoriale manuale<\/td>\n<\/tr>\n<\/table>\n<table>\n<tr>\n<td>Max. Carico utile visivo (kg)<\/td>\n<td>4.00<\/td>\n<\/tr>\n<\/table>\n<table>\n<tr>\n<td>Peso totale della montatura (kg)<\/td>\n<td>7,00<\/td>\n<\/tr>\n<\/table>\n","protected":false},"excerpt":{"rendered":"<p>Telescopio a specchio Skywatcher 130mm (5.1&#8243;) F\/650 Newton con specchio parabolico e montatura EQ2<\/p>\n","protected":false},"featured_media":5359,"comment_status":"closed","ping_status":"open","template":"","meta":{"_acf_changed":false},"product_brand":[675],"product_cat":[1592,1340,1568,1577],"product_tag":[],"class_list":{"0":"post-61805","1":"product","2":"type-product","3":"status-publish","4":"has-post-thumbnail","6":"product_brand-skywatcher","7":"product_cat-equatoriale","8":"product_cat-ottica","9":"product_cat-telescopi","10":"product_cat-telescopio-per-principianti","12":"first","13":"instock","14":"taxable","15":"shipping-taxable","16":"purchasable","17":"product-type-simple"},"acf":[],"_links":{"self":[{"href":"https:\/\/www.teleskopshop.ch\/it\/wp-json\/wp\/v2\/product\/61805","targetHints":{"allow":["GET"]}}],"collection":[{"href":"https:\/\/www.teleskopshop.ch\/it\/wp-json\/wp\/v2\/product"}],"about":[{"href":"https:\/\/www.teleskopshop.ch\/it\/wp-json\/wp\/v2\/types\/product"}],"replies":[{"embeddable":true,"href":"https:\/\/www.teleskopshop.ch\/it\/wp-json\/wp\/v2\/comments?post=61805"}],"wp:featuredmedia":[{"embeddable":true,"href":"https:\/\/www.teleskopshop.ch\/it\/wp-json\/wp\/v2\/media\/5359"}],"wp:attachment":[{"href":"https:\/\/www.teleskopshop.ch\/it\/wp-json\/wp\/v2\/media?parent=61805"}],"wp:term":[{"taxonomy":"product_brand","embeddable":true,"href":"https:\/\/www.teleskopshop.ch\/it\/wp-json\/wp\/v2\/product_brand?post=61805"},{"taxonomy":"product_cat","embeddable":true,"href":"https:\/\/www.teleskopshop.ch\/it\/wp-json\/wp\/v2\/product_cat?post=61805"},{"taxonomy":"product_tag","embeddable":true,"href":"https:\/\/www.teleskopshop.ch\/it\/wp-json\/wp\/v2\/product_tag?post=61805"}],"curies":[{"name":"wp","href":"https:\/\/api.w.org\/{rel}","templated":true}]}}