{"id":61790,"date":"2022-05-09T00:00:00","date_gmt":"2022-05-08T22:00:00","guid":{"rendered":"https:\/\/2025.teleskopshop.ch\/shop\/senza-categoria\/skywatcher-teleskop-capricorn-70-eq1\/"},"modified":"2025-01-25T13:18:59","modified_gmt":"2025-01-25T12:18:59","slug":"skywatcher-teleskop-capricorn-70-eq1","status":"publish","type":"product","link":"https:\/\/www.teleskopshop.ch\/it\/shop\/ottica\/telescopi\/telescopio-per-principianti\/equatoriale\/skywatcher-teleskop-capricorn-70-eq1\/","title":{"rendered":"Telescopio Skywatcher Capricorn 70 EQ1"},"content":{"rendered":"<p>L&#8217;ottica del telescopio: Il telescopio rifrattore Skywatcher Capricorn-70 \u00e8 un classico rifrattore acromatico a 2 elementi con traferro di ottima qualit\u00e0 ed \u00e8 quindi una scelta eccellente per gli astronomi principianti interessati. Consente viste memorabili della luna, delle stelle, degli ammassi stellari, dei pianeti luminosi, delle nebulose e delle galassie. La montatura del telescopio: questa montatura equatoriale pi\u00f9 piccola di Skywatcher corrisponde gi\u00e0 ai modelli pi\u00f9 grandi in termini di struttura. \u00c8 possibile utilizzare gli alberi flessibili per regolare e tracciare l&#8217;oggetto nel telescopio. \u00c8 possibile allentare i morsetti sugli assi per un rapido spostamento. Una caratteristica speciale di questa montatura \u00e8 che puoi anche usarla come una montatura azimutale e puoi anche regolare facilmente gli oggetti terrestri. Come accessorio opzionale, c&#8217;\u00e8 anche un azionamento a motore per l&#8217;asse di ascensione retta per questa montatura. Fornitura: telescopio rifrattore da 70 mm Montatura Skywatcher EQ1 Mirino a punto rosso Diagonale a stella da 1,25&#8243; Oculari: 10 mm e 25 mm 2 lenti di Barlow Treppiede in alluminio con piastra di conservazione! Alimentazione e batterie non sono incluse nella fornitura!<br \/>\nGenerale<\/p>\n<table>\n<tbody>\n<tr>\n<td>Peso di spedizione<\/td>\n<td>10,8 kg<\/td>\n<\/tr>\n<\/tbody>\n<\/table>\n<table>\n<tbody>\n<tr>\n<td>Dimensione di spedizione<\/td>\n<td>110&#215;31,5&#215;25,5 centimetri<\/td>\n<\/tr>\n<\/tbody>\n<\/table>\n<p>ottica<\/p>\n<table>\n<tbody>\n<tr>\n<td>Disegno<\/td>\n<td>Rifrattore acromatico<\/td>\n<\/tr>\n<\/tbody>\n<\/table>\n<table>\n<tbody>\n<tr>\n<td>Lunghezza focale (mm)<\/td>\n<td>900<\/td>\n<\/tr>\n<\/tbody>\n<\/table>\n<table>\n<tbody>\n<tr>\n<td>Apertura (mm)<\/td>\n<td>70<\/td>\n<\/tr>\n<\/tbody>\n<\/table>\n<table>\n<tbody>\n<tr>\n<td>Rapporto focale<\/td>\n<td>Q:12.8<\/td>\n<\/tr>\n<\/tbody>\n<\/table>\n<table>\n<tbody>\n<tr>\n<td>Focheggiatore<\/td>\n<td>1.25&#8243;<\/td>\n<\/tr>\n<\/tbody>\n<\/table>\n<table>\n<tbody>\n<tr>\n<td>Peso del tubo (kg)<\/td>\n<td>1.70<\/td>\n<\/tr>\n<\/tbody>\n<\/table>\n<p>montare<\/p>\n<table>\n<tbody>\n<tr>\n<td>Tipo<\/td>\n<td>Montaggio manuale equatoriale EQ1<\/td>\n<\/tr>\n<\/tbody>\n<\/table>\n<table>\n<tbody>\n<tr>\n<td>Massimo Carico utile visivo (kg)<\/td>\n<td>3.00<\/td>\n<\/tr>\n<\/tbody>\n<\/table>\n<table>\n<tbody>\n<tr>\n<td>Peso totale di montaggio (kg)<\/td>\n<td>3.50<\/td>\n<\/tr>\n<\/tbody>\n<\/table>\n","protected":false},"excerpt":{"rendered":"<p>Telescopio rifrattore Skywatcher 70mm (2.75&#8243;) F\/900 con montatura EQ1 equatoriale<\/p>\n","protected":false},"featured_media":5339,"comment_status":"closed","ping_status":"open","template":"","meta":{"_acf_changed":false},"product_brand":[675],"product_cat":[1592,1340,1568,1577],"product_tag":[],"class_list":{"0":"post-61790","1":"product","2":"type-product","3":"status-publish","4":"has-post-thumbnail","6":"product_brand-skywatcher","7":"product_cat-equatoriale","8":"product_cat-ottica","9":"product_cat-telescopi","10":"product_cat-telescopio-per-principianti","12":"first","13":"instock","14":"taxable","15":"shipping-taxable","16":"purchasable","17":"product-type-simple"},"acf":[],"_links":{"self":[{"href":"https:\/\/www.teleskopshop.ch\/it\/wp-json\/wp\/v2\/product\/61790","targetHints":{"allow":["GET"]}}],"collection":[{"href":"https:\/\/www.teleskopshop.ch\/it\/wp-json\/wp\/v2\/product"}],"about":[{"href":"https:\/\/www.teleskopshop.ch\/it\/wp-json\/wp\/v2\/types\/product"}],"replies":[{"embeddable":true,"href":"https:\/\/www.teleskopshop.ch\/it\/wp-json\/wp\/v2\/comments?post=61790"}],"wp:featuredmedia":[{"embeddable":true,"href":"https:\/\/www.teleskopshop.ch\/it\/wp-json\/wp\/v2\/media\/5339"}],"wp:attachment":[{"href":"https:\/\/www.teleskopshop.ch\/it\/wp-json\/wp\/v2\/media?parent=61790"}],"wp:term":[{"taxonomy":"product_brand","embeddable":true,"href":"https:\/\/www.teleskopshop.ch\/it\/wp-json\/wp\/v2\/product_brand?post=61790"},{"taxonomy":"product_cat","embeddable":true,"href":"https:\/\/www.teleskopshop.ch\/it\/wp-json\/wp\/v2\/product_cat?post=61790"},{"taxonomy":"product_tag","embeddable":true,"href":"https:\/\/www.teleskopshop.ch\/it\/wp-json\/wp\/v2\/product_tag?post=61790"}],"curies":[{"name":"wp","href":"https:\/\/api.w.org\/{rel}","templated":true}]}}