{"id":61787,"date":"2022-05-09T00:00:00","date_gmt":"2022-05-08T22:00:00","guid":{"rendered":"https:\/\/2025.teleskopshop.ch\/shop\/senza-categoria\/skywatcher-teleskop-stargate-500p-synscan-truss-tube-dobson\/"},"modified":"2025-09-05T17:03:34","modified_gmt":"2025-09-05T15:03:34","slug":"skywatcher-teleskop-stargate-500p-synscan-truss-tube-dobson","status":"publish","type":"product","link":"https:\/\/www.teleskopshop.ch\/it\/shop\/ottica\/telescopi\/dobsen-it\/skywatcher-teleskop-stargate-500p-synscan-truss-tube-dobson\/","title":{"rendered":"Skywatcher Teleskop Stargate 500P SynScan Truss Tube Dobson"},"content":{"rendered":"<p>Sky-Watcher STARGATE Dobson Teleskope, mit ihrer enormen Lichtsammelleistung, f\u00fcr den &#8220;WOW&#8221; Effekt bei der visuellen Astronomie und einer au\u00dfergew\u00f6hnlichen Leistung bei der Beobachtung von Deepsky Objekten und Planeten. Das elegante und robuste Gitterrohr Design macht einen einfachen Transport im zerlegten Zustand m\u00f6glich und kann in nur 20 Minuten aufgebaut werden. Die Montierung bietet eine automatische Nachf\u00fchrung des Teleskopes und GoTo zu 42.900 Objekten des Nachthimmels mit der Sky-Watcher SynScan Handsteuerbox mit der umfangreichen Datenbank. Das Teleskop ist mit der &#8220;Freedom-Find\u2122&#8221; Doppel-Encoder Technologie ausgestattet, die es erm\u00f6glicht das Teleskop von Hand zu bewegen, ohne die Positionsdaten zu verlieren. Das gibt dem Benutzer enorme Freiheit w\u00e4hrend der Beobachtungssitzungen. Bewegen Sie das Teleskop einfach ungef\u00e4hr an die Position des gew\u00fcnschten Objektes und lassen Sie den Computer den Rest erledigen! Lieferumfang: 508mm Stargate Newton Teleskoptubus GoTo Dobson Montierung SynScan Handsteuerbox Lichtschutzh\u00fclle 2\u201c Crayford Okularauszug mit 10:1 Untersetzung und 1,25\u201c Adapter 9&#215;50 Sucher Okulare: 10mm (1.25&#8243;) &amp; 28mm (2&#8243;) Justage Okular !Stromversorgung und Batterien sind nicht im Lieferumfang enthalten!<br \/>\nAllgemein<\/p>\n<table>\n<tbody>\n<tr>\n<td>Versandgewicht<\/td>\n<td>16.3kg \/ 29kg \/ 42kg \/ 22.1kg<\/td>\n<\/tr>\n<\/tbody>\n<\/table>\n<table>\n<tbody>\n<tr>\n<td>Versandgr\u00f6\u00dfe<\/td>\n<td>90 x 90 x 40cm \/ 81 x 76 x 35cm \/ 95 x 85 x 45cm \/ 109 x 51 x 25cm<\/td>\n<\/tr>\n<\/tbody>\n<\/table>\n<p>Optik<\/p>\n<table>\n<tbody>\n<tr>\n<td>Bauart<\/td>\n<td>Newton \/ Spiegelteleskop<\/td>\n<\/tr>\n<\/tbody>\n<\/table>\n<table>\n<tbody>\n<tr>\n<td>Brennweite (mm)<\/td>\n<td>2000<\/td>\n<\/tr>\n<\/tbody>\n<\/table>\n<table>\n<tbody>\n<tr>\n<td>\u00d6ffnung (mm)<\/td>\n<td>508<\/td>\n<\/tr>\n<\/tbody>\n<\/table>\n<table>\n<tbody>\n<tr>\n<td>\u00d6ffnungsverh\u00e4ltnis<\/td>\n<td>f:4<\/td>\n<\/tr>\n<\/tbody>\n<\/table>\n<table>\n<tbody>\n<tr>\n<td>Okularauszug<\/td>\n<td>2&#8243; Crayford Okularauszug mit 10:1 Untersetzung<\/td>\n<\/tr>\n<\/tbody>\n<\/table>\n<p>Montierung<\/p>\n<table>\n<tbody>\n<tr>\n<td>Typ<\/td>\n<td>Azimutale Dobson Montierung<\/td>\n<\/tr>\n<\/tbody>\n<\/table>\n<table>\n<tbody>\n<tr>\n<td>GoTo<\/td>\n<td>ja<\/td>\n<\/tr>\n<\/tbody>\n<\/table>\n","protected":false},"excerpt":{"rendered":"<p>Vielen Dank f\u00fcr Ihren Besuch bei Teleskopshop.ch. <\/p>\n<p>Es freut uns, Ihnen das Produkt <b>Skywatcher Teleskop Stargate 500P SynScan Truss Tube Dobson<\/b> zu den nachfolgenden Konditionen anbieten zu d\u00fcrfen.<\/p>\n","protected":false},"featured_media":5579,"comment_status":"closed","ping_status":"closed","template":"","meta":{"_acf_changed":false},"product_brand":[675],"product_cat":[1574,1340,1568],"product_tag":[],"class_list":{"0":"post-61787","1":"product","2":"type-product","3":"status-publish","4":"has-post-thumbnail","6":"product_brand-skywatcher","7":"product_cat-dobsen-it","8":"product_cat-ottica","9":"product_cat-telescopi","11":"first","12":"instock","13":"sale","14":"taxable","15":"shipping-taxable","16":"purchasable","17":"product-type-simple"},"acf":[],"_links":{"self":[{"href":"https:\/\/www.teleskopshop.ch\/it\/wp-json\/wp\/v2\/product\/61787","targetHints":{"allow":["GET"]}}],"collection":[{"href":"https:\/\/www.teleskopshop.ch\/it\/wp-json\/wp\/v2\/product"}],"about":[{"href":"https:\/\/www.teleskopshop.ch\/it\/wp-json\/wp\/v2\/types\/product"}],"replies":[{"embeddable":true,"href":"https:\/\/www.teleskopshop.ch\/it\/wp-json\/wp\/v2\/comments?post=61787"}],"wp:featuredmedia":[{"embeddable":true,"href":"https:\/\/www.teleskopshop.ch\/it\/wp-json\/wp\/v2\/media\/5579"}],"wp:attachment":[{"href":"https:\/\/www.teleskopshop.ch\/it\/wp-json\/wp\/v2\/media?parent=61787"}],"wp:term":[{"taxonomy":"product_brand","embeddable":true,"href":"https:\/\/www.teleskopshop.ch\/it\/wp-json\/wp\/v2\/product_brand?post=61787"},{"taxonomy":"product_cat","embeddable":true,"href":"https:\/\/www.teleskopshop.ch\/it\/wp-json\/wp\/v2\/product_cat?post=61787"},{"taxonomy":"product_tag","embeddable":true,"href":"https:\/\/www.teleskopshop.ch\/it\/wp-json\/wp\/v2\/product_tag?post=61787"}],"curies":[{"name":"wp","href":"https:\/\/api.w.org\/{rel}","templated":true}]}}