{"id":61769,"date":"2022-05-09T00:00:00","date_gmt":"2022-05-08T22:00:00","guid":{"rendered":"https:\/\/2025.teleskopshop.ch\/shop\/senza-categoria\/skywatcher-teleskop-skyliner-350p-flextube-dobson\/"},"modified":"2025-09-05T18:00:01","modified_gmt":"2025-09-05T16:00:01","slug":"skywatcher-teleskop-skyliner-350p-flextube-dobson","status":"publish","type":"product","link":"https:\/\/www.teleskopshop.ch\/it\/shop\/ottica\/telescopi\/dobsen-it\/skywatcher-teleskop-skyliner-350p-flextube-dobson\/","title":{"rendered":"Skywatcher Teleskop Skyliner 350P Flextube Dobson"},"content":{"rendered":"<p>Die Teleskop Optik: Das Skywatcher Skyliner-350P Flextube Dobson Teleskop enth\u00e4lt eine 355mm parabolische Newton Optik. Mit der gro\u00dfen \u00d6ffnung ist sie sehr gut geeignet um auch schw\u00e4chere Deep Sky Objekte in hoher Aufl\u00f6sung und Kontrast beobachten zu k\u00f6nnen. Aber auch Planeten, Mond und alle anderen astronomischen Objekte des Nachthimmels bereiten viel Freude. Die Teleskop Montierung: Die Kombination der Leistung des gro\u00dfen Teleskop Tubus mit dem besonders gut transportablen, patentierten, zusammenschiebbaren FlexTube Design erm\u00f6glicht es Ihnen ein Leistungsstarkes Teleskop \u00fcberall einzusetzen. Dobson Teleskope haben ein unglaublich gutes Preis-Leistungsverh\u00e4ltnis. Die Dobson Montierung wurde von John Dobson in den 1970er Jahren eingef\u00fchrt und ist eine einfache aber effiziente Methode, ein Newton Teleskop azimutal zu montieren. Es ist einfach und schnell aufzubauen und erlaubt eine Bewegung in Altitude (H\u00f6he) und Azimut. Das Geheimnis der Montierung ist dabei die exakte Balance des Teleskopes und die Verwendung von speziellen Materialien f\u00fcr die Friktion die eine leichte, sanfte Bewegung zulassen und das Teleskop sicher im Stillstand halten. Diese Montierung wurde f\u00fcr die Bewegung von Hand entwickelt. Sky-Watcher Dobson Teleskope bieten eine excellente Performance bei der Beobachtung von Mond, Planeten und Deep Sky Objekten wie Galaxien und Nebeln. Lieferumfang: 355mm Flextube Newton Teleskoptubus Dobson Montierung mit Zubeh\u00f6rablage 2\u201c Crayford Okularauszug mit 10:1 Untersetzung, 1,25\u201c Adapter und Kameraanschlu\u00df 9&#215;50 Sucher Okulare: 10mm &#038; 25mm !Stromversorgung und Batterien sind nicht im Lieferumfang enthalten!<\/p>\n<p>Allgemein<\/p>\n<table>\n<tr>\n<td>Versandgewicht<\/td>\n<td>77.8kg<\/td>\n<\/tr>\n<\/table>\n<table>\n<tr>\n<td>Versandgr\u00f6\u00dfe<\/td>\n<td>56x111x62cm \/ 55x55x26cm \/ 93x92x18cm<\/td>\n<\/tr>\n<\/table>\n<p>Optik<\/p>\n<table>\n<tr>\n<td>Bauart<\/td>\n<td>Newton \/ Spiegelteleskop<\/td>\n<\/tr>\n<\/table>\n<table>\n<tr>\n<td>Brennweite (mm)<\/td>\n<td>1600<\/td>\n<\/tr>\n<\/table>\n<table>\n<tr>\n<td>\u00d6ffnung (mm)<\/td>\n<td>355<\/td>\n<\/tr>\n<\/table>\n<table>\n<tr>\n<td>\u00d6ffnungsverh\u00e4ltnis<\/td>\n<td>f:4.5<\/td>\n<\/tr>\n<\/table>\n<table>\n<tr>\n<td>Okularauszug<\/td>\n<td>2&#8243; Crayford Fokussierer mit 10:1 Untersetzung<\/td>\n<\/tr>\n<\/table>\n<table>\n<tr>\n<td>Tubusgewicht (kg)<\/td>\n<td>23.50<\/td>\n<\/tr>\n<\/table>\n<\/td>\n<td>Montierung<\/p>\n<table>\n<tr>\n<td>Typ<\/td>\n<td>Azimutale Dobson Montierung<\/td>\n<\/tr>\n<\/table>\n<table>\n<tr>\n<td>Montierungsgewicht gesamt (kg)<\/td>\n<td>33.50<\/td>\n<\/tr>\n<\/table>\n","protected":false},"excerpt":{"rendered":"<p>Vielen Dank f\u00fcr Ihren Besuch bei Teleskopshop.ch. <\/p>\n<p>Es freut uns, Ihnen das Produkt <b>Skywatcher Teleskop Skyliner 350P Flextube Dobson<\/b> zu den nachfolgenden Konditionen anbieten zu d\u00fcrfen.<\/p>\n","protected":false},"featured_media":5555,"comment_status":"closed","ping_status":"closed","template":"","meta":{"_acf_changed":false},"product_brand":[675],"product_cat":[1574,1340,1568],"product_tag":[],"class_list":{"0":"post-61769","1":"product","2":"type-product","3":"status-publish","4":"has-post-thumbnail","6":"product_brand-skywatcher","7":"product_cat-dobsen-it","8":"product_cat-ottica","9":"product_cat-telescopi","11":"first","12":"instock","13":"sale","14":"taxable","15":"shipping-taxable","16":"purchasable","17":"product-type-simple"},"acf":[],"_links":{"self":[{"href":"https:\/\/www.teleskopshop.ch\/it\/wp-json\/wp\/v2\/product\/61769","targetHints":{"allow":["GET"]}}],"collection":[{"href":"https:\/\/www.teleskopshop.ch\/it\/wp-json\/wp\/v2\/product"}],"about":[{"href":"https:\/\/www.teleskopshop.ch\/it\/wp-json\/wp\/v2\/types\/product"}],"replies":[{"embeddable":true,"href":"https:\/\/www.teleskopshop.ch\/it\/wp-json\/wp\/v2\/comments?post=61769"}],"wp:featuredmedia":[{"embeddable":true,"href":"https:\/\/www.teleskopshop.ch\/it\/wp-json\/wp\/v2\/media\/5555"}],"wp:attachment":[{"href":"https:\/\/www.teleskopshop.ch\/it\/wp-json\/wp\/v2\/media?parent=61769"}],"wp:term":[{"taxonomy":"product_brand","embeddable":true,"href":"https:\/\/www.teleskopshop.ch\/it\/wp-json\/wp\/v2\/product_brand?post=61769"},{"taxonomy":"product_cat","embeddable":true,"href":"https:\/\/www.teleskopshop.ch\/it\/wp-json\/wp\/v2\/product_cat?post=61769"},{"taxonomy":"product_tag","embeddable":true,"href":"https:\/\/www.teleskopshop.ch\/it\/wp-json\/wp\/v2\/product_tag?post=61769"}],"curies":[{"name":"wp","href":"https:\/\/api.w.org\/{rel}","templated":true}]}}