{"id":61668,"date":"2022-05-09T00:00:00","date_gmt":"2022-05-08T22:00:00","guid":{"rendered":"https:\/\/2025.teleskopshop.ch\/shop\/senza-categoria\/helios-fernglas-nitrosport-8x34\/"},"modified":"2025-01-25T13:18:03","modified_gmt":"2025-01-25T12:18:03","slug":"helios-fernglas-nitrosport-8x34","status":"publish","type":"product","link":"https:\/\/www.teleskopshop.ch\/it\/shop\/ottica\/binocoli-e-occhiali-da-opera\/binocoli\/binocolo-helios\/helios-fernglas-nitrosport-8x34\/","title":{"rendered":"Binocolo Helios Nitrosport 8&#215;34"},"content":{"rendered":"<p>Il nuovo binocolo Helios Nitrosport con prisma a tetto ha un moderno design a ponte aperto, che li rende leggeri e facili da usare. \u00c8 ottimo per il birdwatching ma adatto anche per attivit\u00e0 di osservazione generale. Il vetro \u00e8 dotato di prismi BaK-4 di alta qualit\u00e0 e ottiche completamente multistrato. I prismi sono a correzione di fase e rivestiti in argento per una migliore trasmissione della luce e contrasto. Il binocolo \u00e8 impermeabile e riempito di azoto per una visione chiara e senza appannamento. Gli oculari sono regolabili e adatti a chi porta gli occhiali. All&#8217;esterno, il binocolo Helios ha un&#8217;armatura protettiva in gomma. Il binocolo \u00e8 dotato di una filettatura per treppiede e viene fornito con una tracolla, cappucci per oculari e custodia morbida per il trasporto. Fornitura: 8&#215;34 binocolo coprioculari borsa tracolla per il trasporto Alimentatore e batterie non inclusi!<\/p>\n<p>Generale<\/p>\n<table>\n<tr>\n<td>Peso<\/td>\n<p> di spedizione <\/p>\n<td>0,7 kg<\/td>\n<\/tr>\n<\/table>\n<table>\n<tr>\n<td>Dimensioni<\/td>\n<p> spedizione <\/p>\n<td>16x15x8cm<\/td>\n<\/tr>\n<\/table>\n<p>osservazione della natura<\/p>\n<table>\n<tr>\n<td>Tipo<\/td>\n<td>binocolo con prisma a tetto<\/td>\n<\/tr>\n<\/table>\n<table>\n<tr>\n<td>Ingrandimento<\/td>\n<td>8x<\/td>\n<\/tr>\n<\/table>\n<table>\n<tr>\n<td>Diametro lente obiettivo (mm)<\/td>\n<td>34<\/td>\n<\/tr>\n<\/table>\n<table>\n<tr>\n<td>Pupilla di uscita (mm)<\/td>\n<td>4,25<\/td>\n<\/tr>\n<\/table>\n<table>\n<tr>Sistema di messa a fuoco <\/p>\n<td>Messa a<\/td>\n<td>fuoco centrale<\/td>\n<\/tr>\n<\/table>\n<table>\n<tr>Tipi di prismi di <\/p>\n<td>vetro<\/td>\n<td>BaK-4<\/td>\n<\/tr>\n<\/table>\n<table>\n<tr>\n<td>Twilight<\/td>\n<td>numero 16.49<\/td>\n<\/tr>\n<\/table>\n<table>\n<tr>\n<td>Intensit\u00e0<\/td>\n<p> luminosa <\/p>\n<td>18.06<\/td>\n<\/tr>\n<\/table>\n<table>\n<tr>\n<td>Rivestimento Lenti Rivestimento<\/td>\n<td>Multistrato<\/td>\n<\/tr>\n<\/table>\n<table>\n<tr>\n<td>Estrazione oculare all&#8217;oculare (mm)<\/td>\n<td>17.00<\/td>\n<\/tr>\n<\/table>\n<table>\n<tr>Campo <\/p>\n<td>visivo a 1000m<\/td>\n<td>124m<\/td>\n<\/tr>\n<\/table>\n<table>\n<tr>\n<td>Distanza minima di messa a fuoco (m)<\/td>\n<td>4,00<\/td>\n<\/tr>\n<\/table>\n<table>\n<tr>\n<td>A prova di schizzi<\/td>\n<td>s\u00ec<\/td>\n<\/tr>\n<\/table>\n<table>\n<tr>\n<td>Riempimento di azoto (s\u00ec \/ no)<\/td>\n<td>s\u00ec<\/td>\n<\/tr>\n<\/table>\n","protected":false},"excerpt":{"rendered":"<p>Binocolo Helios waterproof 8x con ponte aperto<\/p>\n","protected":false},"featured_media":6407,"comment_status":"closed","ping_status":"open","template":"","meta":{"_acf_changed":false},"product_brand":[682],"product_cat":[1346,1343,1358,1340],"product_tag":[],"class_list":{"0":"post-61668","1":"product","2":"type-product","3":"status-publish","4":"has-post-thumbnail","6":"product_brand-helios","7":"product_cat-binocoli","8":"product_cat-binocoli-e-occhiali-da-opera","9":"product_cat-binocolo-helios","10":"product_cat-ottica","12":"first","13":"instock","14":"taxable","15":"shipping-taxable","16":"purchasable","17":"product-type-simple"},"acf":[],"_links":{"self":[{"href":"https:\/\/www.teleskopshop.ch\/it\/wp-json\/wp\/v2\/product\/61668","targetHints":{"allow":["GET"]}}],"collection":[{"href":"https:\/\/www.teleskopshop.ch\/it\/wp-json\/wp\/v2\/product"}],"about":[{"href":"https:\/\/www.teleskopshop.ch\/it\/wp-json\/wp\/v2\/types\/product"}],"replies":[{"embeddable":true,"href":"https:\/\/www.teleskopshop.ch\/it\/wp-json\/wp\/v2\/comments?post=61668"}],"wp:featuredmedia":[{"embeddable":true,"href":"https:\/\/www.teleskopshop.ch\/it\/wp-json\/wp\/v2\/media\/6407"}],"wp:attachment":[{"href":"https:\/\/www.teleskopshop.ch\/it\/wp-json\/wp\/v2\/media?parent=61668"}],"wp:term":[{"taxonomy":"product_brand","embeddable":true,"href":"https:\/\/www.teleskopshop.ch\/it\/wp-json\/wp\/v2\/product_brand?post=61668"},{"taxonomy":"product_cat","embeddable":true,"href":"https:\/\/www.teleskopshop.ch\/it\/wp-json\/wp\/v2\/product_cat?post=61668"},{"taxonomy":"product_tag","embeddable":true,"href":"https:\/\/www.teleskopshop.ch\/it\/wp-json\/wp\/v2\/product_tag?post=61668"}],"curies":[{"name":"wp","href":"https:\/\/api.w.org\/{rel}","templated":true}]}}