{"id":61609,"date":"2022-05-09T00:00:00","date_gmt":"2022-05-08T22:00:00","guid":{"rendered":"https:\/\/2025.teleskopshop.ch\/shop\/senza-categoria\/helios-fernglas-mistral-10x50-ed\/"},"modified":"2025-01-25T13:24:56","modified_gmt":"2025-01-25T12:24:56","slug":"helios-fernglas-mistral-10x50-ed","status":"publish","type":"product","link":"https:\/\/www.teleskopshop.ch\/it\/shop\/ottica\/binocoli-e-occhiali-da-opera\/binocoli\/binocolo-helios\/helios-fernglas-mistral-10x50-ed\/","title":{"rendered":"Binocolo Helios Mistral 10&#215;50 ED"},"content":{"rendered":"<p>La nuova serie di binocoli Helios Mistral WP6 di alta qualit\u00e0 con prisma a tetto contiene dieci modelli con lenti da 32 mm, 42 mm e 50 mm. Sono particolarmente adatti al birdwatching, alla caccia e all&#8217;osservazione generale e rappresentano un ottimo rapporto qualit\u00e0-prezzo. Incorporano un design molto elegante, ergonomico e moderno con un&#8217;armatura di gomma verde. L&#8217;alloggiamento \u00e8 costituito da un policarbonato leggero ma robusto. Tutti i binocoli Helios Mistral contengono prismi BaK-4 rivestiti in argento di alta qualit\u00e0 e ottiche completamente multistrato per prestazioni ottiche eccellenti. Le immagini sono nitide e nitide con ottima risoluzione, luminosit\u00e0 e profondit\u00e0 di campo con colori naturali. La distanza ravvicinata \u00e8 fino a 2,5 m o anche meno su tutti i modelli. Tutte le lenti sono impermeabili e riempite di azoto per una visione chiara e senza appannamento. Gli oculari in metallo rivestito sono regolabili e si agganciano in 3 posizioni, adatti anche a chi porta gli occhiali. La manopola di regolazione della messa a fuoco in metallo zigrinata richiede solo 2 giri per una regolazione quasi all&#8217;infinito. Una connessione filettata \u00e8 integrata per il fissaggio a un treppiede. Il binocolo viene fornito con una tracolla, protezioni per gli oculari e copriobiettivo e una custodia morbida per il trasporto. I modelli binoculari ED premium contengono anche vetro ED esotico nell&#8217;ottica per una resa cromatica ancora migliore e sono inoltre dotati di prismi a correzione di fase per una maggiore trasmissione della luce e contrasto. Fornitura: binocolo 10&#215;50 ED, coprioculari, borsa, tracolla, alimentatore e batterie non sono inclusi!<\/p>\n<p>Generale<\/p>\n<table>\n<tr>\n<td>Peso di<\/td>\n<p> spedizione <\/p>\n<td>1,2 kg<\/td>\n<\/tr>\n<\/table>\n<table>\n<tr>\n<td>Dimensioni<\/td>\n<p> spedizione <\/p>\n<td>22x20x10 cm<\/td>\n<\/tr>\n<\/table>\n<p>osservazione della natura<\/p>\n<table>\n<tr>\n<td>Tipo<\/td>\n<td>binocolo con prisma a tetto<\/td>\n<\/tr>\n<\/table>\n<table>\n<tr>\n<td>Ingrandimento<\/td>\n<td>10x<\/td>\n<\/tr>\n<\/table>\n<table>\n<tr>\n<td>Diametro lente obiettivo (mm)<\/td>\n<td>50<\/td>\n<\/tr>\n<\/table>\n<table>\n<tr>\n<td>Pupilla di uscita (mm)<\/td>\n<td>5.00<\/td>\n<\/tr>\n<\/table>\n<table>\n<tr>Sistema di messa a fuoco <\/p>\n<td>Messa a<\/td>\n<td>fuoco centrale<\/td>\n<\/tr>\n<\/table>\n<table>\n<tr>Tipi di prismi in <\/p>\n<td>vetro<\/td>\n<td>BaK-4, 1 lente ED per ottica<\/td>\n<\/tr>\n<\/table>\n<table>\n<tr>\n<td>Twilight<\/td>\n<td>numero 22.36<\/td>\n<\/tr>\n<\/table>\n<table>\n<tr>\n<td>Intensit\u00e0 luminosa<\/td>\n<td>25<\/td>\n<\/tr>\n<\/table>\n<table>\n<tr>\n<td>Rivestimento Lenti Rivestimento<\/td>\n<td>Multistrato<\/td>\n<\/tr>\n<\/table>\n<table>\n<tr>Estrazione <\/p>\n<td>oculare all&#8217;oculare (mm)<\/td>\n<td>17,80<\/td>\n<\/tr>\n<\/table>\n<table>\n<tr>Campo <\/p>\n<td>visivo a 1000m<\/td>\n<td>103m<\/td>\n<\/tr>\n<\/table>\n<table>\n<tr>\n<td>Distanza minima di messa a fuoco (m)<\/td>\n<td>2,00<\/td>\n<\/tr>\n<\/table>\n<table>\n<tr>\n<td>A prova di schizzi<\/td>\n<td>s\u00ec<\/td>\n<\/tr>\n<\/table>\n<table>\n<tr>\n<td>Riempimento di azoto (s\u00ec \/ no)<\/td>\n<td>s\u00ec<\/td>\n<\/tr>\n<\/table>\n","protected":false},"excerpt":{"rendered":"<p>Binocolo Helios impermeabile 10x con apertura di 50 mm<\/p>\n","protected":false},"featured_media":6355,"comment_status":"closed","ping_status":"open","template":"","meta":{"_acf_changed":false},"product_brand":[682],"product_cat":[1346,1343,1358,1340],"product_tag":[],"class_list":{"0":"post-61609","1":"product","2":"type-product","3":"status-publish","4":"has-post-thumbnail","6":"product_brand-helios","7":"product_cat-binocoli","8":"product_cat-binocoli-e-occhiali-da-opera","9":"product_cat-binocolo-helios","10":"product_cat-ottica","12":"first","13":"instock","14":"taxable","15":"shipping-taxable","16":"purchasable","17":"product-type-simple"},"acf":[],"_links":{"self":[{"href":"https:\/\/www.teleskopshop.ch\/it\/wp-json\/wp\/v2\/product\/61609","targetHints":{"allow":["GET"]}}],"collection":[{"href":"https:\/\/www.teleskopshop.ch\/it\/wp-json\/wp\/v2\/product"}],"about":[{"href":"https:\/\/www.teleskopshop.ch\/it\/wp-json\/wp\/v2\/types\/product"}],"replies":[{"embeddable":true,"href":"https:\/\/www.teleskopshop.ch\/it\/wp-json\/wp\/v2\/comments?post=61609"}],"wp:featuredmedia":[{"embeddable":true,"href":"https:\/\/www.teleskopshop.ch\/it\/wp-json\/wp\/v2\/media\/6355"}],"wp:attachment":[{"href":"https:\/\/www.teleskopshop.ch\/it\/wp-json\/wp\/v2\/media?parent=61609"}],"wp:term":[{"taxonomy":"product_brand","embeddable":true,"href":"https:\/\/www.teleskopshop.ch\/it\/wp-json\/wp\/v2\/product_brand?post=61609"},{"taxonomy":"product_cat","embeddable":true,"href":"https:\/\/www.teleskopshop.ch\/it\/wp-json\/wp\/v2\/product_cat?post=61609"},{"taxonomy":"product_tag","embeddable":true,"href":"https:\/\/www.teleskopshop.ch\/it\/wp-json\/wp\/v2\/product_tag?post=61609"}],"curies":[{"name":"wp","href":"https:\/\/api.w.org\/{rel}","templated":true}]}}