{"id":61600,"date":"2022-05-09T00:00:00","date_gmt":"2022-05-08T22:00:00","guid":{"rendered":"https:\/\/2025.teleskopshop.ch\/shop\/senza-categoria\/helios-fernglas-mistral-10x42\/"},"modified":"2025-01-25T13:17:07","modified_gmt":"2025-01-25T12:17:07","slug":"helios-fernglas-mistral-10x42","status":"publish","type":"product","link":"https:\/\/www.teleskopshop.ch\/it\/shop\/ottica\/binocoli-e-occhiali-da-opera\/binocoli\/binocolo-helios\/helios-fernglas-mistral-10x42\/","title":{"rendered":"Binocolo Helios Mistral 10&#215;42"},"content":{"rendered":"<p>La nuova serie di binocoli Helios Mistral WP6 di alta qualit\u00e0 con prisma a tetto contiene dieci modelli con lenti da 32 mm, 42 mm e 50 mm. Sono particolarmente adatti al birdwatching, alla caccia e all&#8217;osservazione generale e rappresentano un ottimo rapporto qualit\u00e0-prezzo. Incorporano un design molto elegante, ergonomico e moderno con un&#8217;armatura di gomma verde. L&#8217;alloggiamento \u00e8 costituito da un policarbonato leggero ma robusto. Tutti i binocoli Helios Mistral contengono prismi BaK-4 rivestiti in argento di alta qualit\u00e0 e ottiche completamente multistrato per prestazioni ottiche eccellenti. Le immagini sono nitide e nitide con ottima risoluzione, luminosit\u00e0 e profondit\u00e0 di campo con colori naturali. La distanza ravvicinata \u00e8 fino a 2,5 m o anche inferiore per tutti i modelli. Tutte le lenti sono impermeabili e riempite di azoto per una visione chiara e senza appannamento. Gli oculari in metallo rivestito sono regolabili e si agganciano in 3 posizioni, adatti anche a chi porta gli occhiali. La manopola di regolazione della messa a fuoco in metallo zigrinata richiede solo 2 giri per una regolazione quasi all&#8217;infinito. Una connessione filettata \u00e8 integrata per il fissaggio a un treppiede. Il binocolo viene fornito con una tracolla, protezioni per gli oculari e copriobiettivo e una custodia morbida per il trasporto. I modelli binoculari ED premium contengono anche vetro ED esotico nell&#8217;ottica per una resa cromatica ancora migliore e sono inoltre dotati di prismi a correzione di fase per una maggiore trasmissione della luce e contrasto. Fornitura: 10&#215;42 binocolo coprioculari borsa tracolla!Alimentatore e batterie non sono inclusi!<\/p>\n<p>Generale<\/p>\n<table>\n<tr>\n<td>Peso di<\/td>\n<p> spedizione <\/p>\n<td>0,9<\/td>\n<p> kg<\/tr>\n<\/table>\n<table>\n<tr>\n<td>Dimensioni<\/td>\n<p> spedizione <\/p>\n<td>20x18x9 cm<\/td>\n<\/tr>\n<\/table>\n<p>osservazione della natura<\/p>\n<table>\n<tr>\n<td>Tipo<\/td>\n<td>binocolo con prisma a tetto<\/td>\n<\/tr>\n<\/table>\n<table>\n<tr>\n<td>Ingrandimento<\/td>\n<td>10x<\/td>\n<\/tr>\n<\/table>\n<table>\n<tr>\n<td>Diametro lente obiettivo (mm)<\/td>\n<td>42<\/td>\n<\/tr>\n<\/table>\n<table>\n<tr>\n<td>Pupilla di uscita (mm)<\/td>\n<td>4,20<\/td>\n<\/tr>\n<\/table>\n<table>\n<tr>Sistema di messa a fuoco <\/p>\n<td>Messa a<\/td>\n<td>fuoco centrale<\/td>\n<\/tr>\n<\/table>\n<table>\n<tr>Tipi di prismi di <\/p>\n<td>vetro<\/td>\n<td>BaK-4<\/td>\n<\/tr>\n<\/table>\n<table>\n<tr>\n<td>Twilight<\/td>\n<td>numero 20.49<\/td>\n<\/tr>\n<\/table>\n<table>\n<tr>\n<td>Intensit\u00e0<\/td>\n<p> luminosa <\/p>\n<td>17.64<\/td>\n<\/tr>\n<\/table>\n<table>\n<tr>\n<td>Rivestimento Lenti Rivestimento<\/td>\n<td>Multistrato<\/td>\n<\/tr>\n<\/table>\n<table>\n<tr>\n<td>Estrazione oculare all&#8217;oculare (mm)<\/td>\n<td>14.00<\/td>\n<\/tr>\n<\/table>\n<table>\n<tr>Campo <\/p>\n<td>visivo a 1000m<\/td>\n<td>101m<\/td>\n<\/tr>\n<\/table>\n<table>\n<tr>\n<td>Distanza minima di messa a fuoco (m)<\/td>\n<td>2,00<\/td>\n<\/tr>\n<\/table>\n<table>\n<tr>\n<td>A prova di schizzi<\/td>\n<td>s\u00ec<\/td>\n<\/tr>\n<\/table>\n<table>\n<tr>\n<td>Riempimento di azoto (s\u00ec \/ no)<\/td>\n<td>s\u00ec<\/td>\n<\/tr>\n<\/table>\n","protected":false},"excerpt":{"rendered":"<p>Binocolo Helios impermeabile 10x con apertura di 42 mm<\/p>\n","protected":false},"featured_media":6347,"comment_status":"closed","ping_status":"open","template":"","meta":{"_acf_changed":false},"product_brand":[682],"product_cat":[1346,1343,1358,1340],"product_tag":[],"class_list":{"0":"post-61600","1":"product","2":"type-product","3":"status-publish","4":"has-post-thumbnail","6":"product_brand-helios","7":"product_cat-binocoli","8":"product_cat-binocoli-e-occhiali-da-opera","9":"product_cat-binocolo-helios","10":"product_cat-ottica","12":"first","13":"instock","14":"taxable","15":"shipping-taxable","16":"purchasable","17":"product-type-simple"},"acf":[],"_links":{"self":[{"href":"https:\/\/www.teleskopshop.ch\/it\/wp-json\/wp\/v2\/product\/61600","targetHints":{"allow":["GET"]}}],"collection":[{"href":"https:\/\/www.teleskopshop.ch\/it\/wp-json\/wp\/v2\/product"}],"about":[{"href":"https:\/\/www.teleskopshop.ch\/it\/wp-json\/wp\/v2\/types\/product"}],"replies":[{"embeddable":true,"href":"https:\/\/www.teleskopshop.ch\/it\/wp-json\/wp\/v2\/comments?post=61600"}],"wp:featuredmedia":[{"embeddable":true,"href":"https:\/\/www.teleskopshop.ch\/it\/wp-json\/wp\/v2\/media\/6347"}],"wp:attachment":[{"href":"https:\/\/www.teleskopshop.ch\/it\/wp-json\/wp\/v2\/media?parent=61600"}],"wp:term":[{"taxonomy":"product_brand","embeddable":true,"href":"https:\/\/www.teleskopshop.ch\/it\/wp-json\/wp\/v2\/product_brand?post=61600"},{"taxonomy":"product_cat","embeddable":true,"href":"https:\/\/www.teleskopshop.ch\/it\/wp-json\/wp\/v2\/product_cat?post=61600"},{"taxonomy":"product_tag","embeddable":true,"href":"https:\/\/www.teleskopshop.ch\/it\/wp-json\/wp\/v2\/product_tag?post=61600"}],"curies":[{"name":"wp","href":"https:\/\/api.w.org\/{rel}","templated":true}]}}