{"id":61588,"date":"2022-05-09T00:00:00","date_gmt":"2022-05-08T22:00:00","guid":{"rendered":"https:\/\/2025.teleskopshop.ch\/shop\/senza-categoria\/helios-fernglas-lightwing-8x32-hr\/"},"modified":"2025-01-25T13:18:20","modified_gmt":"2025-01-25T12:18:20","slug":"helios-fernglas-lightwing-8x32-hr","status":"publish","type":"product","link":"https:\/\/www.teleskopshop.ch\/it\/shop\/ottica\/binocoli-e-occhiali-da-opera\/binocoli\/binocolo-helios\/helios-fernglas-lightwing-8x32-hr\/","title":{"rendered":"Binocolo Helios Lightwing 8&#215;32 HR"},"content":{"rendered":"<p>Il binocolo con prisma a tetto Helios Lightwing HR di nuova concezione soddisfa anche l&#8217;utente pi\u00f9 esigente. La serie contiene 6 modelli con obiettivi da 32 mm e 42 mm opzionalmente con vetro ED esotico sul vetro da 42 mm. Il binocolo estremamente potente offre prestazioni ottiche elevate per il birdwatching, la caccia ma anche attivit\u00e0 di osservazione generale e quindi offre un valore incredibile. La custodia \u00e8 realizzata in una lega di magnesio leggera ma resistente e ha un elegante rivestimento in gomma verde. Tutti i modelli binoculari contengono prismi BaK-4 a correzione di fase di alta qualit\u00e0 rivestiti con argento dielettrico. L&#8217;ottica \u00e8 completamente multistrato con un rivestimento premium con trasmissione extra elevata. Questi speciali rivestimenti consentono una trasmissione della luce di oltre il 90% all&#8217;oculare! Le immagini appaiono nitide e nitide con risoluzione, contrasto, luminosit\u00e0 e profondit\u00e0 di campo eccellenti, nonch\u00e9 colori naturali. Il campo visivo \u00e8 molto ampio con una buona nitidezza dei bordi. La distanza ravvicinata raggiunge i 2 m. Il vetro \u00e8 impermeabile (3 minuti a 1,5 m di profondit\u00e0 dell&#8217;acqua) e riempito di azoto per una visione chiara e senza nebbia. Le conchiglie oculari girevoli in metallo rivestito scattano in 3 posizioni, rendendo la lente utilizzabile da chi porta gli occhiali. La rotella di messa a fuoco in metallo zigrinata e facile da usare consente la regolazione da vicino a infinito con soli 1,5 giri. \u00c8 disponibile una filettatura di connessione per il fissaggio a un treppiede. Sono inclusi una tracolla, cappucci protettivi per oculari e ottiche e una custodia morbida per il trasporto. Fornitura: binocolo 8&#215;32 cappucci oculari cappucci ottici borsa tracolla!Alimentatore e batterie non sono inclusi!<\/p>\n<p>Generale<\/p>\n<table>\n<tr>\n<td>Peso<\/td>\n<p> di spedizione <\/p>\n<td>0,7 kg<\/td>\n<\/tr>\n<\/table>\n<table>\n<tr>\n<td>Dimensioni<\/td>\n<p> spedizione <\/p>\n<td>16x8x18cm<\/td>\n<\/tr>\n<\/table>\n<p>osservazione della natura<\/p>\n<table>\n<tr>\n<td>Digitare<\/td>\n<td>bordo del tetto<\/td>\n<\/tr>\n<\/table>\n<table>\n<tr>\n<td>Ingrandimento<\/td>\n<td>8x<\/td>\n<\/tr>\n<\/table>\n<table>\n<tr>\n<td>Diametro lente obiettivo (mm)<\/td>\n<td>32<\/td>\n<\/tr>\n<\/table>\n<table>\n<tr>\n<td>Pupilla di uscita (mm)<\/td>\n<td>4.00<\/td>\n<\/tr>\n<\/table>\n<table>\n<tr>\n<td>Sistema di messa a fuoco<\/td>\n<td>centrale<\/td>\n<\/tr>\n<\/table>\n<table>\n<tr>Tipi di <\/p>\n<td>vetro<\/td>\n<td>BaK-4<\/td>\n<\/tr>\n<\/table>\n<table>\n<tr>\n<td>Twilight<\/td>\n<td>numero 15.95<\/td>\n<\/tr>\n<\/table>\n<table>\n<tr>\n<td>Intensit\u00e0 luminosa<\/td>\n<td>16<\/td>\n<\/tr>\n<\/table>\n<table>\n<tr>\n<td>Lens Coat<\/td>\n<td>Rivestimento multistrato a banda larga<\/td>\n<\/tr>\n<\/table>\n<table>\n<tr>Estrazione <\/p>\n<td>oculare all&#8217;oculare (mm)<\/td>\n<td>15,60<\/td>\n<\/tr>\n<\/table>\n<table>\n<tr>Campo <\/p>\n<td>visivo a 1000m<\/td>\n<td>137m<\/td>\n<\/tr>\n<\/table>\n<table>\n<tr>\n<td>Distanza minima di messa a fuoco (m)<\/td>\n<td>2,00<\/td>\n<\/tr>\n<\/table>\n<table>\n<tr>\n<td>A prova di schizzi<\/td>\n<td>s\u00ec<\/td>\n<\/tr>\n<\/table>\n<table>\n<tr>\n<td>Riempimento di azoto (s\u00ec \/ no)<\/td>\n<td>s\u00ec<\/td>\n<\/tr>\n<\/table>\n","protected":false},"excerpt":{"rendered":"<p>Binocolo da tetto 8&#215;32 impermeabile Helios<\/p>\n","protected":false},"featured_media":6319,"comment_status":"closed","ping_status":"open","template":"","meta":{"_acf_changed":false},"product_brand":[682],"product_cat":[1346,1343,1358,1340],"product_tag":[],"class_list":{"0":"post-61588","1":"product","2":"type-product","3":"status-publish","4":"has-post-thumbnail","6":"product_brand-helios","7":"product_cat-binocoli","8":"product_cat-binocoli-e-occhiali-da-opera","9":"product_cat-binocolo-helios","10":"product_cat-ottica","12":"first","13":"instock","14":"taxable","15":"shipping-taxable","16":"purchasable","17":"product-type-simple"},"acf":[],"_links":{"self":[{"href":"https:\/\/www.teleskopshop.ch\/it\/wp-json\/wp\/v2\/product\/61588","targetHints":{"allow":["GET"]}}],"collection":[{"href":"https:\/\/www.teleskopshop.ch\/it\/wp-json\/wp\/v2\/product"}],"about":[{"href":"https:\/\/www.teleskopshop.ch\/it\/wp-json\/wp\/v2\/types\/product"}],"replies":[{"embeddable":true,"href":"https:\/\/www.teleskopshop.ch\/it\/wp-json\/wp\/v2\/comments?post=61588"}],"wp:featuredmedia":[{"embeddable":true,"href":"https:\/\/www.teleskopshop.ch\/it\/wp-json\/wp\/v2\/media\/6319"}],"wp:attachment":[{"href":"https:\/\/www.teleskopshop.ch\/it\/wp-json\/wp\/v2\/media?parent=61588"}],"wp:term":[{"taxonomy":"product_brand","embeddable":true,"href":"https:\/\/www.teleskopshop.ch\/it\/wp-json\/wp\/v2\/product_brand?post=61588"},{"taxonomy":"product_cat","embeddable":true,"href":"https:\/\/www.teleskopshop.ch\/it\/wp-json\/wp\/v2\/product_cat?post=61588"},{"taxonomy":"product_tag","embeddable":true,"href":"https:\/\/www.teleskopshop.ch\/it\/wp-json\/wp\/v2\/product_tag?post=61588"}],"curies":[{"name":"wp","href":"https:\/\/api.w.org\/{rel}","templated":true}]}}