{"id":61573,"date":"2022-05-09T00:00:00","date_gmt":"2022-05-08T22:00:00","guid":{"rendered":"https:\/\/2025.teleskopshop.ch\/shop\/senza-categoria\/helios-fernglas-lightquest-hr-20x80\/"},"modified":"2025-01-25T13:24:44","modified_gmt":"2025-01-25T12:24:44","slug":"helios-fernglas-lightquest-hr-20x80","status":"publish","type":"product","link":"https:\/\/www.teleskopshop.ch\/it\/shop\/ottica\/binocoli-e-occhiali-da-opera\/binocoli\/binocolo-helios\/helios-fernglas-lightquest-hr-20x80\/","title":{"rendered":"Binocolo Helios Lightquest HR 20&#215;80"},"content":{"rendered":"<p>Il nuovo binocolo di osservazione di fascia alta Helios Lightquest-HR combina le migliori caratteristiche di progettazione meccanica e ottica con prestazioni eccezionalmente elevate! \u00c8 impermeabile secondo lo standard IPX7 (profondit\u00e0 dell&#8217;acqua 0,5 m per 30 minuti) e riempito di azoto per una visione senza nebbia. Il binocolo \u00e8 dotato di focalizzazione oculare singola e progettato per distanze di osservazione medio-lunghe in applicazioni terrestri e astronomiche. La cassa \u00e8 realizzata in lega di magnesio, che lo rende molto leggero per le sue dimensioni ma anche molto robusto. Inoltre \u00e8 ricoperto da un robusto rivestimento in gomma. Il binocolo \u00e8 dotato di prismi BaK-4 di alta qualit\u00e0 utilizzati in gabbie resistenti agli urti e il sistema ottico \u00e8 completamente multistrato con banda larga. Il sistema ottico ad alta risoluzione contiene lenti e rivestimenti prismatici ad alta trasmissione e una trasmissione della luce totale di circa il 90%. I rivestimenti delle lenti hanno una riflettivit\u00e0 estremamente bassa e garantiscono quindi la massima quantit\u00e0 di luce fornita nell&#8217;oculare. L&#8217;immagine convince con colori vividi e un campo dell&#8217;immagine piatto e privo di distorsioni fino ai bordi. Il design dell&#8217;oculare migliorato e innovativo (8 elementi in 5 gruppi) incorpora lenti sovradimensionate per un&#8217;osservazione confortevole e consente immagini altamente corrette. Gli oculari pieghevoli sono utili per chi indossa gli occhiali. La fornitura comprende copriobiettivo, protezione oculare, tracolla in neoprene, adattatore per treppiede e una solida custodia imbottita. Fornitura: binocolo 20&#215;80 Lente Cappucci di protezione Protezione oculare Neoprene Tracolla Adattatore per treppiede Custodia per il trasporto L&#8217;alimentatore e le batterie non sono inclusi nella fornitura!<\/p>\n<p>Generale<\/p>\n<table>\n<tr>\n<td>Peso<\/td>\n<p> di spedizione <\/p>\n<td>2.490 kg<\/td>\n<\/tr>\n<\/table>\n<table>\n<tr>\n<td>Dimensioni<\/td>\n<p> spedizione <\/p>\n<td>30&#215;24,5&#215;9,8 cm<\/td>\n<\/tr>\n<\/table>\n<p>osservazione della natura<\/p>\n<table>\n<tr>Binocolo <\/p>\n<td>tipo<\/td>\n<td>Porro<\/td>\n<\/tr>\n<\/table>\n<table>\n<tr>\n<td>Ingrandimento<\/td>\n<td>20x<\/td>\n<\/tr>\n<\/table>\n<table>\n<tr>\n<td>Diametro lente obiettivo (mm)<\/td>\n<td>80<\/td>\n<\/tr>\n<\/table>\n<table>\n<tr>\n<td>Pupilla di uscita (mm)<\/td>\n<td>4.00<\/td>\n<\/tr>\n<\/table>\n<table>\n<tr>Sistema di messa a <\/p>\n<td>fuoco Messa<\/td>\n<p> a fuoco <\/p>\n<td>con oculare<\/td>\n<p> singolo<\/tr>\n<\/table>\n<table>\n<tr>Tipi di prismi in <\/p>\n<td>vetro<\/td>\n<td>BaK4<\/td>\n<\/tr>\n<\/table>\n<table>\n<tr>\n<td>Crepuscolo<\/td>\n<td>numero 40.00<\/td>\n<\/tr>\n<\/table>\n<table>\n<tr>\n<td>Intensit\u00e0 luminosa<\/td>\n<td>16.00<\/td>\n<\/tr>\n<\/table>\n<table>\n<tr>\n<td>Lens Coat<\/td>\n<td>Rivestimento multistrato a banda larga<\/td>\n<\/tr>\n<\/table>\n<table>\n<tr>\n<td>Estrazione oculare all&#8217;oculare (mm)<\/td>\n<td>16.00<\/td>\n<\/tr>\n<\/table>\n<table>\n<tr>\n<td>Distanza interpupillare regolabile (mm)<\/td>\n<td>56-74<\/td>\n<\/tr>\n<\/table>\n<table>\n<tr>Campo <\/p>\n<td>visivo a 1000m<\/td>\n<td>58m<\/td>\n<\/tr>\n<\/table>\n<table>\n<tr>\n<td>Distanza minima di messa a fuoco (m)<\/td>\n<td>23.00<\/td>\n<\/tr>\n<\/table>\n<table>\n<tr>\n<td>A prova di schizzi<\/td>\n<td>s\u00ec<\/td>\n<\/tr>\n<\/table>\n<table>\n<tr>\n<td>Riempimento di azoto (s\u00ec \/ no)<\/td>\n<td>s\u00ec<\/td>\n<\/tr>\n<\/table>\n","protected":false},"excerpt":{"rendered":"<p>Helios Binocolo da osservazione impermeabile ad alta risoluzione con custodia in magnesio<\/p>\n","protected":false},"featured_media":6503,"comment_status":"closed","ping_status":"open","template":"","meta":{"_acf_changed":false},"product_brand":[682],"product_cat":[1346,1343,1358,1340],"product_tag":[],"class_list":{"0":"post-61573","1":"product","2":"type-product","3":"status-publish","4":"has-post-thumbnail","6":"product_brand-helios","7":"product_cat-binocoli","8":"product_cat-binocoli-e-occhiali-da-opera","9":"product_cat-binocolo-helios","10":"product_cat-ottica","12":"first","13":"instock","14":"taxable","15":"shipping-taxable","16":"purchasable","17":"product-type-simple"},"acf":[],"_links":{"self":[{"href":"https:\/\/www.teleskopshop.ch\/it\/wp-json\/wp\/v2\/product\/61573","targetHints":{"allow":["GET"]}}],"collection":[{"href":"https:\/\/www.teleskopshop.ch\/it\/wp-json\/wp\/v2\/product"}],"about":[{"href":"https:\/\/www.teleskopshop.ch\/it\/wp-json\/wp\/v2\/types\/product"}],"replies":[{"embeddable":true,"href":"https:\/\/www.teleskopshop.ch\/it\/wp-json\/wp\/v2\/comments?post=61573"}],"wp:featuredmedia":[{"embeddable":true,"href":"https:\/\/www.teleskopshop.ch\/it\/wp-json\/wp\/v2\/media\/6503"}],"wp:attachment":[{"href":"https:\/\/www.teleskopshop.ch\/it\/wp-json\/wp\/v2\/media?parent=61573"}],"wp:term":[{"taxonomy":"product_brand","embeddable":true,"href":"https:\/\/www.teleskopshop.ch\/it\/wp-json\/wp\/v2\/product_brand?post=61573"},{"taxonomy":"product_cat","embeddable":true,"href":"https:\/\/www.teleskopshop.ch\/it\/wp-json\/wp\/v2\/product_cat?post=61573"},{"taxonomy":"product_tag","embeddable":true,"href":"https:\/\/www.teleskopshop.ch\/it\/wp-json\/wp\/v2\/product_tag?post=61573"}],"curies":[{"name":"wp","href":"https:\/\/api.w.org\/{rel}","templated":true}]}}