{"id":61516,"date":"2022-05-09T00:00:00","date_gmt":"2022-05-08T22:00:00","guid":{"rendered":"https:\/\/2025.teleskopshop.ch\/shop\/senza-categoria\/barr-stroud-fernglasset-vogelbeobachtung-for-dummies\/"},"modified":"2025-01-25T13:24:51","modified_gmt":"2025-01-25T12:24:51","slug":"barr-stroud-fernglasset-vogelbeobachtung-for-dummies","status":"publish","type":"product","link":"https:\/\/www.teleskopshop.ch\/it\/shop\/ottica\/binocoli-e-occhiali-da-opera\/binocoli\/binocoli-barr-stroud\/barr-stroud-fernglasset-vogelbeobachtung-for-dummies\/","title":{"rendered":"Binocolo &#8220;For Dummies&#8221; per birdwatching Barr &amp; Stroud"},"content":{"rendered":"<p>Benvenuti nel set per il birdwatching di Barr &amp; Stroud per manichini. Puoi leggere tutto sul birdwatching, ma il metodo migliore \u00e8 uscire e iniziare. Questo set ti guider\u00e0 nella giusta direzione. Se vuoi imparare le basi dell&#8217;ornitologia, sei nel posto giusto, tutto ci\u00f2 di cui hai bisogno per iniziare \u00e8 incluso in questa scatola! Il set Barr &amp; Stroud include il libro &#8220;Bird Watching for Dummies&#8221; scritto da Bill Thompson. Il libro \u00e8 progettato per iniziare, spiegando la terminologia e dandoti un&#8217;idea del fascino del birdwatching. Il set include anche il binocolo Barr &amp; Stroud Skyline, perfetto per questo hobby, cos\u00ec hai tutto il necessario per iniziare. Puoi leggere le specifiche per assicurarti che questi binocoli siano la scelta giusta per questo, o semplicemente non crederci e provali tu stesso. Questo set \u00e8 davvero un modo semplice per conoscere il mondo dell&#8217;ornitologia: divertiti! Fornitura: binocolo 8&#215;42 Cinghia di trasporto Borsa Cappucci di protezione dalla polvere Libro &#8220;Bird Watching for Dummies&#8221; Alimentatore e batterie non inclusi!<\/p>\n<p>Generale<\/p>\n<table>\n<tr>\n<td>Peso<\/td>\n<p> di spedizione <\/p>\n<td>1,1<\/td>\n<p> kg<\/tr>\n<\/table>\n<table>\n<tr>\n<td>Dimensioni<\/td>\n<p> spedizione <\/p>\n<td>20x25x10 cm<\/td>\n<\/tr>\n<\/table>\n<p>Dati: Barr &amp; Stroud<\/p>\n<table>\n<tr>\n<td>Digitare<\/td>\n<td>bordo del tetto<\/td>\n<\/tr>\n<\/table>\n<table>\n<tr>\n<td>Ingrandimento<\/td>\n<td>8x<\/td>\n<\/tr>\n<\/table>\n<table>\n<tr>\n<td>Diametro lente obiettivo (mm)<\/td>\n<td>42<\/td>\n<\/tr>\n<\/table>\n<table>\n<tr>\n<td>Pupilla di uscita (mm)<\/td>\n<td>5,25<\/td>\n<\/tr>\n<\/table>\n<table>\n<tr>\n<td>Sistema di messa a fuoco<\/td>\n<td>centrale<\/td>\n<\/tr>\n<\/table>\n<table>\n<tr>Tipi di <\/p>\n<td>vetro<\/td>\n<td>BaK-4<\/td>\n<\/tr>\n<\/table>\n<table>\n<tr>\n<td>Twilight<\/td>\n<td>numero 18.33<\/td>\n<\/tr>\n<\/table>\n<table>\n<tr>\n<td>Intensit\u00e0<\/td>\n<p> luminosa <\/p>\n<td>27.04<\/td>\n<\/tr>\n<\/table>\n<table>\n<tr>\n<td>Cappotto per lenti<\/td>\n<td>multistrato<\/td>\n<\/tr>\n<\/table>\n<table>\n<tr>\n<td>Distanza interpupillare regolabile (mm)<\/td>\n<td>56-74<\/td>\n<\/tr>\n<\/table>\n<table>\n<tr>Campo <\/p>\n<td>visivo a 1000m<\/td>\n<td>119m<\/td>\n<\/tr>\n<\/table>\n<table>\n<tr>\n<td>Distanza minima di messa a fuoco (m)<\/td>\n<td>\n<table>\n<tr>\n<td>A prova di schizzi<\/td>\n<td>s\u00ec<\/td>\n<\/tr>\n<\/table>\n<table>\n<tr>\n<td>Riempimento di azoto (s\u00ec \/ no)<\/td>\n<td>s\u00ec<\/td>\n<\/tr>\n<\/table>\n","protected":false},"excerpt":{"rendered":"<p>Binocolo Barr &amp; Stroud Skyline 8&#215;42 con libro<\/p>\n","protected":false},"featured_media":6279,"comment_status":"closed","ping_status":"open","template":"","meta":{"_acf_changed":false},"product_brand":[684],"product_cat":[1346,1349,1343,1340],"product_tag":[],"class_list":{"0":"post-61516","1":"product","2":"type-product","3":"status-publish","4":"has-post-thumbnail","6":"product_brand-barr-stroud","7":"product_cat-binocoli","8":"product_cat-binocoli-barr-stroud","9":"product_cat-binocoli-e-occhiali-da-opera","10":"product_cat-ottica","12":"first","13":"instock","14":"taxable","15":"shipping-taxable","16":"purchasable","17":"product-type-simple"},"acf":[],"_links":{"self":[{"href":"https:\/\/www.teleskopshop.ch\/it\/wp-json\/wp\/v2\/product\/61516","targetHints":{"allow":["GET"]}}],"collection":[{"href":"https:\/\/www.teleskopshop.ch\/it\/wp-json\/wp\/v2\/product"}],"about":[{"href":"https:\/\/www.teleskopshop.ch\/it\/wp-json\/wp\/v2\/types\/product"}],"replies":[{"embeddable":true,"href":"https:\/\/www.teleskopshop.ch\/it\/wp-json\/wp\/v2\/comments?post=61516"}],"wp:featuredmedia":[{"embeddable":true,"href":"https:\/\/www.teleskopshop.ch\/it\/wp-json\/wp\/v2\/media\/6279"}],"wp:attachment":[{"href":"https:\/\/www.teleskopshop.ch\/it\/wp-json\/wp\/v2\/media?parent=61516"}],"wp:term":[{"taxonomy":"product_brand","embeddable":true,"href":"https:\/\/www.teleskopshop.ch\/it\/wp-json\/wp\/v2\/product_brand?post=61516"},{"taxonomy":"product_cat","embeddable":true,"href":"https:\/\/www.teleskopshop.ch\/it\/wp-json\/wp\/v2\/product_cat?post=61516"},{"taxonomy":"product_tag","embeddable":true,"href":"https:\/\/www.teleskopshop.ch\/it\/wp-json\/wp\/v2\/product_tag?post=61516"}],"curies":[{"name":"wp","href":"https:\/\/api.w.org\/{rel}","templated":true}]}}