{"id":61513,"date":"2022-05-09T00:00:00","date_gmt":"2022-05-08T22:00:00","guid":{"rendered":"https:\/\/2025.teleskopshop.ch\/shop\/senza-categoria\/barr-stroud-fernglas-skyline-8x42-dachkant\/"},"modified":"2025-01-25T13:24:48","modified_gmt":"2025-01-25T12:24:48","slug":"barr-stroud-fernglas-skyline-8x42-dachkant","status":"publish","type":"product","link":"https:\/\/www.teleskopshop.ch\/it\/shop\/ottica\/binocoli-e-occhiali-da-opera\/binocoli\/binocoli-barr-stroud\/barr-stroud-fernglas-skyline-8x42-dachkant\/","title":{"rendered":"Binocolo Barr &amp; Stroud Skyline 8&#215;42 prisma a tetto"},"content":{"rendered":"<p>Barr and Stroud presenta il binocolo entry-level della serie Skyline. Non preoccuparti, questo \u00e8 solo il binocolo entry level, \u00e8 dotato di tutte le funzionalit\u00e0. Convinciti mentre studi le propriet\u00e0 tecniche! Ha un&#8217;ottica multistrato. Ci\u00f2 significa che una maggiore quantit\u00e0 di luce che colpisce l&#8217;ottica viene guidata verso l&#8217;occhio dell&#8217;osservatore e l&#8217;immagine appare pi\u00f9 luminosa e con un contrasto maggiore. \u00c8 pieno di azoto. Ci\u00f2 significa che il binocolo non si appanna all&#8217;interno e puoi portarlo da una temperatura estrema all&#8217;altra. \u00c8 impermeabile. \u00c8 stato testato in una profondit\u00e0 d&#8217;acqua di 1,5 metri per 3 minuti ed \u00e8 rimasto a tenuta stagna. Il bicchiere pu\u00f2 anche cadere nella piscina o in uno specchio d&#8217;acqua e sopravviver\u00e0 fino a quando non lo tirerai fuori di nuovo. Ha prismi BaK-4 di alta qualit\u00e0. Questi prismi consentono un&#8217;ottima resa cromatica. Confronta questo con un binocolo costoso! Hanno lo stesso materiale di vetro. Hai una garanzia di 10 anni. Questi binocoli sono cos\u00ec resistenti che offriamo la stessa garanzia dei nostri binocoli top di gamma. Se stai acquistando il tuo primo binocolo con un budget limitato e desideri un binocolo completo per il birdwatching, una giornata alla gara automobilistica o un buon compagno di vacanza, la tua ricerca finisce qui! Questi binocoli Barr &amp; Stroud ti danno tutto ci\u00f2 di cui hai bisogno! Una tracolla e una borsa sono incluse nella consegna. Fornitura: binocolo 8&#215;42 Cinghia di trasporto Borsa Cappucci di protezione dalla polvere Alimentatore e batterie non inclusi!<\/p>\n<p>Generale<\/p>\n<table>\n<tr>\n<td>Peso di<\/td>\n<p> spedizione <\/p>\n<td>0,9<\/td>\n<p> kg<\/tr>\n<\/table>\n<table>\n<tr>\n<td>Dimensioni<\/td>\n<p> spedizione <\/p>\n<td>18x20x8cm<\/td>\n<\/tr>\n<\/table>\n<p>Dati: Barr &amp; Stroud<\/p>\n<table>\n<tr>\n<td>Digitare<\/td>\n<td>bordo del tetto<\/td>\n<\/tr>\n<\/table>\n<table>\n<tr>\n<td>Ingrandimento<\/td>\n<td>8x<\/td>\n<\/tr>\n<\/table>\n<table>\n<tr>\n<td>Diametro lente obiettivo (mm)<\/td>\n<td>42<\/td>\n<\/tr>\n<\/table>\n<table>\n<tr>\n<td>Pupilla di uscita (mm)<\/td>\n<td>5,25<\/td>\n<\/tr>\n<\/table>\n<table>\n<tr>\n<td>Sistema di messa a fuoco<\/td>\n<td>centrale<\/td>\n<\/tr>\n<\/table>\n<table>\n<tr>Tipi di <\/p>\n<td>vetro<\/td>\n<td>BaK-4<\/td>\n<\/tr>\n<\/table>\n<table>\n<tr>\n<td>Twilight<\/td>\n<td>numero 18.33<\/td>\n<\/tr>\n<\/table>\n<table>\n<tr>\n<td>Intensit\u00e0<\/td>\n<p> luminosa <\/p>\n<td>27.04<\/td>\n<\/tr>\n<\/table>\n<table>\n<tr>\n<td>Cappotto per lenti<\/td>\n<td>multistrato<\/td>\n<\/tr>\n<\/table>\n<table>\n<tr>Estrazione <\/p>\n<td>oculare all&#8217;oculare (mm)<\/td>\n<td>17,80<\/td>\n<\/tr>\n<\/table>\n<table>\n<tr>\n<td>Distanza interpupillare regolabile (mm)<\/td>\n<td>56-74<\/td>\n<\/tr>\n<\/table>\n<table>\n<tr>Campo <\/p>\n<td>visivo a 1000m<\/td>\n<td>119m<\/td>\n<\/tr>\n<\/table>\n<table>\n<tr>\n<td>Distanza minima di messa a fuoco (m)<\/td>\n<td>\n<table>\n<tr>\n<td>A prova di schizzi<\/td>\n<td>s\u00ec<\/td>\n<\/tr>\n<\/table>\n<table>\n<tr>\n<td>Riempimento di azoto (s\u00ec \/ no)<\/td>\n<td>s\u00ec<\/td>\n<\/tr>\n<\/table>\n","protected":false},"excerpt":{"rendered":"<p>Binocolo Barr &amp; Stroud Skyline 8&#215;42 con prisma a tetto per principianti<\/p>\n","protected":false},"featured_media":6275,"comment_status":"closed","ping_status":"open","template":"","meta":{"_acf_changed":false},"product_brand":[684],"product_cat":[1346,1349,1343,1340],"product_tag":[],"class_list":{"0":"post-61513","1":"product","2":"type-product","3":"status-publish","4":"has-post-thumbnail","6":"product_brand-barr-stroud","7":"product_cat-binocoli","8":"product_cat-binocoli-barr-stroud","9":"product_cat-binocoli-e-occhiali-da-opera","10":"product_cat-ottica","12":"first","13":"instock","14":"taxable","15":"shipping-taxable","16":"purchasable","17":"product-type-simple"},"acf":[],"_links":{"self":[{"href":"https:\/\/www.teleskopshop.ch\/it\/wp-json\/wp\/v2\/product\/61513","targetHints":{"allow":["GET"]}}],"collection":[{"href":"https:\/\/www.teleskopshop.ch\/it\/wp-json\/wp\/v2\/product"}],"about":[{"href":"https:\/\/www.teleskopshop.ch\/it\/wp-json\/wp\/v2\/types\/product"}],"replies":[{"embeddable":true,"href":"https:\/\/www.teleskopshop.ch\/it\/wp-json\/wp\/v2\/comments?post=61513"}],"wp:featuredmedia":[{"embeddable":true,"href":"https:\/\/www.teleskopshop.ch\/it\/wp-json\/wp\/v2\/media\/6275"}],"wp:attachment":[{"href":"https:\/\/www.teleskopshop.ch\/it\/wp-json\/wp\/v2\/media?parent=61513"}],"wp:term":[{"taxonomy":"product_brand","embeddable":true,"href":"https:\/\/www.teleskopshop.ch\/it\/wp-json\/wp\/v2\/product_brand?post=61513"},{"taxonomy":"product_cat","embeddable":true,"href":"https:\/\/www.teleskopshop.ch\/it\/wp-json\/wp\/v2\/product_cat?post=61513"},{"taxonomy":"product_tag","embeddable":true,"href":"https:\/\/www.teleskopshop.ch\/it\/wp-json\/wp\/v2\/product_tag?post=61513"}],"curies":[{"name":"wp","href":"https:\/\/api.w.org\/{rel}","templated":true}]}}