{"id":61452,"date":"2022-05-09T00:00:00","date_gmt":"2022-05-08T22:00:00","guid":{"rendered":"https:\/\/2025.teleskopshop.ch\/shop\/senza-categoria\/barr-stroud-fernglas-savannah-8x42\/"},"modified":"2025-01-25T13:18:20","modified_gmt":"2025-01-25T12:18:20","slug":"barr-stroud-fernglas-savannah-8x42","status":"publish","type":"product","link":"https:\/\/www.teleskopshop.ch\/it\/shop\/ottica\/binocoli-e-occhiali-da-opera\/binocoli\/binocoli-barr-stroud\/barr-stroud-fernglas-savannah-8x42\/","title":{"rendered":"Binocolo Barr &amp; Stroud Savannah 8&#215;42"},"content":{"rendered":"<p>Propriet\u00e0\/caratteristiche del binocolo: &#8211; Messa a fuoco centrale e regolazione diottrica &#8211; Ottica completamente multistrato &#8211; Prismi BaK-4 con rivestimento di fase &#8211; Impermeabilit\u00e0 fino a una profondit\u00e0 di 1,5 m per un massimo di 3 minuti &#8211; Riempimento di azoto per prevenire l&#8217;appannamento dell&#8217;umidit\u00e0 nell&#8217;ottica &#8211; Disponibili modelli ED Extra-Low Dispersion Glass &#8211; Oculari grandangolari nei modelli 8&#215;42 e 10&#215;42 &#8211; Tappi antipolvere &#8211; Conchiglie oculari telescopiche in metallo &#8211; Parapioggia &#8211; Leggero grazie al policarbonato &#8211; Robusta armatura in gomma &#8211; Custodia per il trasporto &#8211; Cinghia per il trasporto &#8211; Tappi per lenti la nuova serie di binocoli Savannah di Barr &amp; Stroud \u00e8 il mix ideale di eccellente qualit\u00e0 ottica, design tecnico avanzato e robusta perfezione. Tutti i modelli della serie di binocoli Savannah sono dotati di oculari ad alta risoluzione. Nei modelli 10&#215;42 e 8&#215;42 sono stati installati oculari grandangolari estremi che, insieme ai prismi con correzione di fase e all&#8217;ottica multistrato, offrono un&#8217;immagine ad altissima risoluzione, contrasto elevato e real-color che \u00e8 garantito come! La serie Savannah Bino viene fornita con copriobiettivo, parapioggia, tracolla e custodia per il trasporto.<\/p>\n<p>Generale<\/p>\n<table>\n<tr>\n<td>Peso<\/td>\n<p> di spedizione <\/p>\n<td>1,1<\/td>\n<p> kg<\/tr>\n<\/table>\n<table>\n<tr>\n<td>Dimensioni<\/td>\n<p> spedizione <\/p>\n<td>16x8x18,5 cm<\/td>\n<\/tr>\n<\/table>\n<p>Dati: Barr &amp; Stroud<\/p>\n<table>\n<tr>\n<td>Digitare<\/td>\n<td>bordo del tetto<\/td>\n<\/tr>\n<\/table>\n<table>\n<tr>\n<td>Ingrandimento<\/td>\n<td>8x<\/td>\n<\/tr>\n<\/table>\n<table>\n<tr>\n<td>Diametro lente obiettivo (mm)<\/td>\n<td>42<\/td>\n<\/tr>\n<\/table>\n<table>\n<tr>\n<td>Pupilla di uscita (mm)<\/td>\n<td>5,52<\/td>\n<\/tr>\n<\/table>\n<table>\n<tr>\n<td>Sistema di messa a fuoco<\/td>\n<td>centrale<\/td>\n<\/tr>\n<\/table>\n<table>\n<tr>Tipi di <\/p>\n<td>prismi BAK-4 in<\/td>\n<td>vetro<\/td>\n<\/tr>\n<\/table>\n<table>\n<tr>\n<td>Twilight<\/td>\n<td>numero 18.33<\/td>\n<\/tr>\n<\/table>\n<table>\n<tr>\n<td>Intensit\u00e0<\/td>\n<p> luminosa <\/p>\n<td>27.56<\/td>\n<\/tr>\n<\/table>\n<table>\n<tr>\n<td>Rivestimento lenti<\/td>\n<td>FMC<\/td>\n<\/tr>\n<\/table>\n<table>\n<tr>\n<td>Estrazione oculare all&#8217;oculare (mm)<\/td>\n<td>14.00<\/td>\n<\/tr>\n<\/table>\n<table>\n<tr>\n<td>Distanza interpupillare regolabile (mm)<\/td>\n<td>56-75<\/td>\n<\/tr>\n<\/table>\n<table>\n<tr>\n<td>Distanza minima di messa a fuoco (m)<\/td>\n<td>\n<table>\n<tr>\n<td>A prova di schizzi<\/td>\n<td>s\u00ec<\/td>\n<\/tr>\n<\/table>\n","protected":false},"excerpt":{"rendered":"<p>Binocolo Barr &amp; Stroud Savannah serie 62<\/p>\n","protected":false},"featured_media":6127,"comment_status":"closed","ping_status":"open","template":"","meta":{"_acf_changed":false},"product_brand":[684],"product_cat":[1346,1349,1343,1340],"product_tag":[],"class_list":{"0":"post-61452","1":"product","2":"type-product","3":"status-publish","4":"has-post-thumbnail","6":"product_brand-barr-stroud","7":"product_cat-binocoli","8":"product_cat-binocoli-barr-stroud","9":"product_cat-binocoli-e-occhiali-da-opera","10":"product_cat-ottica","12":"first","13":"instock","14":"taxable","15":"shipping-taxable","16":"purchasable","17":"product-type-simple"},"acf":[],"_links":{"self":[{"href":"https:\/\/www.teleskopshop.ch\/it\/wp-json\/wp\/v2\/product\/61452","targetHints":{"allow":["GET"]}}],"collection":[{"href":"https:\/\/www.teleskopshop.ch\/it\/wp-json\/wp\/v2\/product"}],"about":[{"href":"https:\/\/www.teleskopshop.ch\/it\/wp-json\/wp\/v2\/types\/product"}],"replies":[{"embeddable":true,"href":"https:\/\/www.teleskopshop.ch\/it\/wp-json\/wp\/v2\/comments?post=61452"}],"wp:featuredmedia":[{"embeddable":true,"href":"https:\/\/www.teleskopshop.ch\/it\/wp-json\/wp\/v2\/media\/6127"}],"wp:attachment":[{"href":"https:\/\/www.teleskopshop.ch\/it\/wp-json\/wp\/v2\/media?parent=61452"}],"wp:term":[{"taxonomy":"product_brand","embeddable":true,"href":"https:\/\/www.teleskopshop.ch\/it\/wp-json\/wp\/v2\/product_brand?post=61452"},{"taxonomy":"product_cat","embeddable":true,"href":"https:\/\/www.teleskopshop.ch\/it\/wp-json\/wp\/v2\/product_cat?post=61452"},{"taxonomy":"product_tag","embeddable":true,"href":"https:\/\/www.teleskopshop.ch\/it\/wp-json\/wp\/v2\/product_tag?post=61452"}],"curies":[{"name":"wp","href":"https:\/\/api.w.org\/{rel}","templated":true}]}}