{"id":61392,"date":"2022-05-09T00:00:00","date_gmt":"2022-05-08T22:00:00","guid":{"rendered":"https:\/\/2025.teleskopshop.ch\/shop\/senza-categoria\/skywatcher-hm5-polsucher-fernrohr-fuer-eq3-2-teleskop-montierung\/"},"modified":"2025-01-25T13:26:47","modified_gmt":"2025-01-25T12:26:47","slug":"skywatcher-hm5-polsucher-fernrohr-fuer-eq3-2-teleskop-montierung","status":"publish","type":"product","link":"https:\/\/www.teleskopshop.ch\/it\/shop\/montature\/accessori\/accessori-ottici\/skywatcher-hm5-polsucher-fernrohr-fuer-eq3-2-teleskop-montierung\/","title":{"rendered":"Cercatore polare Skywatcher HM5 per montatura per telescopio EQ3-2"},"content":{"rendered":"<p>Il cercatore polare Skywatcher HM5 \u00e8 un accessorio molto utile per la montatura del telescopio EQ3-2. Consente un allineamento polare pi\u00f9 rapido e preciso, facendo risparmiare molto tempo all&#8217;osservatore e dandogli pi\u00f9 tempo per osservare. Il telescopio cercatore polare HM5 pu\u00f2 essere utilizzato per il cielo settentrionale e meridionale. Fornitura: cercatore polare HM5 per EQ3-2 Alimentatore e batterie non inclusi!<\/p>\n<p>Generale<\/p>\n<table>\n<tr>\n<td>Peso<\/td>\n<p> di spedizione <\/p>\n<td>0,158 kg<\/td>\n<\/tr>\n<\/table>\n<table>\n<tr>\n<td>Dimensioni<\/td>\n<p> di spedizione <\/p>\n<td>16&#215;6,5&#215;7,5 cm<\/td>\n<\/tr>\n<\/table>\n<p>attrezzatura<\/p>\n<table>\n<tr>\n<td>Tipo<\/td>\n<td>cercatore polare per montature EQ3-2<\/td>\n<\/tr>\n<\/table>\n","protected":false},"excerpt":{"rendered":"<p>Cercatore polare Skywatcher per montatura per telescopio EQ3-2<\/p>\n","protected":false},"featured_media":5067,"comment_status":"closed","ping_status":"open","template":"","meta":{"_acf_changed":false},"product_brand":[675],"product_cat":[1316,1325,1280],"product_tag":[],"class_list":{"0":"post-61392","1":"product","2":"type-product","3":"status-publish","4":"has-post-thumbnail","6":"product_brand-skywatcher","7":"product_cat-accessori","8":"product_cat-accessori-ottici","9":"product_cat-montature","11":"first","12":"instock","13":"taxable","14":"shipping-taxable","15":"purchasable","16":"product-type-simple"},"acf":[],"_links":{"self":[{"href":"https:\/\/www.teleskopshop.ch\/it\/wp-json\/wp\/v2\/product\/61392","targetHints":{"allow":["GET"]}}],"collection":[{"href":"https:\/\/www.teleskopshop.ch\/it\/wp-json\/wp\/v2\/product"}],"about":[{"href":"https:\/\/www.teleskopshop.ch\/it\/wp-json\/wp\/v2\/types\/product"}],"replies":[{"embeddable":true,"href":"https:\/\/www.teleskopshop.ch\/it\/wp-json\/wp\/v2\/comments?post=61392"}],"wp:featuredmedia":[{"embeddable":true,"href":"https:\/\/www.teleskopshop.ch\/it\/wp-json\/wp\/v2\/media\/5067"}],"wp:attachment":[{"href":"https:\/\/www.teleskopshop.ch\/it\/wp-json\/wp\/v2\/media?parent=61392"}],"wp:term":[{"taxonomy":"product_brand","embeddable":true,"href":"https:\/\/www.teleskopshop.ch\/it\/wp-json\/wp\/v2\/product_brand?post=61392"},{"taxonomy":"product_cat","embeddable":true,"href":"https:\/\/www.teleskopshop.ch\/it\/wp-json\/wp\/v2\/product_cat?post=61392"},{"taxonomy":"product_tag","embeddable":true,"href":"https:\/\/www.teleskopshop.ch\/it\/wp-json\/wp\/v2\/product_tag?post=61392"}],"curies":[{"name":"wp","href":"https:\/\/api.w.org\/{rel}","templated":true}]}}