{"id":61389,"date":"2022-05-09T00:00:00","date_gmt":"2022-05-08T22:00:00","guid":{"rendered":"https:\/\/2025.teleskopshop.ch\/shop\/senza-categoria\/stativ-mit-edelstahlrohrbeinen-und-3-8-befestigungsschraube\/"},"modified":"2025-01-25T13:26:53","modified_gmt":"2025-01-25T12:26:53","slug":"stativ-mit-edelstahlrohrbeinen-und-3-8-befestigungsschraube","status":"publish","type":"product","link":"https:\/\/www.teleskopshop.ch\/it\/shop\/montature\/accessori\/accessori-meccanici\/stativ-mit-edelstahlrohrbeinen-und-3-8-befestigungsschraube\/","title":{"rendered":"Treppiede con gambe tubolari in acciaio inox e vite di montaggio da 3\/8&#8243;."},"content":{"rendered":"<p>Un pesante treppiede Skywatcher HD con gambe in acciaio inossidabile da 1,75&#8243; di diametro e un bullone di montaggio centrale filettato da 3\/8&#8243; (si adatta anche a una filettatura di connessione da 10 mm), completo di vassoio per accessori. Il treppiede pu\u00f2 essere regolato in altezza da 83,5 cm a 115 cm. \u00c8 compatibile con la colonna di estensione Skywatcher da 21,5 cm (codice articolo 20313). Pu\u00f2 essere utilizzato per aggiornare i treppiedi standard in alluminio degli attacchi AZ5, AZ Pronto, AZ-GTi e AZ-EQ Avant per ottenere una stabilit\u00e0 significativamente maggiore. Naturalmente, \u00e8 possibile utilizzarlo anche con qualsiasi altra testa per treppiede con attacco filettato da 3\/8&#8243;. Fornitura: treppiede HD da 1,75&#8243; con vassoio! Alimentazione e batterie non incluse!<br \/>\nGenerale<\/p>\n<table>\n<tbody>\n<tr>\n<td>Peso di spedizione<\/td>\n<td>6,8 kg<\/td>\n<\/tr>\n<\/tbody>\n<\/table>\n<table>\n<tbody>\n<tr>\n<td>Dimensioni di spedizione<\/td>\n<td>101x20x20cm<\/td>\n<\/tr>\n<\/tbody>\n<\/table>\n<p>attrezzatura<\/p>\n<table>\n<tbody>\n<tr>\n<td>Digitare<\/td>\n<td>Treppiede per tubo in acciaio inossidabile HD da 1,75&#8243; con filettatura di collegamento da 3\/8&#8243;<\/td>\n<\/tr>\n<\/tbody>\n<\/table>\n<table>\n<tbody>\n<tr>\n<td>Connessione<\/td>\n<td>Filettatura fotografica da 3\/8&#8243; (compatibile con M10)<\/td>\n<\/tr>\n<\/tbody>\n<\/table>\n<table>\n<tbody>\n<tr>\n<td>Materiale<\/td>\n<td>Alluminio \/ Acciaio inossidabile<\/td>\n<\/tr>\n<\/tbody>\n<\/table>\n","protected":false},"excerpt":{"rendered":"<p>Treppiede stabile per AZ5 AZ-GTi Pronto e supporti simili<\/p>\n","protected":false},"featured_media":5055,"comment_status":"closed","ping_status":"open","template":"","meta":{"_acf_changed":false},"product_brand":[681],"product_cat":[1316,1322,1280],"product_tag":[],"class_list":{"0":"post-61389","1":"product","2":"type-product","3":"status-publish","4":"has-post-thumbnail","6":"product_brand-sonstige","7":"product_cat-accessori","8":"product_cat-accessori-meccanici","9":"product_cat-montature","11":"first","12":"instock","13":"taxable","14":"shipping-taxable","15":"purchasable","16":"product-type-simple"},"acf":[],"_links":{"self":[{"href":"https:\/\/www.teleskopshop.ch\/it\/wp-json\/wp\/v2\/product\/61389","targetHints":{"allow":["GET"]}}],"collection":[{"href":"https:\/\/www.teleskopshop.ch\/it\/wp-json\/wp\/v2\/product"}],"about":[{"href":"https:\/\/www.teleskopshop.ch\/it\/wp-json\/wp\/v2\/types\/product"}],"replies":[{"embeddable":true,"href":"https:\/\/www.teleskopshop.ch\/it\/wp-json\/wp\/v2\/comments?post=61389"}],"wp:featuredmedia":[{"embeddable":true,"href":"https:\/\/www.teleskopshop.ch\/it\/wp-json\/wp\/v2\/media\/5055"}],"wp:attachment":[{"href":"https:\/\/www.teleskopshop.ch\/it\/wp-json\/wp\/v2\/media?parent=61389"}],"wp:term":[{"taxonomy":"product_brand","embeddable":true,"href":"https:\/\/www.teleskopshop.ch\/it\/wp-json\/wp\/v2\/product_brand?post=61389"},{"taxonomy":"product_cat","embeddable":true,"href":"https:\/\/www.teleskopshop.ch\/it\/wp-json\/wp\/v2\/product_cat?post=61389"},{"taxonomy":"product_tag","embeddable":true,"href":"https:\/\/www.teleskopshop.ch\/it\/wp-json\/wp\/v2\/product_tag?post=61389"}],"curies":[{"name":"wp","href":"https:\/\/api.w.org\/{rel}","templated":true}]}}