{"id":61336,"date":"2022-05-09T00:00:00","date_gmt":"2022-05-08T22:00:00","guid":{"rendered":"https:\/\/2025.teleskopshop.ch\/shop\/senza-categoria\/skywatcher-saeulenstativ-fuer-eq8-teleskop-montierung\/"},"modified":"2025-04-22T13:44:55","modified_gmt":"2025-04-22T11:44:55","slug":"skywatcher-saeulenstativ-fuer-eq8-teleskop-montierung","status":"publish","type":"product","link":"https:\/\/www.teleskopshop.ch\/it\/shop\/montature\/accessori\/accessori-meccanici\/skywatcher-saeulenstativ-fuer-eq8-teleskop-montierung\/","title":{"rendered":"Skywatcher S\u00e4ulenstativ f\u00fcr EQ8 Teleskop Montierung"},"content":{"rendered":"<p>Schweres Skywatcher S\u00e4ulenstativ f\u00fcr die EQ8 Teleskop Montierung. Mit h\u00f6henjustierbaren Unterlagen, zusammenfaltbar f\u00fcr leichteren Transport. Lieferumfang: EQ8 S\u00e4ulenstativ 3er Set Unterlagen !Stromversorgung und Batterien sind nicht im Lieferumfang enthalten!<\/p>\n<p>Allgemein<\/p>\n<table>\n<tr>\n<td>Versandgewicht<\/td>\n<td>39.7kg<\/td>\n<\/tr>\n<\/table>\n<table>\n<tr>\n<td>Versandgr\u00f6\u00dfe<\/td>\n<td>99x50x50cm<\/td>\n<\/tr>\n<\/table>\n<p>Zubeh\u00f6r<\/p>\n<table>\n<tr>\n<td>Typ<\/td>\n<td>S\u00e4ulenstativ zusammenklappbar<\/td>\n<\/tr>\n<\/table>\n","protected":false},"excerpt":{"rendered":"<p>Vielen Dank f\u00fcr Ihren Besuch bei Teleskopshop.ch. <\/p>\n<p>Es freut uns, Ihnen das Produkt <b>Skywatcher S\u00e4ulenstativ f\u00fcr EQ8 Teleskop Montierung<\/b> zu den nachfolgenden Konditionen anbieten zu d\u00fcrfen.<\/p>\n","protected":false},"featured_media":4987,"comment_status":"closed","ping_status":"closed","template":"","meta":{"_acf_changed":false},"product_brand":[675],"product_cat":[1316,1322,1280],"product_tag":[],"class_list":{"0":"post-61336","1":"product","2":"type-product","3":"status-publish","4":"has-post-thumbnail","6":"product_brand-skywatcher","7":"product_cat-accessori","8":"product_cat-accessori-meccanici","9":"product_cat-montature","11":"first","12":"instock","13":"sale","14":"taxable","15":"shipping-taxable","16":"purchasable","17":"product-type-simple"},"acf":[],"_links":{"self":[{"href":"https:\/\/www.teleskopshop.ch\/it\/wp-json\/wp\/v2\/product\/61336","targetHints":{"allow":["GET"]}}],"collection":[{"href":"https:\/\/www.teleskopshop.ch\/it\/wp-json\/wp\/v2\/product"}],"about":[{"href":"https:\/\/www.teleskopshop.ch\/it\/wp-json\/wp\/v2\/types\/product"}],"replies":[{"embeddable":true,"href":"https:\/\/www.teleskopshop.ch\/it\/wp-json\/wp\/v2\/comments?post=61336"}],"wp:featuredmedia":[{"embeddable":true,"href":"https:\/\/www.teleskopshop.ch\/it\/wp-json\/wp\/v2\/media\/4987"}],"wp:attachment":[{"href":"https:\/\/www.teleskopshop.ch\/it\/wp-json\/wp\/v2\/media?parent=61336"}],"wp:term":[{"taxonomy":"product_brand","embeddable":true,"href":"https:\/\/www.teleskopshop.ch\/it\/wp-json\/wp\/v2\/product_brand?post=61336"},{"taxonomy":"product_cat","embeddable":true,"href":"https:\/\/www.teleskopshop.ch\/it\/wp-json\/wp\/v2\/product_cat?post=61336"},{"taxonomy":"product_tag","embeddable":true,"href":"https:\/\/www.teleskopshop.ch\/it\/wp-json\/wp\/v2\/product_tag?post=61336"}],"curies":[{"name":"wp","href":"https:\/\/api.w.org\/{rel}","templated":true}]}}