{"id":61321,"date":"2022-05-09T00:00:00","date_gmt":"2022-05-08T22:00:00","guid":{"rendered":"https:\/\/2025.teleskopshop.ch\/shop\/senza-categoria\/skywatcher-evostar-150ed-deluxe-rohrschellen-und-prismenschienen-set\/"},"modified":"2025-01-25T13:26:54","modified_gmt":"2025-01-25T12:26:54","slug":"skywatcher-evostar-150ed-deluxe-rohrschellen-und-prismenschienen-set","status":"publish","type":"product","link":"https:\/\/www.teleskopshop.ch\/it\/shop\/montature\/accessori\/accessori-meccanici\/skywatcher-evostar-150ed-deluxe-rohrschellen-und-prismenschienen-set\/","title":{"rendered":"Set di anelli tubolari e barre a coda di rondine Skywatcher Evostar 150ED Deluxe"},"content":{"rendered":"<p>Set di fascette per tubi in alluminio di alta qualit\u00e0 per Skywatcher Evostar 150ED. Questo set \u00e8 pi\u00f9 resistente dell&#8217;originale set di barre a coda di rondine in stile Vixen fornito con esso ed \u00e8 realizzato in alluminio anodizzato nero e verde. Il set pesa 2,1 kg. Il telescopio non \u00e8 incluso! Fornitura: 1 paio di fascette stringitubo 1 barra a coda di rondine 3&#8243; Losmandy Style! Alimentazione e batterie non incluse!<\/p>\n<p>Generale<\/p>\n<table>\n<tr>Peso di <\/p>\n<td>spedizione<\/td>\n<td>1,2 kg \/ 1,2 kg<\/td>\n<\/tr>\n<\/table>\n<table>\n<tr>Dimensioni di <\/p>\n<td>spedizione<\/td>\n<td>38&#215;14,5&#215;6 cm \/ 20x20x10 cm<\/td>\n<\/tr>\n<\/table>\n<p>attrezzatura<\/p>\n<table>\n<tr>\n<td>Tipo<\/td>\n<td>coppia di morsetti per tubi in alluminio \/ barra a coda di rondine da 3&#8243;.<\/td>\n<\/tr>\n<\/table>\n<table>\n<tr>\n<td>materiale<\/td>\n<td>alluminio<\/td>\n<\/tr>\n<\/table>\n","protected":false},"excerpt":{"rendered":"<p>Set di fascette stringitubo in alluminio con barra a coda di rondine da 3&#8243; per Evostar 150ED<\/p>\n","protected":false},"featured_media":4967,"comment_status":"closed","ping_status":"open","template":"","meta":{"_acf_changed":false},"product_brand":[675],"product_cat":[1316,1322,1280],"product_tag":[],"class_list":{"0":"post-61321","1":"product","2":"type-product","3":"status-publish","4":"has-post-thumbnail","6":"product_brand-skywatcher","7":"product_cat-accessori","8":"product_cat-accessori-meccanici","9":"product_cat-montature","11":"first","12":"instock","13":"taxable","14":"shipping-taxable","15":"purchasable","16":"product-type-simple"},"acf":[],"_links":{"self":[{"href":"https:\/\/www.teleskopshop.ch\/it\/wp-json\/wp\/v2\/product\/61321","targetHints":{"allow":["GET"]}}],"collection":[{"href":"https:\/\/www.teleskopshop.ch\/it\/wp-json\/wp\/v2\/product"}],"about":[{"href":"https:\/\/www.teleskopshop.ch\/it\/wp-json\/wp\/v2\/types\/product"}],"replies":[{"embeddable":true,"href":"https:\/\/www.teleskopshop.ch\/it\/wp-json\/wp\/v2\/comments?post=61321"}],"wp:featuredmedia":[{"embeddable":true,"href":"https:\/\/www.teleskopshop.ch\/it\/wp-json\/wp\/v2\/media\/4967"}],"wp:attachment":[{"href":"https:\/\/www.teleskopshop.ch\/it\/wp-json\/wp\/v2\/media?parent=61321"}],"wp:term":[{"taxonomy":"product_brand","embeddable":true,"href":"https:\/\/www.teleskopshop.ch\/it\/wp-json\/wp\/v2\/product_brand?post=61321"},{"taxonomy":"product_cat","embeddable":true,"href":"https:\/\/www.teleskopshop.ch\/it\/wp-json\/wp\/v2\/product_cat?post=61321"},{"taxonomy":"product_tag","embeddable":true,"href":"https:\/\/www.teleskopshop.ch\/it\/wp-json\/wp\/v2\/product_tag?post=61321"}],"curies":[{"name":"wp","href":"https:\/\/api.w.org\/{rel}","templated":true}]}}