{"id":61285,"date":"2022-05-09T00:00:00","date_gmt":"2022-05-08T22:00:00","guid":{"rendered":"https:\/\/2025.teleskopshop.ch\/shop\/senza-categoria\/teleskop-twistlock-adapter-2-auf-1-25\/"},"modified":"2025-01-25T13:26:11","modified_gmt":"2025-01-25T12:26:11","slug":"teleskop-twistlock-adapter-2-auf-1-25","status":"publish","type":"product","link":"https:\/\/www.teleskopshop.ch\/it\/shop\/montature\/accessori\/accessori-meccanici\/teleskop-twistlock-adapter-2-auf-1-25\/","title":{"rendered":"Adattatore TwistLock per telescopio da 2&#8243; a 1,25&#8243;"},"content":{"rendered":"<p>L&#8217;adattatore TwistLock OVL \u00e8 un adattatore per oculare telescopico innovativo, a basso profilo, autocentrante da 2&#8243; a 1,25&#8243; in una robusta struttura metallica filettata per ospitare filtri standard da 2&#8243;. Basta ruotare l&#8217;anello di montaggio zigrinato superiore e l&#8217;oculare da 1,25&#8243; , l&#8217;adattatore per fotocamera o il collimatore laser \u00e8 centrato con precisione nel focheggiatore da 2&#8243; e fissato da un anello di compressione in polipropilene che impedisce di graffiare o danneggiare l&#8217;accessorio. Gli adattatori standard da 1,25&#8243; utilizzano una vite a testa zigrinata che comprime l&#8217;accessorio su un lato quando viene serrato, non cos\u00ec questo adattatore. Ma aspetta, c&#8217;\u00e8 di pi\u00f9&#8230; se sviti l&#8217;anello di montaggio zigrinato, troverai sotto una filettatura T2 maschio che accetta la tua fotocamera o altro accessorio. (Adattatore da 2&#8243; a T2). Cos\u00ec avrete 2 adattatori al prezzo di uno. Ne vorrete sicuramente uno per ciascuno dei vostri telescopi! Fornitura: anello adattatore !Alimentatore e batterie non sono inclusi nella fornitura!<\/p>\n<p>Generale<\/p>\n<table>\n<tr>\n<td>Peso<\/td>\n<p> di spedizione <\/p>\n<td>0,112 kg<\/td>\n<\/tr>\n<\/table>\n<table>\n<tr>\n<td>Dimensioni<\/td>\n<p> di spedizione <\/p>\n<td>7,5&#215;6,5&#215;4 cm<\/td>\n<\/tr>\n<\/table>\n<p>attrezzatura<\/p>\n<table>\n<tr>\n<td>Tipo<\/td>\n<td>Adattatore autocentrante da 1,25&#8243; a 2&#8243;<\/td>\n<\/tr>\n<\/table>\n<table>\n<tr>\n<td>Collegamento<\/td>\n<td>attacco a spina da 2&#8243; lato telescopio \/ attacco a spina da 1,25&#8243; lato oculare<\/td>\n<\/tr>\n<\/table>\n","protected":false},"excerpt":{"rendered":"<p>Adattatore per telescopio autocentrante per accessori da 1,25&#8243; a connessione da 2&#8243;.<\/p>\n","protected":false},"featured_media":5803,"comment_status":"closed","ping_status":"open","template":"","meta":{"_acf_changed":false},"product_brand":[681],"product_cat":[1316,1322,1280],"product_tag":[],"class_list":{"0":"post-61285","1":"product","2":"type-product","3":"status-publish","4":"has-post-thumbnail","6":"product_brand-sonstige","7":"product_cat-accessori","8":"product_cat-accessori-meccanici","9":"product_cat-montature","11":"first","12":"instock","13":"taxable","14":"shipping-taxable","15":"purchasable","16":"product-type-simple"},"acf":[],"_links":{"self":[{"href":"https:\/\/www.teleskopshop.ch\/it\/wp-json\/wp\/v2\/product\/61285","targetHints":{"allow":["GET"]}}],"collection":[{"href":"https:\/\/www.teleskopshop.ch\/it\/wp-json\/wp\/v2\/product"}],"about":[{"href":"https:\/\/www.teleskopshop.ch\/it\/wp-json\/wp\/v2\/types\/product"}],"replies":[{"embeddable":true,"href":"https:\/\/www.teleskopshop.ch\/it\/wp-json\/wp\/v2\/comments?post=61285"}],"wp:featuredmedia":[{"embeddable":true,"href":"https:\/\/www.teleskopshop.ch\/it\/wp-json\/wp\/v2\/media\/5803"}],"wp:attachment":[{"href":"https:\/\/www.teleskopshop.ch\/it\/wp-json\/wp\/v2\/media?parent=61285"}],"wp:term":[{"taxonomy":"product_brand","embeddable":true,"href":"https:\/\/www.teleskopshop.ch\/it\/wp-json\/wp\/v2\/product_brand?post=61285"},{"taxonomy":"product_cat","embeddable":true,"href":"https:\/\/www.teleskopshop.ch\/it\/wp-json\/wp\/v2\/product_cat?post=61285"},{"taxonomy":"product_tag","embeddable":true,"href":"https:\/\/www.teleskopshop.ch\/it\/wp-json\/wp\/v2\/product_tag?post=61285"}],"curies":[{"name":"wp","href":"https:\/\/api.w.org\/{rel}","templated":true}]}}