{"id":61279,"date":"2022-05-09T00:00:00","date_gmt":"2022-05-08T22:00:00","guid":{"rendered":"https:\/\/2025.teleskopshop.ch\/shop\/senza-categoria\/skywatcher-teleskop-zahnstangen-okularauszug-1-25-2\/"},"modified":"2025-01-25T13:26:12","modified_gmt":"2025-01-25T12:26:12","slug":"skywatcher-teleskop-zahnstangen-okularauszug-1-25-2","status":"publish","type":"product","link":"https:\/\/www.teleskopshop.ch\/it\/shop\/montature\/accessori\/accessori-meccanici\/skywatcher-teleskop-zahnstangen-okularauszug-1-25-2\/","title":{"rendered":"Skywatcher focheggiatore a pignone e cremagliera 1.25&#8243; \/ 2&#8243;"},"content":{"rendered":"<p>Il focheggiatore a pignone e cremagliera Sky-Watcher di alta qualit\u00e0 \u00e8 stato costruito per i telescopi newtoniani. \u00c8 possibile utilizzare oculari da 1,25&#8243; e 2&#8243;. L&#8217;attrito pu\u00f2 essere regolato con una vite di regolazione e l&#8217;estensione pu\u00f2 anche essere fissata. Fornitura: focheggiatore a pignone e cremagliera per Newton Alimentatore e batterie non inclusi!<\/p>\n<p>Generale<\/p>\n<table>\n<tr>\n<td>Peso<\/td>\n<p> di spedizione <\/p>\n<td>0,542 kg<\/td>\n<\/tr>\n<\/table>\n<table>\n<tr>\n<td>Dimensioni<\/td>\n<p> spedizione <\/p>\n<td>15x15x20cm<\/td>\n<\/tr>\n<\/table>\n<p>attrezzatura<\/p>\n<table>\n<tr>\n<td>Tipo<\/td>\n<td>focheggiatore a pignone e cremagliera<\/td>\n<\/tr>\n<\/table>\n<table>\n<tr>\n<td>Connessione<\/td>\n<td>2&#8243; \/ 1,25&#8243;<\/td>\n<\/tr>\n<\/table>\n<table>\n<tr>\n<td>materiale<\/td>\n<td>alluminio<\/td>\n<\/tr>\n<\/table>\n","protected":false},"excerpt":{"rendered":"<p>Skywatcher focheggiatore a pignone e cremagliera di alta qualit\u00e0 per oculari da 2&#8243; e 1,25&#8243;.<\/p>\n","protected":false},"featured_media":5795,"comment_status":"closed","ping_status":"open","template":"","meta":{"_acf_changed":false},"product_brand":[675],"product_cat":[1316,1322,1280],"product_tag":[],"class_list":{"0":"post-61279","1":"product","2":"type-product","3":"status-publish","4":"has-post-thumbnail","6":"product_brand-skywatcher","7":"product_cat-accessori","8":"product_cat-accessori-meccanici","9":"product_cat-montature","11":"first","12":"instock","13":"taxable","14":"shipping-taxable","15":"purchasable","16":"product-type-simple"},"acf":[],"_links":{"self":[{"href":"https:\/\/www.teleskopshop.ch\/it\/wp-json\/wp\/v2\/product\/61279","targetHints":{"allow":["GET"]}}],"collection":[{"href":"https:\/\/www.teleskopshop.ch\/it\/wp-json\/wp\/v2\/product"}],"about":[{"href":"https:\/\/www.teleskopshop.ch\/it\/wp-json\/wp\/v2\/types\/product"}],"replies":[{"embeddable":true,"href":"https:\/\/www.teleskopshop.ch\/it\/wp-json\/wp\/v2\/comments?post=61279"}],"wp:featuredmedia":[{"embeddable":true,"href":"https:\/\/www.teleskopshop.ch\/it\/wp-json\/wp\/v2\/media\/5795"}],"wp:attachment":[{"href":"https:\/\/www.teleskopshop.ch\/it\/wp-json\/wp\/v2\/media?parent=61279"}],"wp:term":[{"taxonomy":"product_brand","embeddable":true,"href":"https:\/\/www.teleskopshop.ch\/it\/wp-json\/wp\/v2\/product_brand?post=61279"},{"taxonomy":"product_cat","embeddable":true,"href":"https:\/\/www.teleskopshop.ch\/it\/wp-json\/wp\/v2\/product_cat?post=61279"},{"taxonomy":"product_tag","embeddable":true,"href":"https:\/\/www.teleskopshop.ch\/it\/wp-json\/wp\/v2\/product_tag?post=61279"}],"curies":[{"name":"wp","href":"https:\/\/api.w.org\/{rel}","templated":true}]}}