{"id":61228,"date":"2022-05-09T00:00:00","date_gmt":"2022-05-08T22:00:00","guid":{"rendered":"https:\/\/2025.teleskopshop.ch\/shop\/senza-categoria\/skywatcher-neuer-verbesserter-2-achs-motor-antrieb-fuer-eq3-2\/"},"modified":"2025-01-25T13:28:02","modified_gmt":"2025-01-25T12:28:02","slug":"skywatcher-neuer-verbesserter-2-achs-motor-antrieb-fuer-eq3-2","status":"publish","type":"product","link":"https:\/\/www.teleskopshop.ch\/it\/shop\/montature\/accessori\/accessori-elettronici\/skywatcher-neuer-verbesserter-2-achs-motor-antrieb-fuer-eq3-2\/","title":{"rendered":"Skywatcher Nuovo azionamento motore a 2 assi migliorato per EQ3-2"},"content":{"rendered":"<p>Questo set di unit\u00e0 per entrambi gli assi della montatura con la nuova scatola di comando manuale migliorata di Sky-Watcher \u00e8 necessaria per lunghe esposizioni in astrofotografia ma \u00e8 anche molto utile per l&#8217;osservazione visiva. Controlla con precisione la velocit\u00e0 di tracciamento e quindi compensa la rotazione terrestre per lunghe esposizioni di oggetti celesti. La nuova pulsantiera migliorata ha un&#8217;interfaccia ST4 per autoguide come Sky-Watcher Synguider. \u00c8 possibile impostare diverse velocit\u00e0 di tracciamento per sole, luna e siderale, nonch\u00e9 velocit\u00e0 di correzione di 0,5x, 2x e 16x. Per un funzionamento pi\u00f9 conveniente, \u00e8 possibile scambiare i pulsanti di controllo manuale per su\/gi\u00f9, sinistra\/destra in modo che corrispondano alla direzione di movimento del telescopio. I controlli possono essere utilizzati negli emisferi settentrionale e meridionale. L&#8217;azionamento del motore CC \u00e8 alimentato da batterie 4 D (non incluse). Fornitura: 2 motori di azionamento con staffe e attrezzi\/viti cavo scatola di comando manuale sacchetto della batteria !Alimentazione e batterie non sono comprese nella fornitura!<\/p>\n<p>Generale<\/p>\n<table>\n<tr>\n<td>Peso<\/td>\n<p> di spedizione <\/p>\n<td>1,21 kg<\/td>\n<\/tr>\n<\/table>\n<table>\n<tr>\n<td>Dimensioni<\/td>\n<p> di spedizione <\/p>\n<td>38x22x12 cm<\/td>\n<\/tr>\n<\/table>\n<p>attrezzatura<\/p>\n<table>\n<tr>\n<td>Tipo<\/td>\n<td>set motore per assi AR e DECEQ3-2<\/td>\n<\/tr>\n<\/table>\n","protected":false},"excerpt":{"rendered":"<p>Motorizzazione Skywatcher impostata in ascensione retta e declinazione per montature equatoriali EQ3-2<\/p>\n","protected":false},"featured_media":4859,"comment_status":"closed","ping_status":"open","template":"","meta":{"_acf_changed":false},"product_brand":[675],"product_cat":[1316,1319,1280],"product_tag":[],"class_list":{"0":"post-61228","1":"product","2":"type-product","3":"status-publish","4":"has-post-thumbnail","6":"product_brand-skywatcher","7":"product_cat-accessori","8":"product_cat-accessori-elettronici","9":"product_cat-montature","11":"first","12":"instock","13":"taxable","14":"shipping-taxable","15":"purchasable","16":"product-type-simple"},"acf":[],"_links":{"self":[{"href":"https:\/\/www.teleskopshop.ch\/it\/wp-json\/wp\/v2\/product\/61228","targetHints":{"allow":["GET"]}}],"collection":[{"href":"https:\/\/www.teleskopshop.ch\/it\/wp-json\/wp\/v2\/product"}],"about":[{"href":"https:\/\/www.teleskopshop.ch\/it\/wp-json\/wp\/v2\/types\/product"}],"replies":[{"embeddable":true,"href":"https:\/\/www.teleskopshop.ch\/it\/wp-json\/wp\/v2\/comments?post=61228"}],"wp:featuredmedia":[{"embeddable":true,"href":"https:\/\/www.teleskopshop.ch\/it\/wp-json\/wp\/v2\/media\/4859"}],"wp:attachment":[{"href":"https:\/\/www.teleskopshop.ch\/it\/wp-json\/wp\/v2\/media?parent=61228"}],"wp:term":[{"taxonomy":"product_brand","embeddable":true,"href":"https:\/\/www.teleskopshop.ch\/it\/wp-json\/wp\/v2\/product_brand?post=61228"},{"taxonomy":"product_cat","embeddable":true,"href":"https:\/\/www.teleskopshop.ch\/it\/wp-json\/wp\/v2\/product_cat?post=61228"},{"taxonomy":"product_tag","embeddable":true,"href":"https:\/\/www.teleskopshop.ch\/it\/wp-json\/wp\/v2\/product_tag?post=61228"}],"curies":[{"name":"wp","href":"https:\/\/api.w.org\/{rel}","templated":true}]}}