{"id":60302,"date":"2022-09-02T00:00:00","date_gmt":"2022-09-01T22:00:00","guid":{"rendered":"https:\/\/2025.teleskopshop.ch\/shop\/senza-categoria\/skywatcher-teleskop-startravel-102-az-go2\/"},"modified":"2025-03-03T09:47:57","modified_gmt":"2025-03-03T08:47:57","slug":"skywatcher-teleskop-startravel-102-az-go2","status":"publish","type":"product","link":"https:\/\/www.teleskopshop.ch\/it\/shop\/ottica\/telescopi\/telescopio-per-principianti\/azimutale\/skywatcher-teleskop-startravel-102-az-go2\/","title":{"rendered":"Skywatcher Teleskop STARTRAVEL-102 AZ-GO2"},"content":{"rendered":"<p>Das leicht transportable Sky-Watcher Startravel-102 AZ-Go2 Teleskop wurde speziell zur drahtlosen Steuerung \u00fcber ein Smartphone oder Tablet, mit der Freeware SynScan App f\u00fcr iOS und Android, entwickelt. Die AZ-Go2 Montierung verf\u00fcgt dazu \u00fcber ein eingebautes WiFi Modul, das sein eigenes WiFi Netzwerk erzeugt, so dass die Montierung \u00fcberall ohne ein vorhandenes WiFi oder mobiles Netzwerk, betrieben werden kann. Nachdem Sie die Koordinaten in die App eingegeben haben und eine einfache Ausrichtungsprozedur durchgef\u00fchrt haben, sind Sie bereit das Universum mit den intuitiven Touchscreen Menues der App zu erkunden.<\/p>\n<p>Die AZ-Go2 Montierung mit der SynScan App erm\u00f6glicht eine voll computergesteuerte GoTo Kontrolle und erlaubt dabei das Teleskop automatisch auf alle Objekte der umfangreichen Datenbank mit mehr als 10.000 Himmelsobjekten, auszurichten.<\/p>\n<p>Im Set dabei ist der Startravel-102 Refraktor, ein zweilinsiger, vollst\u00e4ndig mit Multicoating beschichteter, achromatischer Luftspalt Refraktor, der als &#8220;Richfield Refraktor&#8221; perfekt f\u00fcr die Beobachtung gro\u00dffl\u00e4chiger Objekte wie Kometen, Sternfeldern, Sternhaufen, Nebeln sowie hellen Galaxien aber auch zur Planetenbeobachtung oder f\u00fcr Mond und Sonne (mit sicherem Filter!), geeignet ist.<\/p>\n<p><strong>Lieferumfang:<\/strong><\/p>\n<ul>\n<li>102mm Refraktor Teleskop<\/li>\n<li>AZ-Go2 Montierung<\/li>\n<li>Leuchtpunkt Sucher<\/li>\n<li>1,25\u201c 90\u00b0 Zenitspiegel<\/li>\n<li>Okulare 10mm &amp; 25 mm<\/li>\n<li>Edelstahl Stativ mit Ablageplatte<\/li>\n<\/ul>\n<p>!Stromversorgung und Batterien sind nicht im Lieferumfang enthalten!<\/p>\n","protected":false},"excerpt":{"rendered":"<p>Vielen Dank f\u00fcr Ihren Besuch bei Teleskopshop.ch. <\/p>\n<p>Es freut uns, Ihnen das Produkt <b>Skywatcher Teleskop STARTRAVEL-102 AZ-GO2<\/b> zu den nachfolgenden Konditionen anbieten zu d\u00fcrfen.<\/p>\n","protected":false},"featured_media":7523,"comment_status":"closed","ping_status":"closed","template":"","meta":{"_acf_changed":false},"product_brand":[675],"product_cat":[1580,1637,1583,1340,1631,1568,1577],"product_tag":[],"class_list":{"0":"post-60302","1":"product","2":"type-product","3":"status-publish","4":"has-post-thumbnail","6":"product_brand-skywatcher","7":"product_cat-azimutale","8":"product_cat-con-montatura-go-to","9":"product_cat-go-to-principianti-it","10":"product_cat-ottica","11":"product_cat-rifrattore","12":"product_cat-telescopi","13":"product_cat-telescopio-per-principianti","15":"first","16":"instock","17":"sale","18":"taxable","19":"shipping-taxable","20":"purchasable","21":"product-type-simple"},"acf":[],"_links":{"self":[{"href":"https:\/\/www.teleskopshop.ch\/it\/wp-json\/wp\/v2\/product\/60302","targetHints":{"allow":["GET"]}}],"collection":[{"href":"https:\/\/www.teleskopshop.ch\/it\/wp-json\/wp\/v2\/product"}],"about":[{"href":"https:\/\/www.teleskopshop.ch\/it\/wp-json\/wp\/v2\/types\/product"}],"replies":[{"embeddable":true,"href":"https:\/\/www.teleskopshop.ch\/it\/wp-json\/wp\/v2\/comments?post=60302"}],"wp:featuredmedia":[{"embeddable":true,"href":"https:\/\/www.teleskopshop.ch\/it\/wp-json\/wp\/v2\/media\/7523"}],"wp:attachment":[{"href":"https:\/\/www.teleskopshop.ch\/it\/wp-json\/wp\/v2\/media?parent=60302"}],"wp:term":[{"taxonomy":"product_brand","embeddable":true,"href":"https:\/\/www.teleskopshop.ch\/it\/wp-json\/wp\/v2\/product_brand?post=60302"},{"taxonomy":"product_cat","embeddable":true,"href":"https:\/\/www.teleskopshop.ch\/it\/wp-json\/wp\/v2\/product_cat?post=60302"},{"taxonomy":"product_tag","embeddable":true,"href":"https:\/\/www.teleskopshop.ch\/it\/wp-json\/wp\/v2\/product_tag?post=60302"}],"curies":[{"name":"wp","href":"https:\/\/api.w.org\/{rel}","templated":true}]}}