{"id":60283,"date":"2022-12-06T00:00:00","date_gmt":"2022-12-05T23:00:00","guid":{"rendered":"https:\/\/2025.teleskopshop.ch\/shop\/senza-categoria\/skywatcher-0-9x-ed-focal-reducer-flatterner-fuer-evolux-62ed-teleskop\/"},"modified":"2025-03-03T10:40:09","modified_gmt":"2025-03-03T09:40:09","slug":"skywatcher-0-9x-ed-focal-reducer-flatterner-fuer-evolux-62ed-teleskop","status":"publish","type":"product","link":"https:\/\/www.teleskopshop.ch\/it\/shop\/ottica\/prolunghe-ottiche\/correttori-ottici\/riduttore\/skywatcher-0-9x-ed-focal-reducer-flatterner-fuer-evolux-62ed-teleskop\/","title":{"rendered":"Skywatcher 0.9x ED Focal Reducer\/Flatterner f\u00fcr Evolux-62ED Teleskop"},"content":{"rendered":"<h2>REDUCER\/FLATTENER 0.9X F\u00dcR EVOLUX-62ED REFRAKTOR<\/h2>\n<p>Zweilinsiger Reducer\/Flattener mit einem ED Element. Reduziert die Standard Brennweite des Evolux-62ED um den Faktor 0.9x und erm\u00f6glicht beste Korrektur des Bildfeldes bis in die Ecken. Der Flattener\/Reducer leuchtet Vollformat aus und liefert nadelpunktfeine Sterne \u00fcber ein 30mm Bildfeld. Die erzeugte Brennweite betr\u00e4gt 360mm bei einem \u00d6ffnungsverh\u00e4ltnis von f\/5.8. Das maximale Gesichtsfeld liegt so bei 5.09\u00b0. Der Backfocus betr\u00e4gt 55mm. Alle Linsen sind vollst\u00e4ndig multicoated. Ein Adapter\/Fieldrotator mit Gewinde f\u00fcr 2&#8243; Filter ist im Lieferumfang enthalten. Er verf\u00fcgt \u00fcber ein Anschlu\u00dfgewinde zum Teleskop von M56x1 sowie zur Kamera von M48. \u00dcber die optionalen Sky-Watcher Kameraadapterringe von M48 auf Canon und Nikon (Produkt Nr. 20237 &amp; 20238) kann er an die jeweilige Kamera adaptiert werden. Das Teleskop geh\u00f6rt nicht zum Lieferumfang!<\/p>\n<p><strong>Lieferumfang:<\/strong><\/p>\n<ul>\n<li>Reducer\/Flattener 0.9x<\/li>\n<li>Rotator<\/li>\n<li>Staubschutzkappen<\/li>\n<\/ul>\n","protected":false},"excerpt":{"rendered":"<p>Vielen Dank f\u00fcr Ihren Besuch bei Teleskopshop.ch. <\/p>\n<p>Es freut uns, Ihnen das Produkt <b>Skywatcher 0.9x ED Focal Reducer\/Flatterner f\u00fcr Evolux-62ED Teleskop<\/b> zu den nachfolgenden Konditionen anbieten zu d\u00fcrfen.<\/p>\n","protected":false},"featured_media":7647,"comment_status":"closed","ping_status":"closed","template":"","meta":{"_acf_changed":false},"product_brand":[675],"product_cat":[1529,1340,1523,1544],"product_tag":[],"class_list":{"0":"post-60283","1":"product","2":"type-product","3":"status-publish","4":"has-post-thumbnail","6":"product_brand-skywatcher","7":"product_cat-correttori-ottici","8":"product_cat-ottica","9":"product_cat-prolunghe-ottiche","10":"product_cat-riduttore","12":"first","13":"instock","14":"sale","15":"taxable","16":"shipping-taxable","17":"purchasable","18":"product-type-simple"},"acf":[],"_links":{"self":[{"href":"https:\/\/www.teleskopshop.ch\/it\/wp-json\/wp\/v2\/product\/60283","targetHints":{"allow":["GET"]}}],"collection":[{"href":"https:\/\/www.teleskopshop.ch\/it\/wp-json\/wp\/v2\/product"}],"about":[{"href":"https:\/\/www.teleskopshop.ch\/it\/wp-json\/wp\/v2\/types\/product"}],"replies":[{"embeddable":true,"href":"https:\/\/www.teleskopshop.ch\/it\/wp-json\/wp\/v2\/comments?post=60283"}],"wp:featuredmedia":[{"embeddable":true,"href":"https:\/\/www.teleskopshop.ch\/it\/wp-json\/wp\/v2\/media\/7647"}],"wp:attachment":[{"href":"https:\/\/www.teleskopshop.ch\/it\/wp-json\/wp\/v2\/media?parent=60283"}],"wp:term":[{"taxonomy":"product_brand","embeddable":true,"href":"https:\/\/www.teleskopshop.ch\/it\/wp-json\/wp\/v2\/product_brand?post=60283"},{"taxonomy":"product_cat","embeddable":true,"href":"https:\/\/www.teleskopshop.ch\/it\/wp-json\/wp\/v2\/product_cat?post=60283"},{"taxonomy":"product_tag","embeddable":true,"href":"https:\/\/www.teleskopshop.ch\/it\/wp-json\/wp\/v2\/product_tag?post=60283"}],"curies":[{"name":"wp","href":"https:\/\/api.w.org\/{rel}","templated":true}]}}