{"id":60266,"date":"2023-01-03T00:00:00","date_gmt":"2023-01-02T23:00:00","guid":{"rendered":"https:\/\/2025.teleskopshop.ch\/shop\/senza-categoria\/skywatcher-winkelsucher-fuer-polsucherfernrohre\/"},"modified":"2025-01-25T13:20:39","modified_gmt":"2025-01-25T12:20:39","slug":"skywatcher-winkelsucher-fuer-polsucherfernrohre","status":"publish","type":"product","link":"https:\/\/www.teleskopshop.ch\/it\/shop\/montature\/accessori\/accessori-ottici\/skywatcher-winkelsucher-fuer-polsucherfernrohre\/","title":{"rendered":"Skywatcher angle finder per telescopi polar finder"},"content":{"rendered":"<h2><\/h2>\n<p>Il nuovo mirino angolare Sky-Watcher a 90\u00b0 con ingrandimento 1x o 2x per tutti i telescopi per mirino polare su montature Sky-Watcher. Rende l&#8217;allineamento con Polaris molto pi\u00f9 facile e conveniente. Il mirino angolare \u00e8 fissato al mirino polare con tre piccole viti zigrinate con una punta di plastica. Il diametro massimo del mirino polare pu\u00f2 essere di 30,1 mm. Le punte in plastica evitano danni. Per una visione ancora pi\u00f9 comoda, il mirino angolare pu\u00f2 essere ruotato di 360\u00b0, scattando in posizione a intervalli. Il mirino pu\u00f2 essere commutato a 1x e 2x in ingrandimento. L&#8217;oculare \u00e8 dotato di un oculare pieghevole in gomma e pu\u00f2 essere regolato da +\/- 4 diottrie. Inoltre, il mirino angolare pu\u00f2 essere utilizzato anche su molti supporti di altri produttori.<\/p>\n<p>Un accessorio utile per evitare dislocazioni durante il posizionamento della montatura.<\/p>\n<p><em>Il supporto non \u00e8 incluso!<\/em><\/p>\n<p>Volume di consegna:<\/p>\n<ul>\n<li>Mirino angolare con adattatore di collegamento per mirino polare 30,1mm<\/li>\n<\/ul>\n<p>GENERALE<\/p>\n<p>Peso di spedizione<br \/>\n0,1 kg<\/p>\n<p>Dimensioni di spedizione<br \/>\n10x10x5cm<\/p>\n<p>ACCESSORISTICA<\/p>\n<p>Digitare<br \/>\nMirino angolare per telescopi a mirino polare<\/p>\n<p>Ingrandimento<br \/>\n1x \/ 2x<\/p>\n<p>Connessione<br \/>\nDiametro 30,1 mm<\/p>\n","protected":false},"excerpt":{"rendered":"<h2>APPROCCIO ANGLE FINDER CON INGRANDIMENTO 2X PER TUTTI I MIRINI POLARI SKYWATCHER<\/h2>\n","protected":false},"featured_media":7667,"comment_status":"closed","ping_status":"open","template":"","meta":{"_acf_changed":false},"product_brand":[675],"product_cat":[1316,1325,1280],"product_tag":[],"class_list":{"0":"post-60266","1":"product","2":"type-product","3":"status-publish","4":"has-post-thumbnail","6":"product_brand-skywatcher","7":"product_cat-accessori","8":"product_cat-accessori-ottici","9":"product_cat-montature","11":"first","12":"instock","13":"taxable","14":"shipping-taxable","15":"purchasable","16":"product-type-simple"},"acf":[],"_links":{"self":[{"href":"https:\/\/www.teleskopshop.ch\/it\/wp-json\/wp\/v2\/product\/60266","targetHints":{"allow":["GET"]}}],"collection":[{"href":"https:\/\/www.teleskopshop.ch\/it\/wp-json\/wp\/v2\/product"}],"about":[{"href":"https:\/\/www.teleskopshop.ch\/it\/wp-json\/wp\/v2\/types\/product"}],"replies":[{"embeddable":true,"href":"https:\/\/www.teleskopshop.ch\/it\/wp-json\/wp\/v2\/comments?post=60266"}],"wp:featuredmedia":[{"embeddable":true,"href":"https:\/\/www.teleskopshop.ch\/it\/wp-json\/wp\/v2\/media\/7667"}],"wp:attachment":[{"href":"https:\/\/www.teleskopshop.ch\/it\/wp-json\/wp\/v2\/media?parent=60266"}],"wp:term":[{"taxonomy":"product_brand","embeddable":true,"href":"https:\/\/www.teleskopshop.ch\/it\/wp-json\/wp\/v2\/product_brand?post=60266"},{"taxonomy":"product_cat","embeddable":true,"href":"https:\/\/www.teleskopshop.ch\/it\/wp-json\/wp\/v2\/product_cat?post=60266"},{"taxonomy":"product_tag","embeddable":true,"href":"https:\/\/www.teleskopshop.ch\/it\/wp-json\/wp\/v2\/product_tag?post=60266"}],"curies":[{"name":"wp","href":"https:\/\/api.w.org\/{rel}","templated":true}]}}