{"id":60248,"date":"2023-06-06T00:00:00","date_gmt":"2023-06-05T22:00:00","guid":{"rendered":"https:\/\/2025.teleskopshop.ch\/shop\/senza-categoria\/unistellar-backpack\/"},"modified":"2025-01-25T13:20:36","modified_gmt":"2025-01-25T12:20:36","slug":"unistellar-backpack","status":"publish","type":"product","link":"https:\/\/www.teleskopshop.ch\/it\/shop\/astronomia-accessori-it\/protezione-e-trasporto\/unistellar-backpack\/","title":{"rendered":"Zaino Unistellare"},"content":{"rendered":"<p class=\"subtitle\">Zaino protettivo per telescopio intelligente Unistellar eQuinox 2 &amp; eVscope 2<\/p>\n<p class=\"subtitle\">Sviluppato in collaborazione con il produttore leader mondiale di borse da trasporto per teleobiettivi di grandi dimensioni, lo zaino \u00e8 realizzato in tessuto resistente e rinforzato ed \u00e8 accuratamente imbottito con schiuma ad alta densit\u00e0 per proteggere il telescopio dagli urti. Adatto sia per l&#8217;eVscope originale, l&#8217;eVscope eQuinox e l&#8217;eVscope 2<\/p>\n","protected":false},"excerpt":{"rendered":"<h2>Borsa per telescopio unistellare per principianti per astrofotografia<\/h2>\n","protected":false},"featured_media":7867,"comment_status":"closed","ping_status":"open","template":"","meta":{"_acf_changed":false},"product_brand":[683],"product_cat":[1655,1751],"product_tag":[],"class_list":{"0":"post-60248","1":"product","2":"type-product","3":"status-publish","4":"has-post-thumbnail","6":"product_brand-unistellar","7":"product_cat-astronomia-accessori-it","8":"product_cat-protezione-e-trasporto","10":"first","11":"instock","12":"taxable","13":"shipping-taxable","14":"purchasable","15":"product-type-simple"},"acf":[],"_links":{"self":[{"href":"https:\/\/www.teleskopshop.ch\/it\/wp-json\/wp\/v2\/product\/60248","targetHints":{"allow":["GET"]}}],"collection":[{"href":"https:\/\/www.teleskopshop.ch\/it\/wp-json\/wp\/v2\/product"}],"about":[{"href":"https:\/\/www.teleskopshop.ch\/it\/wp-json\/wp\/v2\/types\/product"}],"replies":[{"embeddable":true,"href":"https:\/\/www.teleskopshop.ch\/it\/wp-json\/wp\/v2\/comments?post=60248"}],"wp:featuredmedia":[{"embeddable":true,"href":"https:\/\/www.teleskopshop.ch\/it\/wp-json\/wp\/v2\/media\/7867"}],"wp:attachment":[{"href":"https:\/\/www.teleskopshop.ch\/it\/wp-json\/wp\/v2\/media?parent=60248"}],"wp:term":[{"taxonomy":"product_brand","embeddable":true,"href":"https:\/\/www.teleskopshop.ch\/it\/wp-json\/wp\/v2\/product_brand?post=60248"},{"taxonomy":"product_cat","embeddable":true,"href":"https:\/\/www.teleskopshop.ch\/it\/wp-json\/wp\/v2\/product_cat?post=60248"},{"taxonomy":"product_tag","embeddable":true,"href":"https:\/\/www.teleskopshop.ch\/it\/wp-json\/wp\/v2\/product_tag?post=60248"}],"curies":[{"name":"wp","href":"https:\/\/api.w.org\/{rel}","templated":true}]}}