{"id":60242,"date":"2023-06-06T00:00:00","date_gmt":"2023-06-05T22:00:00","guid":{"rendered":"https:\/\/2025.teleskopshop.ch\/shop\/senza-categoria\/unistellar-equinox-2-intelligentes-teleskop\/"},"modified":"2025-02-24T15:38:51","modified_gmt":"2025-02-24T14:38:51","slug":"unistellar-equinox-2-intelligentes-teleskop","status":"publish","type":"product","link":"https:\/\/www.teleskopshop.ch\/it\/shop\/ottica\/telescopi\/telescopio-per-principianti\/go-to-principianti-it\/unistellar-equinox-2-intelligentes-teleskop\/","title":{"rendered":"Unistellar eQuinox 2 intelligentes Teleskop"},"content":{"rendered":"<div class=\"text\">\n<p class=\"subtitle\">Intelligentes Teleskop f\u00fcr Regionen mit hoher Lichtverschmutzung mit Enhanced Vision Technologie, App-Anbindung (Wifi), Smart Light Pollution Reduction &amp; 6.2 Megapixel Aufl\u00f6sung<\/p>\n<p>Das eQuinox 2 ist ein innovatives, intelligentes Teleskop, das die Wunder des Weltraums selbst in hell erleuchteten st\u00e4dtischen Gebieten zum Greifen nah macht. Seine Smart Light Pollution Reduction-Technologie nutzt fortschrittliche Bildverarbeitung, um die Auswirkungen der Stadtbeleuchtung herauszufiltern und erm\u00f6glicht so klare, hochaufl\u00f6sende Bilder von Himmelsobjekten. Dank eQuinox 2 k\u00f6nnen Sie den atemberaubenden roten Fleck des Jupiters sehen, sogar mitten in der Stadt.<\/p>\n<p>HIGHLIGHTS<br \/>\n&#8211; Die Enhanced Vision Technology nutzt Bildstapelung und Live-Bildverarbeitungstechniken, um ein wirklich einzigartiges Seherlebnis im Weltraum zu erm\u00f6glichen<br \/>\n&#8211; Durch die Optimierung der vom Teleskop live aufgenommenen Bilder erm\u00f6glicht diese Technologie einen unvergleichlichen Blick auf den Kosmos<br \/>\n&#8211; Dank unserer Partnerschaften mit renommierten Wissenschaftsorganisationen wie dem SETI Institute und der NASA k\u00f6nnen Sie mit Ihrem eQuinox 2 auch Citizen-Astronomer werden<\/p>\n<p>FUNKTIONEN<br \/>\n&#8211; Verwandeln Sie Ihr Smartphone oder Tablet in eine kosmische Kommandozentrale mit der Unistellar-App. Greifen Sie mit nur einem Klick auf Tausende von Weltraumobjekten aus unserem In-App-Katalog zu (inkl. detaillierte Informationen)<br \/>\n&#8211; Automatisierte Go-To-Funktion (via App zB auf iPad)<br \/>\n&#8211; Mehr als 5.000 Objekte zur Auswahl<br \/>\n&#8211; Exklusive Informationen zu Nebeln, Galaxien, Planeten, Sternhaufen, Sternen \u2026<br \/>\n&#8211; Joystick zum freien Erkunden<br \/>\n&#8211; Bilder aufnehmen und teilen<\/p>\n<p>In nur zwei Minuten k\u00f6nnen Sie die Whirlpool-Galaxie in Farbe und Detail beobachten.<br \/>\nUnsere Autonomous Field Detection-Technologie erm\u00f6glicht es ihm, sich schnell am Himmel zu orientieren, selbst wenn nur wenige Sterne sichtbar sind. Mithilfe des GPS Ihres Smartphones kann es sich selbst auf der Erde lokalisieren und auf seine eigene Datenbank mit Millionen von Sternen zugreifen.<\/p>\n<p>SPEZIFIKATIONEN<br \/>\nBildaufl\u00f6sung 6.2MP<br \/>\nSichtfeld 34&#215;47\u00b0<br \/>\nBegrenzte Helligkeit 18.2<br \/>\nSpiegel-Durchmesser 114mm<br \/>\nBrennweite 450mm<br \/>\nBatterie-Autonomie 11H<br \/>\nGewicht 9kg<br \/>\nSpeicher 64Gb<\/p>\n<\/div>\n<div class=\"fade-layer\"><\/div>\n","protected":false},"excerpt":{"rendered":"<p>Vielen Dank f\u00fcr Ihren Besuch bei Teleskopshop.ch. <\/p>\n<p>Es freut uns, Ihnen das Produkt <b>Unistellar eQuinox 2 intelligentes Teleskop<\/b> zu den nachfolgenden Konditionen anbieten zu d\u00fcrfen.<\/p>\n","protected":false},"featured_media":7743,"comment_status":"closed","ping_status":"closed","template":"","meta":{"_acf_changed":false},"product_brand":[683],"product_cat":[1583,1337,1340,1568,1778,1577],"product_tag":[],"class_list":{"0":"post-60242","1":"product","2":"type-product","3":"status-publish","4":"has-post-thumbnail","6":"product_brand-unistellar","7":"product_cat-go-to-principianti-it","8":"product_cat-novita-e-promozioni","9":"product_cat-ottica","10":"product_cat-telescopi","11":"product_cat-telescopio-intelligente","12":"product_cat-telescopio-per-principianti","14":"first","15":"instock","16":"taxable","17":"shipping-taxable","18":"purchasable","19":"product-type-simple"},"acf":[],"_links":{"self":[{"href":"https:\/\/www.teleskopshop.ch\/it\/wp-json\/wp\/v2\/product\/60242","targetHints":{"allow":["GET"]}}],"collection":[{"href":"https:\/\/www.teleskopshop.ch\/it\/wp-json\/wp\/v2\/product"}],"about":[{"href":"https:\/\/www.teleskopshop.ch\/it\/wp-json\/wp\/v2\/types\/product"}],"replies":[{"embeddable":true,"href":"https:\/\/www.teleskopshop.ch\/it\/wp-json\/wp\/v2\/comments?post=60242"}],"wp:featuredmedia":[{"embeddable":true,"href":"https:\/\/www.teleskopshop.ch\/it\/wp-json\/wp\/v2\/media\/7743"}],"wp:attachment":[{"href":"https:\/\/www.teleskopshop.ch\/it\/wp-json\/wp\/v2\/media?parent=60242"}],"wp:term":[{"taxonomy":"product_brand","embeddable":true,"href":"https:\/\/www.teleskopshop.ch\/it\/wp-json\/wp\/v2\/product_brand?post=60242"},{"taxonomy":"product_cat","embeddable":true,"href":"https:\/\/www.teleskopshop.ch\/it\/wp-json\/wp\/v2\/product_cat?post=60242"},{"taxonomy":"product_tag","embeddable":true,"href":"https:\/\/www.teleskopshop.ch\/it\/wp-json\/wp\/v2\/product_tag?post=60242"}],"curies":[{"name":"wp","href":"https:\/\/api.w.org\/{rel}","templated":true}]}}