{"id":60229,"date":"2023-08-21T00:00:00","date_gmt":"2023-08-20T22:00:00","guid":{"rendered":"https:\/\/2025.teleskopshop.ch\/shop\/senza-categoria\/acuter-voyager-mak80-maksutov-cassegrain-teleskopset\/"},"modified":"2025-01-25T13:24:16","modified_gmt":"2025-01-25T12:24:16","slug":"acuter-voyager-mak80-maksutov-cassegrain-teleskopset","status":"publish","type":"product","link":"https:\/\/www.teleskopshop.ch\/it\/shop\/ottica\/telescopi\/tubi-ottici-ota\/telescopi-a-riflessione\/maksutov-cassegrain-telescopi-a-riflessione-it\/acuter-voyager-mak80-maksutov-cassegrain-teleskopset\/","title":{"rendered":"ACUTER VOYAGER MAK80 MAKSUTOV CASSEGRAIN TELESCOPIO SET"},"content":{"rendered":"<h2>IL SET DI TELESCOPI PER ESPLORATORI, SCUOLE, FORMAZIONE, ORNITOLOGIA, TIRATORI SPORTIVI E MOLTO ALTRO<\/h2>\n<ul>\n<li>Un telescopio versatile ad esempio per la scuola, il piccolo esploratore a casa o l&#8217;osservazione della natura \/ ornitologia<\/li>\n<li>Basta scattare foto con il proprio smartphone<\/li>\n<li>Molto compatto e facile da trasportare, ma con apertura di 80mm, molto potente e dotato di specchio primario regolabile<\/li>\n<\/ul>\n<p>Il nuovo telescopio Acuter Voyager MAK80 \u00e8 un telescopio riflettore Maksutov Cassegrain di alta qualit\u00e0 con apertura di 80 mm. Questo telescopio compatto e facilmente trasportabile \u00e8 ideale per osservare e imparare il cielo stellato, cos\u00ec come fotografare con il proprio smartphone. Ma anche osservare e fotografare la natura, ad esempio uccelli e insetti lontani o semplicemente portarla con s\u00e9 durante il vostro prossimo viaggio di vacanza.<\/p>\n<p>Il set \u00e8 composto da un telescopio Maksutov Cassegrain da 80 mm con lunghezza focale di 800 mm, un oculare ingranditore 40x e 80x, un mirino ottico 8&#215;21, un prisma a tetto a 90\u00b0 di alta qualit\u00e0 e correzione di fase con raddrizzamento dell&#8217;immagine, nonch\u00e9 un adattatore per smartphone e una custodia per il trasporto. Il set viene fornito in un&#8217;attraente confezione regalo con una maniglia per il trasporto per un facile trasporto. Il telescopio pu\u00f2 essere ampliato come richiesto con oculari standard da 1,25&#8243; opzionali. Questo ti d\u00e0 opzioni ancora pi\u00f9 diverse. \u00c8 possibile utilizzare il telescopio con la connessione standard da 1\/4&#8243; su qualsiasi treppiede fotografico esistente, ma con la barra a coda di rondine montata in modo permanente secondo lo standard Vixen \/ Sky-Watcher anche su supporti astronomici.<\/p>\n<p>Il telescopio Maksutov prende il nome da Dmitri Maksutov (1896 &#8211; 1964), un ottico e astronomo russo che introdusse questo progetto di telescopio nel 1941. L&#8217;Acuter Voyager MAK80 \u00e8 perfetto per scoprire il mondo dell&#8217;universo sulle sue orme!<\/p>\n<p><strong>Volume di consegna:<\/strong><\/p>\n<ul>\n<li>80mm Acuter Voyager MAK80 Maksutov Cassegrain Telescopio<\/li>\n<li>Oculari 10mm \/ 20mm<\/li>\n<li>Prisma di erezione dell&#8217;immagine dell&#8217;immagine del tetto a correzione di fase da 90 \u00b0 1,25 &#8220;di alta qualit\u00e0<\/li>\n<li>Mirino 8&#215;21<\/li>\n<li>Adattatori per smartphone<\/li>\n<li>borsa per il trasporto<\/li>\n<li>Tappi antipolvere<\/li>\n<li>Regalo<\/li>\n<\/ul>\n<p><em>Smartphone non incluso!<\/em><\/p>\n<p>!Alimentatore e batterie non sono inclusi!<\/p>\n<p>GENERALE<\/p>\n<p>Peso di spedizione<br \/>\n2,20 kg<\/p>\n<p>Dimensioni di spedizione<br \/>\n35x20x18cm<\/p>\n<p>OTTICA<\/p>\n<p>Disegno<br \/>\nMaksutov Cassegrain<\/p>\n<p>Lunghezza focale (mm)<br \/>\n800<\/p>\n<p>Apertura (mm)<br \/>\n80<\/p>\n<p>Rapporto focale<br \/>\nf:10<\/p>\n<p>Focheggiatore<br \/>\nMessa a fuoco dello specchio primario<\/p>\n<p>Peso del tubo (kg)<br \/>\n1.8<\/p>\n","protected":false},"excerpt":{"rendered":"<p>IL SET DI TELESCOPI PER ESPLORATORI, SCUOLE, FORMAZIONE, ORNITOLOGIA, TIRATORI SPORTIVI E MOLTO ALTRO Un telescopio versatile ad esempio per la scuola, il piccolo esploratore a casa o l&#8217;osservazione della natura \/ ornitologia Basta scattare foto con il proprio smartphone Molto compatto e facile da trasportare, ma con apertura di 80mm, molto potente e dotato [&hellip;]<\/p>\n","protected":false},"featured_media":7887,"comment_status":"closed","ping_status":"open","template":"","meta":{"_acf_changed":false},"product_brand":[678],"product_cat":[1586,1623,1340,1568,1622,1577,1610],"product_tag":[],"class_list":{"0":"post-60229","1":"product","2":"type-product","3":"status-publish","4":"has-post-thumbnail","6":"product_brand-acuter","7":"product_cat-cassegrain-maksutov","8":"product_cat-maksutov-cassegrain-telescopi-a-riflessione-it","9":"product_cat-ottica","10":"product_cat-telescopi","11":"product_cat-telescopi-a-riflessione","12":"product_cat-telescopio-per-principianti","13":"product_cat-tubi-ottici-ota","15":"first","16":"instock","17":"taxable","18":"shipping-taxable","19":"purchasable","20":"product-type-simple"},"acf":[],"_links":{"self":[{"href":"https:\/\/www.teleskopshop.ch\/it\/wp-json\/wp\/v2\/product\/60229","targetHints":{"allow":["GET"]}}],"collection":[{"href":"https:\/\/www.teleskopshop.ch\/it\/wp-json\/wp\/v2\/product"}],"about":[{"href":"https:\/\/www.teleskopshop.ch\/it\/wp-json\/wp\/v2\/types\/product"}],"replies":[{"embeddable":true,"href":"https:\/\/www.teleskopshop.ch\/it\/wp-json\/wp\/v2\/comments?post=60229"}],"wp:featuredmedia":[{"embeddable":true,"href":"https:\/\/www.teleskopshop.ch\/it\/wp-json\/wp\/v2\/media\/7887"}],"wp:attachment":[{"href":"https:\/\/www.teleskopshop.ch\/it\/wp-json\/wp\/v2\/media?parent=60229"}],"wp:term":[{"taxonomy":"product_brand","embeddable":true,"href":"https:\/\/www.teleskopshop.ch\/it\/wp-json\/wp\/v2\/product_brand?post=60229"},{"taxonomy":"product_cat","embeddable":true,"href":"https:\/\/www.teleskopshop.ch\/it\/wp-json\/wp\/v2\/product_cat?post=60229"},{"taxonomy":"product_tag","embeddable":true,"href":"https:\/\/www.teleskopshop.ch\/it\/wp-json\/wp\/v2\/product_tag?post=60229"}],"curies":[{"name":"wp","href":"https:\/\/api.w.org\/{rel}","templated":true}]}}