{"id":60024,"date":"2023-12-18T00:00:00","date_gmt":"2023-12-17T23:00:00","guid":{"rendered":"https:\/\/2025.teleskopshop.ch\/shop\/senza-categoria\/celestron-tasche-40-teleskope-stative\/"},"modified":"2025-12-22T08:29:17","modified_gmt":"2025-12-22T07:29:17","slug":"celestron-tasche-40-teleskope-stative","status":"publish","type":"product","link":"https:\/\/www.teleskopshop.ch\/it\/shop\/astronomia-accessori-it\/protezione-e-trasporto\/celestron-tasche-40-teleskope-stative\/","title":{"rendered":"Celestron Tasche 40&#8243; Teleskope + Stative"},"content":{"rendered":"<p>Bewahren Sie Ihr gesamtes Teleskop-Kit (optischer Tubus, Montierung<br \/>\nund Stativ) gut gesch\u00fctztin einer Tragetasche mit.<br \/>\nExtrem strapazierf\u00e4hige \u00e4u\u00dfere- und super glatte innere<br \/>\nPolyesterschichten. Die einzelnen Abteilungen werden durch eine 16 mm<br \/>\ndicke EPE-Schaumstoffplatten gesch\u00fctzt.<br \/>\nEine PVC-verst\u00e4rkte harte Bodenplatte bietet zus\u00e4tzlichen Schutz vor<br \/>\nSteinen und kleinen St\u00f6\u00dfen.<br \/>\nDrei konfigurierbare, gepolsterte Innenw\u00e4nde mit Klettverschluss<br \/>\nsorgen f\u00fcr die perfekte, individuelle Passform f\u00fcr Ihre Ausr\u00fcstung.<br \/>\nVerstauen Sie Zubeh\u00f6r in der Au\u00dfentasche &#8211; der zus\u00e4tzlichen<br \/>\ngepolsterten Zubeh\u00f6rtasche oder befestigen Sie es an den \u00e4u\u00dferen<br \/>\nSchlaufen der Tasche<br \/>\nSchutztasche aus strapazierf\u00e4higem, schaumstoffgef\u00fcttertem<br \/>\nPolyester-PVC.<br \/>\nAbmessungen: L x B x H: 1016 x 330 x 102mm. Gewicht: 2.72kg<br \/>\nIdeal f\u00fcr folgende Teleskop-Serien:<br \/>\n&#8211; StarSense Explorer<br \/>\n&#8211; Inspire<br \/>\n&#8211; Astro Fi<br \/>\n&#8211; PowerSeeker<br \/>\n&#8211; AstroMaster<br \/>\n&#8211; NexStar SLT<br \/>\n&#8211; LCM scopes<br \/>\n&#8211; Omni XLT<br \/>\n&#8211; Sky Prodigy<\/p>\n","protected":false},"excerpt":{"rendered":"<p>Vielen Dank f\u00fcr Ihren Besuch bei Teleskopshop.ch.<\/p>\n<p>Es freut uns, Ihnen das Produkt <b>Celestron Tasche 40&#8243; Teleskope + Stative<\/b> zu den nachfolgenden Konditionen anbieten zu d\u00fcrfen.<\/p>\n","protected":false},"featured_media":8599,"comment_status":"closed","ping_status":"closed","template":"","meta":{"_acf_changed":false},"product_brand":[674],"product_cat":[1655,1751],"product_tag":[],"class_list":{"0":"post-60024","1":"product","2":"type-product","3":"status-publish","4":"has-post-thumbnail","6":"product_brand-celestron","7":"product_cat-astronomia-accessori-it","8":"product_cat-protezione-e-trasporto","10":"first","11":"instock","12":"taxable","13":"shipping-taxable","14":"purchasable","15":"product-type-simple"},"acf":[],"_links":{"self":[{"href":"https:\/\/www.teleskopshop.ch\/it\/wp-json\/wp\/v2\/product\/60024","targetHints":{"allow":["GET"]}}],"collection":[{"href":"https:\/\/www.teleskopshop.ch\/it\/wp-json\/wp\/v2\/product"}],"about":[{"href":"https:\/\/www.teleskopshop.ch\/it\/wp-json\/wp\/v2\/types\/product"}],"replies":[{"embeddable":true,"href":"https:\/\/www.teleskopshop.ch\/it\/wp-json\/wp\/v2\/comments?post=60024"}],"wp:featuredmedia":[{"embeddable":true,"href":"https:\/\/www.teleskopshop.ch\/it\/wp-json\/wp\/v2\/media\/8599"}],"wp:attachment":[{"href":"https:\/\/www.teleskopshop.ch\/it\/wp-json\/wp\/v2\/media?parent=60024"}],"wp:term":[{"taxonomy":"product_brand","embeddable":true,"href":"https:\/\/www.teleskopshop.ch\/it\/wp-json\/wp\/v2\/product_brand?post=60024"},{"taxonomy":"product_cat","embeddable":true,"href":"https:\/\/www.teleskopshop.ch\/it\/wp-json\/wp\/v2\/product_cat?post=60024"},{"taxonomy":"product_tag","embeddable":true,"href":"https:\/\/www.teleskopshop.ch\/it\/wp-json\/wp\/v2\/product_tag?post=60024"}],"curies":[{"name":"wp","href":"https:\/\/api.w.org\/{rel}","templated":true}]}}