{"id":60003,"date":"2023-12-18T00:00:00","date_gmt":"2023-12-17T23:00:00","guid":{"rendered":"https:\/\/2025.teleskopshop.ch\/shop\/senza-categoria\/baader-amici-prisma-90-beidseitig-2\/"},"modified":"2025-01-25T13:28:14","modified_gmt":"2025-01-25T12:28:14","slug":"baader-amici-prisma-90-beidseitig-2","status":"publish","type":"product","link":"https:\/\/www.teleskopshop.ch\/it\/shop\/ottica\/prolunghe-ottiche\/specchi-e-prismi-diagonali\/baader-amici-prisma-90-beidseitig-2\/","title":{"rendered":"Prisma Baader Amici 90\u00b0, 2&#8243; su entrambi i lati"},"content":{"rendered":"<p>Prisma di Amici 90\u00b0 con attacco oculare da 2&#8243; e barilotto da 2&#8243;.<br \/>\nCompreso manicotto di riduzione da 2&#8243; a 1\u00bc&#8221;<br \/>\nEccellente per l&#8217;osservazione terrestre con 2&#8243;<br \/>\noculari.<br \/>\nNon adatto per ingrandimenti elevati &#8211; per quelli di alta qualit\u00e0<br \/>\n\u00e8 meglio usare immagini astronomiche ad alto ingrandimento<br \/>\ni nostri specchi e prismi normali, poich\u00e9 il bordo del tetto ha il cosiddetto &#8220;split&#8221;<br \/>\neffetto e il lungo percorso luminoso produce un&#8217;aberrazione cromatica.<\/p>\n","protected":false},"excerpt":{"rendered":"<p>Prisma di Amici 90\u00b0 con attacco oculare da 2&#8243; e barilotto da 2&#8243;. Compreso manicotto di riduzione da 2&#8243; a 1\u00bc&#8221; Eccellente per l&#8217;osservazione terrestre con 2&#8243; oculari. Non adatto per ingrandimenti elevati &#8211; per quelli di alta qualit\u00e0 \u00e8 meglio usare immagini astronomiche ad alto ingrandimento i nostri specchi e prismi normali, poich\u00e9 il [&hellip;]<\/p>\n","protected":false},"featured_media":10511,"comment_status":"closed","ping_status":"open","template":"","meta":{"_acf_changed":false},"product_brand":[679],"product_cat":[1340,1652],"product_tag":[],"class_list":{"0":"post-60003","1":"product","2":"type-product","3":"status-publish","4":"has-post-thumbnail","6":"product_brand-baader","7":"product_cat-ottica","8":"product_cat-specchi-e-prismi-diagonali","10":"first","11":"instock","12":"taxable","13":"shipping-taxable","14":"purchasable","15":"product-type-simple"},"acf":[],"_links":{"self":[{"href":"https:\/\/www.teleskopshop.ch\/it\/wp-json\/wp\/v2\/product\/60003","targetHints":{"allow":["GET"]}}],"collection":[{"href":"https:\/\/www.teleskopshop.ch\/it\/wp-json\/wp\/v2\/product"}],"about":[{"href":"https:\/\/www.teleskopshop.ch\/it\/wp-json\/wp\/v2\/types\/product"}],"replies":[{"embeddable":true,"href":"https:\/\/www.teleskopshop.ch\/it\/wp-json\/wp\/v2\/comments?post=60003"}],"wp:featuredmedia":[{"embeddable":true,"href":"https:\/\/www.teleskopshop.ch\/it\/wp-json\/wp\/v2\/media\/10511"}],"wp:attachment":[{"href":"https:\/\/www.teleskopshop.ch\/it\/wp-json\/wp\/v2\/media?parent=60003"}],"wp:term":[{"taxonomy":"product_brand","embeddable":true,"href":"https:\/\/www.teleskopshop.ch\/it\/wp-json\/wp\/v2\/product_brand?post=60003"},{"taxonomy":"product_cat","embeddable":true,"href":"https:\/\/www.teleskopshop.ch\/it\/wp-json\/wp\/v2\/product_cat?post=60003"},{"taxonomy":"product_tag","embeddable":true,"href":"https:\/\/www.teleskopshop.ch\/it\/wp-json\/wp\/v2\/product_tag?post=60003"}],"curies":[{"name":"wp","href":"https:\/\/api.w.org\/{rel}","templated":true}]}}