{"id":59925,"date":"2023-12-18T00:00:00","date_gmt":"2023-12-17T23:00:00","guid":{"rendered":"https:\/\/2025.teleskopshop.ch\/shop\/senza-categoria\/celestron-red-linse-0-7x-f-925-edge\/"},"modified":"2025-04-22T13:40:22","modified_gmt":"2025-04-22T11:40:22","slug":"celestron-red-linse-0-7x-f-925-edge","status":"publish","type":"product","link":"https:\/\/www.teleskopshop.ch\/it\/shop\/ottica\/prolunghe-ottiche\/correttori-ottici\/riduttore\/celestron-red-linse-0-7x-f-925-edge\/","title":{"rendered":"Celestron Red.-Linse 0.7x f.925 Edge"},"content":{"rendered":"<p>Reducer f\u00fcr 925 Edge HD<br \/>\nDer EdgeHD Reducer bieten eine speziell f\u00fcr die EdgeHD-<br \/>\nTeleskope gerechnete Optik mit f\u00fcnf optischen Elementen (u.a. mit<br \/>\nLanthanglas), unter Beibehaltung des ebenen Bildfelds der EdgeHD-<br \/>\nOptiken.<br \/>\nIm Gegensatz zu einfacheren Reducern f\u00fcr das APS-Format verk\u00fcrzen<br \/>\nEdge-HD Reducer den originalen Backfocus von 146 mm nicht. Dadurch<br \/>\nkann nicht nur jede DSLR-Kamera angeschlossen werden, sondern auch<br \/>\nalle bekannten CCD-Kameras mit Filterr\u00e4dern und (AO) aktiven Optik-<br \/>\nSystemen und Off-Axis-Guiding Adapter.<br \/>\nDie 0,7x EdgeHD Reducer enthalten Linsen mit extremen Brechungsindex,<br \/>\ndarunter Lanthan-Linsen mit sehr niedriger Dispersion. Dadurch bleibt<br \/>\nder besonders hohe Kontrast der Edge-HD-Optik trotz der vielen<br \/>\nzus\u00e4tzlichen Linsen ungeschm\u00e4lert erhalten und es entsteht \u00fcber einen<br \/>\nsehr weiten Spektralbereich keinerlei Farbfehler.<br \/>\nJede Glas-Luftf\u00e4che in diesem Linsensystem ist zum Erhalt maximaler<br \/>\nTransmission und Farbtreue mehrschicht-verg\u00fctet. Alle Linsenr\u00e4nder<br \/>\nsind sorgf\u00e4ltig geschw\u00e4rzt, um interne Reflexionen v\u00f6llig zu<br \/>\nunterdr\u00fccken. Die gro\u00dfen Linsen mit bis zu 60mm Durchmesser<br \/>\nerm\u00f6glichen einen voll ausgeleuchteten Bildkreis mit 42mm Durchmesser<br \/>\n&#8211; passend auch f\u00fcr gro\u00dfe CCD-Sensoren.<br \/>\nDas aufw\u00e4ndig CNC-gefr\u00e4ste Aluminiumgeh\u00e4use stellt die exakten<br \/>\nAbst\u00e4nde und eine genaue Ausrichtung der Linsen sicher. Schraubdeckel<br \/>\naus Metall sch\u00fctzen die Linsen vor Staub und Besch\u00e4digungen, wenn der<br \/>\nEdge-HD-Reducer nicht benutzt wird.<\/p>\n","protected":false},"excerpt":{"rendered":"<p>Vielen Dank f\u00fcr Ihren Besuch bei Teleskopshop.ch. <\/p>\n<p>Es freut uns, Ihnen das Produkt <b>Celestron Red.-Linse 0.7x f.925 Edge<\/b> zu den nachfolgenden Konditionen anbieten zu d\u00fcrfen.<\/p>\n","protected":false},"featured_media":8483,"comment_status":"closed","ping_status":"closed","template":"","meta":{"_acf_changed":false},"product_brand":[674],"product_cat":[1529,1340,1523,1544],"product_tag":[],"class_list":{"0":"post-59925","1":"product","2":"type-product","3":"status-publish","4":"has-post-thumbnail","6":"product_brand-celestron","7":"product_cat-correttori-ottici","8":"product_cat-ottica","9":"product_cat-prolunghe-ottiche","10":"product_cat-riduttore","12":"first","13":"instock","14":"sale","15":"taxable","16":"shipping-taxable","17":"purchasable","18":"product-type-simple"},"acf":[],"_links":{"self":[{"href":"https:\/\/www.teleskopshop.ch\/it\/wp-json\/wp\/v2\/product\/59925","targetHints":{"allow":["GET"]}}],"collection":[{"href":"https:\/\/www.teleskopshop.ch\/it\/wp-json\/wp\/v2\/product"}],"about":[{"href":"https:\/\/www.teleskopshop.ch\/it\/wp-json\/wp\/v2\/types\/product"}],"replies":[{"embeddable":true,"href":"https:\/\/www.teleskopshop.ch\/it\/wp-json\/wp\/v2\/comments?post=59925"}],"wp:featuredmedia":[{"embeddable":true,"href":"https:\/\/www.teleskopshop.ch\/it\/wp-json\/wp\/v2\/media\/8483"}],"wp:attachment":[{"href":"https:\/\/www.teleskopshop.ch\/it\/wp-json\/wp\/v2\/media?parent=59925"}],"wp:term":[{"taxonomy":"product_brand","embeddable":true,"href":"https:\/\/www.teleskopshop.ch\/it\/wp-json\/wp\/v2\/product_brand?post=59925"},{"taxonomy":"product_cat","embeddable":true,"href":"https:\/\/www.teleskopshop.ch\/it\/wp-json\/wp\/v2\/product_cat?post=59925"},{"taxonomy":"product_tag","embeddable":true,"href":"https:\/\/www.teleskopshop.ch\/it\/wp-json\/wp\/v2\/product_tag?post=59925"}],"curies":[{"name":"wp","href":"https:\/\/api.w.org\/{rel}","templated":true}]}}