{"id":59673,"date":"2023-12-18T00:00:00","date_gmt":"2023-12-17T23:00:00","guid":{"rendered":"https:\/\/2025.teleskopshop.ch\/shop\/senza-categoria\/baader-dt-ring-sp54-m55\/"},"modified":"2025-01-25T13:30:38","modified_gmt":"2025-01-25T12:30:38","slug":"baader-dt-ring-sp54-m55","status":"publish","type":"product","link":"https:\/\/www.teleskopshop.ch\/it\/shop\/ottica\/prolunghe-ottiche\/oculari\/baader-dt-ring-sp54-m55\/","title":{"rendered":"Baader DT anello SP54\/M55"},"content":{"rendered":"<p>&#8211; Gli anelli Hyperion DT sono ottimizzati per la distanza pi\u00f9 breve<br \/>\n tra l&#8217;obiettivo dell&#8217;oculare e l&#8217;obiettivo della fotocamera digitale.<br \/>\n&#8211; Questo \u00e8 l&#8217;unico modo per ottenere un&#8217;illuminazione dell&#8217;immagine priva di vignettatura<br \/>\n&#8211; \u00c8 incluso 1 anello di regolazione in plastica dura per la filettatura SP54<br \/>\n incluso con ogni anello Hyperion DT gratuitamente.<br \/>\n&#8211; Con gli anelli di regolazione, che hanno solo 1 mm di spessore, piccoli<br \/>\n Ottimizza le tolleranze dell&#8217;altezza per adattarsi ancora all&#8217;obiettivo della fotocamera<br \/>\n senza l&#8217;aiuto di un anello di estensione il pi\u00f9 vicino possibile al<br \/>\n collegare l&#8217;oculare<br \/>\nFai attenzione quando installi la tua fotocamera! Pu\u00f2 succedere che a<br \/>\nObiettivo della fotocamera qualche decimo di millimetro troppo vicino a quello superiore<br \/>\nlente dell&#8217;oculare Hyperion. Vai al monage di<br \/>\nGli oculari Hyperion all&#8217;obiettivo di una fotocamera con grande cura<br \/>\ne utilizzare se necessario gli anelli di regolazione aggiuntivi.<\/p>\n","protected":false},"excerpt":{"rendered":"<p>&#8211; Gli anelli Hyperion DT sono ottimizzati per la distanza pi\u00f9 breve tra l&#8217;obiettivo dell&#8217;oculare e l&#8217;obiettivo della fotocamera digitale. &#8211; Questo \u00e8 l&#8217;unico modo per ottenere un&#8217;illuminazione dell&#8217;immagine priva di vignettatura &#8211; \u00c8 incluso 1 anello di regolazione in plastica dura per la filettatura SP54 incluso con ogni anello Hyperion DT gratuitamente. &#8211; Con [&hellip;]<\/p>\n","protected":false},"featured_media":9735,"comment_status":"closed","ping_status":"open","template":"","meta":{"_acf_changed":false},"product_brand":[679],"product_cat":[1478,1340],"product_tag":[],"class_list":{"0":"post-59673","1":"product","2":"type-product","3":"status-publish","4":"has-post-thumbnail","6":"product_brand-baader","7":"product_cat-oculari","8":"product_cat-ottica","10":"first","11":"instock","12":"taxable","13":"shipping-taxable","14":"purchasable","15":"product-type-simple"},"acf":[],"_links":{"self":[{"href":"https:\/\/www.teleskopshop.ch\/it\/wp-json\/wp\/v2\/product\/59673","targetHints":{"allow":["GET"]}}],"collection":[{"href":"https:\/\/www.teleskopshop.ch\/it\/wp-json\/wp\/v2\/product"}],"about":[{"href":"https:\/\/www.teleskopshop.ch\/it\/wp-json\/wp\/v2\/types\/product"}],"replies":[{"embeddable":true,"href":"https:\/\/www.teleskopshop.ch\/it\/wp-json\/wp\/v2\/comments?post=59673"}],"wp:featuredmedia":[{"embeddable":true,"href":"https:\/\/www.teleskopshop.ch\/it\/wp-json\/wp\/v2\/media\/9735"}],"wp:attachment":[{"href":"https:\/\/www.teleskopshop.ch\/it\/wp-json\/wp\/v2\/media?parent=59673"}],"wp:term":[{"taxonomy":"product_brand","embeddable":true,"href":"https:\/\/www.teleskopshop.ch\/it\/wp-json\/wp\/v2\/product_brand?post=59673"},{"taxonomy":"product_cat","embeddable":true,"href":"https:\/\/www.teleskopshop.ch\/it\/wp-json\/wp\/v2\/product_cat?post=59673"},{"taxonomy":"product_tag","embeddable":true,"href":"https:\/\/www.teleskopshop.ch\/it\/wp-json\/wp\/v2\/product_tag?post=59673"}],"curies":[{"name":"wp","href":"https:\/\/api.w.org\/{rel}","templated":true}]}}