{"id":59631,"date":"2023-12-18T00:00:00","date_gmt":"2023-12-17T23:00:00","guid":{"rendered":"https:\/\/2025.teleskopshop.ch\/shop\/senza-categoria\/baader-t-2-konverter-t2-33\/"},"modified":"2025-01-25T13:32:50","modified_gmt":"2025-01-25T12:32:50","slug":"baader-t-2-konverter-t2-33","status":"publish","type":"product","link":"https:\/\/www.teleskopshop.ch\/it\/shop\/ottica\/prolunghe-ottiche\/oculari\/baader-t-2-konverter-t2-33\/","title":{"rendered":"Convertitore Baader T-2 e T2 #33"},"content":{"rendered":"<p>Morsetto di rotazione &#8211; Prolunga Baader Variable T2 &#8211; Lunghezza 12-16mm.<br \/>\nAvvita i due anelli l&#8217;uno nell&#8217;altro man mano che vai avanti con gli anelli<br \/>\nviti l&#8217;una nell&#8217;altra, pi\u00f9 corta \u00e8 l&#8217;estensione. Con quella lattina<br \/>\ndeterminare la distanza in una frazione di millimetro. quando<br \/>\nUna volta ottenuta la lunghezza desiderata, contrasta semplicemente gli anelli con il<br \/>\nanello di bloccaggio corto e l&#8217;adattatore rimane nella posizione esatta. il<br \/>\nla distanza pi\u00f9 breve \u00e8 12 mm &#8211; ne hai ancora alcuni l\u00ec<br \/>\nDiscussioni per un ulteriore adattamento. La distanza pi\u00f9 lunga \u00e8 16 mm.<br \/>\nFilettatura lato telescopio &#8211; filettatura interna T2<br \/>\nFilettatura sul lato della fotocamera &#8211; Filettatura esterna T2<br \/>\nun controanello T2 molto corto<\/p>\n","protected":false},"excerpt":{"rendered":"<p>Morsetto di rotazione &#8211; Prolunga Baader Variable T2 &#8211; Lunghezza 12-16mm. Avvita i due anelli l&#8217;uno nell&#8217;altro man mano che vai avanti con gli anelli viti l&#8217;una nell&#8217;altra, pi\u00f9 corta \u00e8 l&#8217;estensione. Con quella lattina determinare la distanza in una frazione di millimetro. quando Una volta ottenuta la lunghezza desiderata, contrasta semplicemente gli anelli con [&hellip;]<\/p>\n","protected":false},"featured_media":9311,"comment_status":"closed","ping_status":"open","template":"","meta":{"_acf_changed":false},"product_brand":[679],"product_cat":[1478,1340],"product_tag":[],"class_list":{"0":"post-59631","1":"product","2":"type-product","3":"status-publish","4":"has-post-thumbnail","6":"product_brand-baader","7":"product_cat-oculari","8":"product_cat-ottica","10":"first","11":"instock","12":"taxable","13":"shipping-taxable","14":"purchasable","15":"product-type-simple"},"acf":[],"_links":{"self":[{"href":"https:\/\/www.teleskopshop.ch\/it\/wp-json\/wp\/v2\/product\/59631","targetHints":{"allow":["GET"]}}],"collection":[{"href":"https:\/\/www.teleskopshop.ch\/it\/wp-json\/wp\/v2\/product"}],"about":[{"href":"https:\/\/www.teleskopshop.ch\/it\/wp-json\/wp\/v2\/types\/product"}],"replies":[{"embeddable":true,"href":"https:\/\/www.teleskopshop.ch\/it\/wp-json\/wp\/v2\/comments?post=59631"}],"wp:featuredmedia":[{"embeddable":true,"href":"https:\/\/www.teleskopshop.ch\/it\/wp-json\/wp\/v2\/media\/9311"}],"wp:attachment":[{"href":"https:\/\/www.teleskopshop.ch\/it\/wp-json\/wp\/v2\/media?parent=59631"}],"wp:term":[{"taxonomy":"product_brand","embeddable":true,"href":"https:\/\/www.teleskopshop.ch\/it\/wp-json\/wp\/v2\/product_brand?post=59631"},{"taxonomy":"product_cat","embeddable":true,"href":"https:\/\/www.teleskopshop.ch\/it\/wp-json\/wp\/v2\/product_cat?post=59631"},{"taxonomy":"product_tag","embeddable":true,"href":"https:\/\/www.teleskopshop.ch\/it\/wp-json\/wp\/v2\/product_tag?post=59631"}],"curies":[{"name":"wp","href":"https:\/\/api.w.org\/{rel}","templated":true}]}}