{"id":59608,"date":"2023-12-18T00:00:00","date_gmt":"2023-12-17T23:00:00","guid":{"rendered":"https:\/\/2025.teleskopshop.ch\/shop\/senza-categoria\/baader-sky-surfer-iii-visiersucher\/"},"modified":"2025-01-25T13:32:47","modified_gmt":"2025-01-25T12:32:47","slug":"baader-sky-surfer-iii-visiersucher","status":"publish","type":"product","link":"https:\/\/www.teleskopshop.ch\/it\/shop\/ottica\/prolunghe-ottiche\/oculari\/baader-sky-surfer-iii-visiersucher\/","title":{"rendered":"Mirino Baader SKY SURFER III"},"content":{"rendered":"<p>Sky-Surfer III \/ 30mm &#8220;mirino a punto rosso&#8221; con 3 flange adattatrici.<br \/>\nL&#8217;apertura libera \u00e8 di 30 mm, davanti e dietro l&#8217;obiettivo sono lunghe<br \/>\nScudi antirugiada fissati per prevenire l&#8217;appannamento. L&#8217;1:1<br \/>\nLa lente dell&#8217;obiettivo \u00e8 antiriflesso. Allo stesso tempo \u00e8 il punto luminoso rosso<br \/>\ncos\u00ec facile da controllare che non \u00e8 &#8220;troppo luminoso&#8221; anche contro il cielo notturno<br \/>\nappare.<br \/>\nConsigliamo in particolare il cercatore punto rosso come supplemento a<br \/>\nmirini ottici. Il mirino a punto rosso offre un veloce<br \/>\nTrova la tua strada nel cielo. Il vero salto delle stelle &#8211; questo \u00e8<br \/>\nAvvicinarsi agli oggetti &#8211; dovrebbe essere fatto con il mirino ottico.<br \/>\nVolume di consegna:<br \/>\nAdattatore A: supporto estremamente piatto con superficie di contatto piatta<br \/>\nAdattatore B: composto da 2 parti &#8211; adatto a tutti i tubi per<br \/>\nautoadattamento<br \/>\nAdattatore C: piedino a cambio rapido &#8211; adatto per Standard<br \/>\nSupporti per mirino\/scarpe per mirino<br \/>\nbatteria<\/p>\n","protected":false},"excerpt":{"rendered":"<p>Sky-Surfer III \/ 30mm &#8220;mirino a punto rosso&#8221; con 3 flange adattatrici. L&#8217;apertura libera \u00e8 di 30 mm, davanti e dietro l&#8217;obiettivo sono lunghe Scudi antirugiada fissati per prevenire l&#8217;appannamento. L&#8217;1:1 La lente dell&#8217;obiettivo \u00e8 antiriflesso. Allo stesso tempo \u00e8 il punto luminoso rosso cos\u00ec facile da controllare che non \u00e8 &#8220;troppo luminoso&#8221; anche contro [&hellip;]<\/p>\n","protected":false},"featured_media":9287,"comment_status":"closed","ping_status":"open","template":"","meta":{"_acf_changed":false},"product_brand":[679],"product_cat":[1478,1340],"product_tag":[],"class_list":{"0":"post-59608","1":"product","2":"type-product","3":"status-publish","4":"has-post-thumbnail","6":"product_brand-baader","7":"product_cat-oculari","8":"product_cat-ottica","10":"first","11":"instock","12":"taxable","13":"shipping-taxable","14":"purchasable","15":"product-type-simple"},"acf":[],"_links":{"self":[{"href":"https:\/\/www.teleskopshop.ch\/it\/wp-json\/wp\/v2\/product\/59608","targetHints":{"allow":["GET"]}}],"collection":[{"href":"https:\/\/www.teleskopshop.ch\/it\/wp-json\/wp\/v2\/product"}],"about":[{"href":"https:\/\/www.teleskopshop.ch\/it\/wp-json\/wp\/v2\/types\/product"}],"replies":[{"embeddable":true,"href":"https:\/\/www.teleskopshop.ch\/it\/wp-json\/wp\/v2\/comments?post=59608"}],"wp:featuredmedia":[{"embeddable":true,"href":"https:\/\/www.teleskopshop.ch\/it\/wp-json\/wp\/v2\/media\/9287"}],"wp:attachment":[{"href":"https:\/\/www.teleskopshop.ch\/it\/wp-json\/wp\/v2\/media?parent=59608"}],"wp:term":[{"taxonomy":"product_brand","embeddable":true,"href":"https:\/\/www.teleskopshop.ch\/it\/wp-json\/wp\/v2\/product_brand?post=59608"},{"taxonomy":"product_cat","embeddable":true,"href":"https:\/\/www.teleskopshop.ch\/it\/wp-json\/wp\/v2\/product_cat?post=59608"},{"taxonomy":"product_tag","embeddable":true,"href":"https:\/\/www.teleskopshop.ch\/it\/wp-json\/wp\/v2\/product_tag?post=59608"}],"curies":[{"name":"wp","href":"https:\/\/api.w.org\/{rel}","templated":true}]}}