{"id":59605,"date":"2023-12-18T00:00:00","date_gmt":"2023-12-17T23:00:00","guid":{"rendered":"https:\/\/2025.teleskopshop.ch\/shop\/senza-categoria\/baader-varilock-t-2-29-46mm-25v\/"},"modified":"2025-01-25T13:33:03","modified_gmt":"2025-01-25T12:33:03","slug":"baader-varilock-t-2-29-46mm-25v","status":"publish","type":"product","link":"https:\/\/www.teleskopshop.ch\/it\/shop\/ottica\/prolunghe-ottiche\/oculari\/baader-varilock-t-2-29-46mm-25v\/","title":{"rendered":"Baader VariLock T-2 29-46mm #25V"},"content":{"rendered":"<p>Manicotto di prolunga Baader VariLock T2 29-46mm stepless e<br \/>\ncon serratura 2956946 &#8211; 25V &#8211; strumento ideale per la regolazione<br \/>\ndistanze di messa a fuoco esatte.<br \/>\nIl Baader VariLock 46 \u00e8 pi\u00f9 di un semplice T2<br \/>\nRinnovo. \u00c8 un sistema adattatore completo da realizzare<br \/>\ndistanze di messa a fuoco esatte: regolazione continua da 29 mm a 46 mm, alta<br \/>\nRigidit\u00e0 dovuta allo spessore della parete dell&#8217;alloggiamento sufficiente, riproducibile<br \/>\nRegolazione tramite scala millimetrica laterale.<br \/>\nCollegamento lato telescopio: filettatura interna T2 (M42x0.75mm).<br \/>\nCollegamento lato oculare\/telecamera: filettatura maschio T2 e anello a coda di rondine<br \/>\nper adattatore a baionetta Baader<br \/>\nDati dell&#8217;anello a coda di rondine: diametro 52 mm \/ spessore 6,5 mm<br \/>\nLunghezza ottica: 29-46 mm in continuo.<\/p>\n","protected":false},"excerpt":{"rendered":"<p>Manicotto di prolunga Baader VariLock T2 29-46mm stepless e con serratura 2956946 &#8211; 25V &#8211; strumento ideale per la regolazione distanze di messa a fuoco esatte. Il Baader VariLock 46 \u00e8 pi\u00f9 di un semplice T2 Rinnovo. \u00c8 un sistema adattatore completo da realizzare distanze di messa a fuoco esatte: regolazione continua da 29 mm [&hellip;]<\/p>\n","protected":false},"featured_media":9283,"comment_status":"closed","ping_status":"open","template":"","meta":{"_acf_changed":false},"product_brand":[679],"product_cat":[1478,1340],"product_tag":[],"class_list":{"0":"post-59605","1":"product","2":"type-product","3":"status-publish","4":"has-post-thumbnail","6":"product_brand-baader","7":"product_cat-oculari","8":"product_cat-ottica","10":"first","11":"instock","12":"taxable","13":"shipping-taxable","14":"purchasable","15":"product-type-simple"},"acf":[],"_links":{"self":[{"href":"https:\/\/www.teleskopshop.ch\/it\/wp-json\/wp\/v2\/product\/59605","targetHints":{"allow":["GET"]}}],"collection":[{"href":"https:\/\/www.teleskopshop.ch\/it\/wp-json\/wp\/v2\/product"}],"about":[{"href":"https:\/\/www.teleskopshop.ch\/it\/wp-json\/wp\/v2\/types\/product"}],"replies":[{"embeddable":true,"href":"https:\/\/www.teleskopshop.ch\/it\/wp-json\/wp\/v2\/comments?post=59605"}],"wp:featuredmedia":[{"embeddable":true,"href":"https:\/\/www.teleskopshop.ch\/it\/wp-json\/wp\/v2\/media\/9283"}],"wp:attachment":[{"href":"https:\/\/www.teleskopshop.ch\/it\/wp-json\/wp\/v2\/media?parent=59605"}],"wp:term":[{"taxonomy":"product_brand","embeddable":true,"href":"https:\/\/www.teleskopshop.ch\/it\/wp-json\/wp\/v2\/product_brand?post=59605"},{"taxonomy":"product_cat","embeddable":true,"href":"https:\/\/www.teleskopshop.ch\/it\/wp-json\/wp\/v2\/product_cat?post=59605"},{"taxonomy":"product_tag","embeddable":true,"href":"https:\/\/www.teleskopshop.ch\/it\/wp-json\/wp\/v2\/product_tag?post=59605"}],"curies":[{"name":"wp","href":"https:\/\/api.w.org\/{rel}","templated":true}]}}