{"id":58768,"date":"2023-12-18T00:00:00","date_gmt":"2023-12-17T23:00:00","guid":{"rendered":"https:\/\/2025.teleskopshop.ch\/shop\/senza-categoria\/nikon-distanzmesser-prostaff-1000\/"},"modified":"2025-01-25T13:22:14","modified_gmt":"2025-01-25T12:22:14","slug":"nikon-distanzmesser-prostaff-1000","status":"publish","type":"product","link":"https:\/\/www.teleskopshop.ch\/it\/shop\/astronomia-accessori-it\/telemetro\/telemetro-it\/nikon-distanzmesser-prostaff-1000\/","title":{"rendered":"Misuratore di distanza Nikon PROSTAFF 1000"},"content":{"rendered":"<p>Il dispositivo compatto e leggero ha un campo di misura di 5<br \/>\nfino a 910 m e il Target Priority Switch System, che dispone di due<br \/>\nModalit\u00e0 di misurazione della gamma tra cui scegliere. In modalit\u00e0 di misurazione a bersaglio corto,<br \/>\nla distanza dall&#8217;oggetto pi\u00f9 vicino da un gruppo di<br \/>\noggetti e la distanza dal<br \/>\noggetto pi\u00f9 lontano. Le distanze sono misurate con un<br \/>\nBattitura fulminea e con incrementi di 1 metro<br \/>\nVisualizzato. Con la singola misurazione e la durata fino a otto secondi<br \/>\nCi sono altre opzioni per la misurazione continua. Quella<br \/>\nMonoculare di alta qualit\u00e0 con rivestimento multistrato e 6 volte<br \/>\nL&#8217;ingrandimento garantisce un&#8217;immagine luminosa e chiara.<br \/>\n2 anni di garanzia<\/p>\n","protected":false},"excerpt":{"rendered":"<p>Il dispositivo compatto e leggero ha un campo di misura di 5 fino a 910 m e il Target Priority Switch System, che dispone di due Modalit\u00e0 di misurazione della gamma tra cui scegliere. In modalit\u00e0 di misurazione a bersaglio corto, la distanza dall&#8217;oggetto pi\u00f9 vicino da un gruppo di oggetti e la distanza dal [&hellip;]<\/p>\n","protected":false},"featured_media":8543,"comment_status":"closed","ping_status":"open","template":"","meta":{"_acf_changed":false},"product_brand":[686],"product_cat":[1655,1724,1727],"product_tag":[],"class_list":{"0":"post-58768","1":"product","2":"type-product","3":"status-publish","4":"has-post-thumbnail","6":"product_brand-nikon","7":"product_cat-astronomia-accessori-it","8":"product_cat-telemetro","9":"product_cat-telemetro-it","11":"first","12":"instock","13":"taxable","14":"shipping-taxable","15":"purchasable","16":"product-type-simple"},"acf":[],"_links":{"self":[{"href":"https:\/\/www.teleskopshop.ch\/it\/wp-json\/wp\/v2\/product\/58768","targetHints":{"allow":["GET"]}}],"collection":[{"href":"https:\/\/www.teleskopshop.ch\/it\/wp-json\/wp\/v2\/product"}],"about":[{"href":"https:\/\/www.teleskopshop.ch\/it\/wp-json\/wp\/v2\/types\/product"}],"replies":[{"embeddable":true,"href":"https:\/\/www.teleskopshop.ch\/it\/wp-json\/wp\/v2\/comments?post=58768"}],"wp:featuredmedia":[{"embeddable":true,"href":"https:\/\/www.teleskopshop.ch\/it\/wp-json\/wp\/v2\/media\/8543"}],"wp:attachment":[{"href":"https:\/\/www.teleskopshop.ch\/it\/wp-json\/wp\/v2\/media?parent=58768"}],"wp:term":[{"taxonomy":"product_brand","embeddable":true,"href":"https:\/\/www.teleskopshop.ch\/it\/wp-json\/wp\/v2\/product_brand?post=58768"},{"taxonomy":"product_cat","embeddable":true,"href":"https:\/\/www.teleskopshop.ch\/it\/wp-json\/wp\/v2\/product_cat?post=58768"},{"taxonomy":"product_tag","embeddable":true,"href":"https:\/\/www.teleskopshop.ch\/it\/wp-json\/wp\/v2\/product_tag?post=58768"}],"curies":[{"name":"wp","href":"https:\/\/api.w.org\/{rel}","templated":true}]}}