{"id":58714,"date":"2023-12-18T00:00:00","date_gmt":"2023-12-17T23:00:00","guid":{"rendered":"https:\/\/2025.teleskopshop.ch\/shop\/senza-categoria\/celestron-neximage-10-solarsystem-imager\/"},"modified":"2025-01-25T13:20:50","modified_gmt":"2025-01-25T12:20:50","slug":"celestron-neximage-10-solarsystem-imager","status":"publish","type":"product","link":"https:\/\/www.teleskopshop.ch\/it\/shop\/astrofotografia\/macchina-fotografica\/celestron-neximage-10-solarsystem-imager\/","title":{"rendered":"Imager del sistema solare Celestron NexImage 10"},"content":{"rendered":"<p>fotocamera planetaria<br \/>\nI pixel piccoli (1,67 micron) e ad alta densit\u00e0 sono perfetti<br \/>\nper lunghezze focali da brevi a medie (300 &#8211; 1000 mm)) e offrire a<br \/>\nbuon ridimensionamento dell&#8217;immagine nei telescopi pi\u00f9 piccoli. Tramite USB 3.0<br \/>\nLa connessione pu\u00f2 richiedere fino a 200 fotogrammi al secondo (fps) con NexImage 10<br \/>\nregistrare risoluzioni pi\u00f9 piccole. Questa fotocamera \u00e8 la scelta giusta<br \/>\nLe migliori fotocamere economiche.<br \/>\nFotocamera a colori facile da usare, fornisce immagini dal vivo facilmente<br \/>\nMessa a fuoco.<br \/>\nRisoluzione 3856 x 2764 pixel con pixel piccoli &#8211; anche alta risoluzione<br \/>\nsenza una lente di Barlow aggiuntiva.<br \/>\nInclude il software Celestron iCap per la registrazione e l&#8217;esportazione<br \/>\nimmagini.<br \/>\nInclude il software RegiStax per filtrare automaticamente il meglio<br \/>\nimmagini e per il successivo allineamento e impilamento.<br \/>\nDa utilizzare con Mac OS X, il software di oaCapture e<br \/>\nLynkeos pu\u00f2 essere scaricato gratuitamente dalla homepage di Celestron.<\/p>\n","protected":false},"excerpt":{"rendered":"<p>fotocamera planetaria I pixel piccoli (1,67 micron) e ad alta densit\u00e0 sono perfetti per lunghezze focali da brevi a medie (300 &#8211; 1000 mm)) e offrire a buon ridimensionamento dell&#8217;immagine nei telescopi pi\u00f9 piccoli. Tramite USB 3.0 La connessione pu\u00f2 richiedere fino a 200 fotogrammi al secondo (fps) con NexImage 10 registrare risoluzioni pi\u00f9 piccole. [&hellip;]<\/p>\n","protected":false},"featured_media":8403,"comment_status":"closed","ping_status":"open","template":"","meta":{"_acf_changed":false},"product_brand":[674],"product_cat":[1655,1712,1715],"product_tag":[],"class_list":{"0":"post-58714","1":"product","2":"type-product","3":"status-publish","4":"has-post-thumbnail","6":"product_brand-celestron","7":"product_cat-astronomia-accessori-it","8":"product_cat-astrofotografia","9":"product_cat-macchina-fotografica","11":"first","12":"instock","13":"taxable","14":"shipping-taxable","15":"purchasable","16":"product-type-simple"},"acf":[],"_links":{"self":[{"href":"https:\/\/www.teleskopshop.ch\/it\/wp-json\/wp\/v2\/product\/58714","targetHints":{"allow":["GET"]}}],"collection":[{"href":"https:\/\/www.teleskopshop.ch\/it\/wp-json\/wp\/v2\/product"}],"about":[{"href":"https:\/\/www.teleskopshop.ch\/it\/wp-json\/wp\/v2\/types\/product"}],"replies":[{"embeddable":true,"href":"https:\/\/www.teleskopshop.ch\/it\/wp-json\/wp\/v2\/comments?post=58714"}],"wp:featuredmedia":[{"embeddable":true,"href":"https:\/\/www.teleskopshop.ch\/it\/wp-json\/wp\/v2\/media\/8403"}],"wp:attachment":[{"href":"https:\/\/www.teleskopshop.ch\/it\/wp-json\/wp\/v2\/media?parent=58714"}],"wp:term":[{"taxonomy":"product_brand","embeddable":true,"href":"https:\/\/www.teleskopshop.ch\/it\/wp-json\/wp\/v2\/product_brand?post=58714"},{"taxonomy":"product_cat","embeddable":true,"href":"https:\/\/www.teleskopshop.ch\/it\/wp-json\/wp\/v2\/product_cat?post=58714"},{"taxonomy":"product_tag","embeddable":true,"href":"https:\/\/www.teleskopshop.ch\/it\/wp-json\/wp\/v2\/product_tag?post=58714"}],"curies":[{"name":"wp","href":"https:\/\/api.w.org\/{rel}","templated":true}]}}