{"id":58180,"date":"2024-01-12T00:00:00","date_gmt":"2024-01-11T23:00:00","guid":{"rendered":"https:\/\/2025.teleskopshop.ch\/shop\/senza-categoria\/celestron-uhc-lpr-filter-1-25\/"},"modified":"2025-01-25T13:38:42","modified_gmt":"2025-01-25T12:38:42","slug":"celestron-uhc-lpr-filter-1-25","status":"publish","type":"product","link":"https:\/\/www.teleskopshop.ch\/it\/shop\/ottica\/prolunghe-ottiche\/filtro-portafiltro\/filtri-a-banda-stretta\/celestron-uhc-lpr-filter-1-25\/","title":{"rendered":"Filtro Celestron UHC\/LPR 1,25&#8243;"},"content":{"rendered":"<p>I filtri &#8220;LPR (Light Pollution Reduction) riducono selettivamente<br \/>\ndeterminate lunghezze d&#8217;onda della luce (inquinamento luminoso).<br \/>\nIl filtro Ultra High Contrast LPR (UHC) migliora il contrasto. del<br \/>\nLo sfondo del cielo \u00e8 pi\u00f9 scuro e il contrasto \u00e8 la nebulosa di emissione<br \/>\nnotevolmente migliorato.<br \/>\nIl filtro perfetto per visualizzare le nebulose da quelle inquinate dalla luce<br \/>\ncieli o per aumentare il contrasto delle nebulose provenienti da luoghi con<br \/>\ncielo scuro.<\/p>\n","protected":false},"excerpt":{"rendered":"<p>I filtri &#8220;LPR (Light Pollution Reduction) riducono selettivamente determinate lunghezze d&#8217;onda della luce (inquinamento luminoso). Il filtro Ultra High Contrast LPR (UHC) migliora il contrasto. del Lo sfondo del cielo \u00e8 pi\u00f9 scuro e il contrasto \u00e8 la nebulosa di emissione notevolmente migliorato. Il filtro perfetto per visualizzare le nebulose da quelle inquinate dalla luce [&hellip;]<\/p>\n","protected":false},"featured_media":11003,"comment_status":"closed","ping_status":"open","template":"","meta":{"_acf_changed":false},"product_brand":[674],"product_cat":[1427,1379,1340],"product_tag":[],"class_list":{"0":"post-58180","1":"product","2":"type-product","3":"status-publish","4":"has-post-thumbnail","6":"product_brand-celestron","7":"product_cat-filtri-a-banda-stretta","8":"product_cat-filtro-portafiltro","9":"product_cat-ottica","11":"first","12":"instock","13":"taxable","14":"shipping-taxable","15":"purchasable","16":"product-type-simple"},"acf":[],"_links":{"self":[{"href":"https:\/\/www.teleskopshop.ch\/it\/wp-json\/wp\/v2\/product\/58180","targetHints":{"allow":["GET"]}}],"collection":[{"href":"https:\/\/www.teleskopshop.ch\/it\/wp-json\/wp\/v2\/product"}],"about":[{"href":"https:\/\/www.teleskopshop.ch\/it\/wp-json\/wp\/v2\/types\/product"}],"replies":[{"embeddable":true,"href":"https:\/\/www.teleskopshop.ch\/it\/wp-json\/wp\/v2\/comments?post=58180"}],"wp:featuredmedia":[{"embeddable":true,"href":"https:\/\/www.teleskopshop.ch\/it\/wp-json\/wp\/v2\/media\/11003"}],"wp:attachment":[{"href":"https:\/\/www.teleskopshop.ch\/it\/wp-json\/wp\/v2\/media?parent=58180"}],"wp:term":[{"taxonomy":"product_brand","embeddable":true,"href":"https:\/\/www.teleskopshop.ch\/it\/wp-json\/wp\/v2\/product_brand?post=58180"},{"taxonomy":"product_cat","embeddable":true,"href":"https:\/\/www.teleskopshop.ch\/it\/wp-json\/wp\/v2\/product_cat?post=58180"},{"taxonomy":"product_tag","embeddable":true,"href":"https:\/\/www.teleskopshop.ch\/it\/wp-json\/wp\/v2\/product_tag?post=58180"}],"curies":[{"name":"wp","href":"https:\/\/api.w.org\/{rel}","templated":true}]}}