{"id":58153,"date":"2024-01-12T00:00:00","date_gmt":"2024-01-11T23:00:00","guid":{"rendered":"https:\/\/2025.teleskopshop.ch\/shop\/senza-categoria\/nikon-monarch-fieldscope-82ed-a\/"},"modified":"2025-01-25T13:38:26","modified_gmt":"2025-01-25T12:38:26","slug":"nikon-monarch-fieldscope-82ed-a","status":"publish","type":"product","link":"https:\/\/www.teleskopshop.ch\/it\/shop\/ottica\/treppiedi-it\/piu-grandi-di-50-mm\/nikon-monarch-fieldscope-82ed-a\/","title":{"rendered":"Nikon Monarch Fieldscope 82ED-A"},"content":{"rendered":"<p>Visione a 45\u00b0: Consegna senza oculare<br \/>\nIl MONARCH Fieldscope offre un&#8217;ottica di prima classe e un alto<br \/>\nContrasto.<br \/>\nChe si tratti di birdwatching o contemplazione della bellezza naturale,<br \/>\nil sofisticato sistema apocromatico con vetro ED (esp<br \/>\nbassa dispersione) riduce al minimo le frange di colore e garantisce a<br \/>\ncampo visivo eccezionalmente nitido. Il sistema di lenti appiattite di campo<br \/>\nconsente una nitidezza uniforme fino al bordo dell&#8217;immagine.<br \/>\nUn sistema di messa a fuoco ottimizzato con adattato<br \/>\nvelocit\u00e0 di messa a fuoco? regolazione fine per soggetti distanti,<br \/>\nimpostazione pi\u00f9 grossolana per oggetti vicini? consente preciso<br \/>\ncontrollo e una gestione naturale.<br \/>\nIl MONARCH Fieldscope \u00e8 l&#8217;ideale per le attivit\u00e0 all&#8217;aperto. \u00e8<br \/>\nimpermeabile e antiappannamento, robusto e resistente alle intemperie.<\/p>\n","protected":false},"excerpt":{"rendered":"<p>Visione a 45\u00b0: Consegna senza oculare Il MONARCH Fieldscope offre un&#8217;ottica di prima classe e un alto Contrasto. Che si tratti di birdwatching o contemplazione della bellezza naturale, il sofisticato sistema apocromatico con vetro ED (esp bassa dispersione) riduce al minimo le frange di colore e garantisce a campo visivo eccezionalmente nitido. Il sistema di [&hellip;]<\/p>\n","protected":false},"featured_media":11039,"comment_status":"closed","ping_status":"open","template":"","meta":{"_acf_changed":false},"product_brand":[686],"product_cat":[1340,1562,1556],"product_tag":[],"class_list":{"0":"post-58153","1":"product","2":"type-product","3":"status-publish","4":"has-post-thumbnail","6":"product_brand-nikon","7":"product_cat-ottica","8":"product_cat-piu-grandi-di-50-mm","9":"product_cat-treppiedi-it","11":"first","12":"instock","13":"taxable","14":"shipping-taxable","15":"purchasable","16":"product-type-simple"},"acf":[],"_links":{"self":[{"href":"https:\/\/www.teleskopshop.ch\/it\/wp-json\/wp\/v2\/product\/58153","targetHints":{"allow":["GET"]}}],"collection":[{"href":"https:\/\/www.teleskopshop.ch\/it\/wp-json\/wp\/v2\/product"}],"about":[{"href":"https:\/\/www.teleskopshop.ch\/it\/wp-json\/wp\/v2\/types\/product"}],"replies":[{"embeddable":true,"href":"https:\/\/www.teleskopshop.ch\/it\/wp-json\/wp\/v2\/comments?post=58153"}],"wp:featuredmedia":[{"embeddable":true,"href":"https:\/\/www.teleskopshop.ch\/it\/wp-json\/wp\/v2\/media\/11039"}],"wp:attachment":[{"href":"https:\/\/www.teleskopshop.ch\/it\/wp-json\/wp\/v2\/media?parent=58153"}],"wp:term":[{"taxonomy":"product_brand","embeddable":true,"href":"https:\/\/www.teleskopshop.ch\/it\/wp-json\/wp\/v2\/product_brand?post=58153"},{"taxonomy":"product_cat","embeddable":true,"href":"https:\/\/www.teleskopshop.ch\/it\/wp-json\/wp\/v2\/product_cat?post=58153"},{"taxonomy":"product_tag","embeddable":true,"href":"https:\/\/www.teleskopshop.ch\/it\/wp-json\/wp\/v2\/product_tag?post=58153"}],"curies":[{"name":"wp","href":"https:\/\/api.w.org\/{rel}","templated":true}]}}