{"id":58144,"date":"2024-01-12T00:00:00","date_gmt":"2024-01-11T23:00:00","guid":{"rendered":"https:\/\/2025.teleskopshop.ch\/shop\/senza-categoria\/celestron-ultima-100-45-spektiv\/"},"modified":"2025-01-25T13:38:47","modified_gmt":"2025-01-25T12:38:47","slug":"celestron-ultima-100-45-spektiv","status":"publish","type":"product","link":"https:\/\/www.teleskopshop.ch\/it\/shop\/ottica\/treppiedi-it\/piu-grandi-di-50-mm\/celestron-ultima-100-45-spektiv\/","title":{"rendered":"Cannocchiale Celestron Ultima 100 45\u00b0"},"content":{"rendered":"<p>Cannocchiale\/telescopio\/cannocchiale 100mm. Ingrandimento 22-66x. Mirino 45\u00b0<br \/>\nL&#8217;oculare zoom ha un paraluce pieghevole ed \u00e8 cos\u00ec<br \/>\nadatto a portatori di occhiali. Sotto il paraluce c&#8217;\u00e8 un<br \/>\nFilettatura che pu\u00f2 essere fissata anche tramite l&#8217;adattatore a T in dotazione<br \/>\nCollega le fotocamere reflex.<br \/>\nIl cannocchiale \u00e8 impermeabile e ha un rivestimento multistrato,<br \/>\nlente acromatica. \u00c8 inclusa una custodia morbida<br \/>\nAmbito di consegna.<\/p>\n","protected":false},"excerpt":{"rendered":"<p>Cannocchiale\/telescopio\/cannocchiale 100mm. Ingrandimento 22-66x. Mirino 45\u00b0 L&#8217;oculare zoom ha un paraluce pieghevole ed \u00e8 cos\u00ec adatto a portatori di occhiali. Sotto il paraluce c&#8217;\u00e8 un Filettatura che pu\u00f2 essere fissata anche tramite l&#8217;adattatore a T in dotazione Collega le fotocamere reflex. Il cannocchiale \u00e8 impermeabile e ha un rivestimento multistrato, lente acromatica. \u00c8 inclusa una [&hellip;]<\/p>\n","protected":false},"featured_media":10987,"comment_status":"closed","ping_status":"open","template":"","meta":{"_acf_changed":false},"product_brand":[674],"product_cat":[1340,1562,1556],"product_tag":[],"class_list":{"0":"post-58144","1":"product","2":"type-product","3":"status-publish","4":"has-post-thumbnail","6":"product_brand-celestron","7":"product_cat-ottica","8":"product_cat-piu-grandi-di-50-mm","9":"product_cat-treppiedi-it","11":"first","12":"instock","13":"taxable","14":"shipping-taxable","15":"purchasable","16":"product-type-simple"},"acf":[],"_links":{"self":[{"href":"https:\/\/www.teleskopshop.ch\/it\/wp-json\/wp\/v2\/product\/58144","targetHints":{"allow":["GET"]}}],"collection":[{"href":"https:\/\/www.teleskopshop.ch\/it\/wp-json\/wp\/v2\/product"}],"about":[{"href":"https:\/\/www.teleskopshop.ch\/it\/wp-json\/wp\/v2\/types\/product"}],"replies":[{"embeddable":true,"href":"https:\/\/www.teleskopshop.ch\/it\/wp-json\/wp\/v2\/comments?post=58144"}],"wp:featuredmedia":[{"embeddable":true,"href":"https:\/\/www.teleskopshop.ch\/it\/wp-json\/wp\/v2\/media\/10987"}],"wp:attachment":[{"href":"https:\/\/www.teleskopshop.ch\/it\/wp-json\/wp\/v2\/media?parent=58144"}],"wp:term":[{"taxonomy":"product_brand","embeddable":true,"href":"https:\/\/www.teleskopshop.ch\/it\/wp-json\/wp\/v2\/product_brand?post=58144"},{"taxonomy":"product_cat","embeddable":true,"href":"https:\/\/www.teleskopshop.ch\/it\/wp-json\/wp\/v2\/product_cat?post=58144"},{"taxonomy":"product_tag","embeddable":true,"href":"https:\/\/www.teleskopshop.ch\/it\/wp-json\/wp\/v2\/product_tag?post=58144"}],"curies":[{"name":"wp","href":"https:\/\/api.w.org\/{rel}","templated":true}]}}