{"id":58111,"date":"2024-01-12T00:00:00","date_gmt":"2024-01-11T23:00:00","guid":{"rendered":"https:\/\/2025.teleskopshop.ch\/shop\/senza-categoria\/pentax-fernglas-zd-10x43-wp\/"},"modified":"2025-01-25T13:38:46","modified_gmt":"2025-01-25T12:38:46","slug":"pentax-fernglas-zd-10x43-wp","status":"publish","type":"product","link":"https:\/\/www.teleskopshop.ch\/it\/shop\/ottica\/binocoli-e-occhiali-da-opera\/binocoli\/binocoli-pentax\/pentax-fernglas-zd-10x43-wp\/","title":{"rendered":"Binocolo Pentax ZD 10&#215;43 WP"},"content":{"rendered":"<p>I prodotti di punta della PENTAX Sport Optics si trovano nella serie Z<br \/>\nassortimento. Questa serie \u00e8 composta esclusivamente da prismi a tetto in<br \/>\nQualit\u00e0 premium che cattura l&#8217;attenzione anche dell&#8217;osservatore pi\u00f9 esigente<br \/>\ncade. Tutti i binocoli di questa serie sono prodotti in Giappone.<br \/>\nOltre agli obiettivi ED, la serie ED ne ha uno aggiuntivo<br \/>\nrivestimento dielettrico. Questo annulla la brillantezza del colore e la fedelt\u00e0 del colore<br \/>\nun livello straordinario e ispira soprattutto i pi\u00f9 esigenti<br \/>\nutenti cos\u00ec come gli osservatori pi\u00f9 impegnati.<br \/>\nRivestimenti multipli su tutte le lenti;<br \/>\nRivestimento a trasmissione della luce migliorato;<br \/>\ncorrezione di fase;<br \/>\nRivestimento idrorepellente sulle lenti esterne;<br \/>\nImpermeabile (classificazione JIS 6) con gas azoto;<br \/>\nArmatura in gomma continua per protezione e presa sicura;<\/p>\n","protected":false},"excerpt":{"rendered":"<p>I prodotti di punta della PENTAX Sport Optics si trovano nella serie Z assortimento. Questa serie \u00e8 composta esclusivamente da prismi a tetto in Qualit\u00e0 premium che cattura l&#8217;attenzione anche dell&#8217;osservatore pi\u00f9 esigente cade. Tutti i binocoli di questa serie sono prodotti in Giappone. Oltre agli obiettivi ED, la serie ED ne ha uno aggiuntivo [&hellip;]<\/p>\n","protected":false},"featured_media":10963,"comment_status":"closed","ping_status":"open","template":"","meta":{"_acf_changed":false},"product_brand":[688],"product_cat":[1346,1343,1370,1340],"product_tag":[],"class_list":{"0":"post-58111","1":"product","2":"type-product","3":"status-publish","4":"has-post-thumbnail","6":"product_brand-pentax","7":"product_cat-binocoli","8":"product_cat-binocoli-e-occhiali-da-opera","9":"product_cat-binocoli-pentax","10":"product_cat-ottica","12":"first","13":"instock","14":"taxable","15":"shipping-taxable","16":"purchasable","17":"product-type-simple"},"acf":[],"_links":{"self":[{"href":"https:\/\/www.teleskopshop.ch\/it\/wp-json\/wp\/v2\/product\/58111","targetHints":{"allow":["GET"]}}],"collection":[{"href":"https:\/\/www.teleskopshop.ch\/it\/wp-json\/wp\/v2\/product"}],"about":[{"href":"https:\/\/www.teleskopshop.ch\/it\/wp-json\/wp\/v2\/types\/product"}],"replies":[{"embeddable":true,"href":"https:\/\/www.teleskopshop.ch\/it\/wp-json\/wp\/v2\/comments?post=58111"}],"wp:featuredmedia":[{"embeddable":true,"href":"https:\/\/www.teleskopshop.ch\/it\/wp-json\/wp\/v2\/media\/10963"}],"wp:attachment":[{"href":"https:\/\/www.teleskopshop.ch\/it\/wp-json\/wp\/v2\/media?parent=58111"}],"wp:term":[{"taxonomy":"product_brand","embeddable":true,"href":"https:\/\/www.teleskopshop.ch\/it\/wp-json\/wp\/v2\/product_brand?post=58111"},{"taxonomy":"product_cat","embeddable":true,"href":"https:\/\/www.teleskopshop.ch\/it\/wp-json\/wp\/v2\/product_cat?post=58111"},{"taxonomy":"product_tag","embeddable":true,"href":"https:\/\/www.teleskopshop.ch\/it\/wp-json\/wp\/v2\/product_tag?post=58111"}],"curies":[{"name":"wp","href":"https:\/\/api.w.org\/{rel}","templated":true}]}}