{"id":58084,"date":"2024-01-12T00:00:00","date_gmt":"2024-01-11T23:00:00","guid":{"rendered":"https:\/\/2025.teleskopshop.ch\/shop\/senza-categoria\/pentax-fernglas-sp-8x40-wp\/"},"modified":"2025-01-25T13:38:49","modified_gmt":"2025-01-25T12:38:49","slug":"pentax-fernglas-sp-8x40-wp","status":"publish","type":"product","link":"https:\/\/www.teleskopshop.ch\/it\/shop\/ottica\/binocoli-e-occhiali-da-opera\/binocoli\/binocoli-pentax\/pentax-fernglas-sp-8x40-wp\/","title":{"rendered":"Binocolo Pentax SP 8&#215;40 WP"},"content":{"rendered":"<p>Il binocolo con prisma di porro della serie S \u00e8 dotato<br \/>\nun obiettivo di diametro della lente maggiore di 40 mm. Con lo stesso<br \/>\ndotato dei rivestimenti di alta qualit\u00e0 della serie A, \u00e8 impeccabile<br \/>\nQualit\u00e0 dell&#8217;immagine garantita. Caratteristica di questa serie \u00e8 l&#8217;alto<br \/>\nIntensit\u00e0 luminosa grazie al grande diametro della lente dell&#8217;obiettivo.<br \/>\nLa trasmissione ottimale della luce \u00e8 uno degli aspetti pi\u00f9 importanti per<br \/>\nla qualit\u00e0 della visione del binocolo. Questo \u00e8 anche il focus di<br \/>\nnuove tecnologie per l&#8217;attuale serie PENTAX Sport Optics. Cos\u00ec<br \/>\nil ?Rivestimento multiplo completo? di tutte le lenti come il nuovo rivestimento standard.<br \/>\nMigliora la trasmissione della luce e contrasta<br \/>\nriducendo al minimo i riflessi e un&#8217;eccellente fedelt\u00e0 cromatica.<br \/>\nRivestimenti multipli su tutte le lenti;<br \/>\nRivestimento a trasmissione della luce migliorato;<br \/>\nfocalizzazione interna;<br \/>\nRivestimento idrorepellente sulle lenti esterne;<br \/>\nImpermeabile (classificazione JIS 6);<br \/>\nriempimento di azoto;<br \/>\nArmatura in gomma continua per protezione e presa sicura;<br \/>\ncustodia in magnesio\/alluminio;<br \/>\nElemento lente asferica;<\/p>\n","protected":false},"excerpt":{"rendered":"<p>Il binocolo con prisma di porro della serie S \u00e8 dotato un obiettivo di diametro della lente maggiore di 40 mm. Con lo stesso dotato dei rivestimenti di alta qualit\u00e0 della serie A, \u00e8 impeccabile Qualit\u00e0 dell&#8217;immagine garantita. Caratteristica di questa serie \u00e8 l&#8217;alto Intensit\u00e0 luminosa grazie al grande diametro della lente dell&#8217;obiettivo. La trasmissione [&hellip;]<\/p>\n","protected":false},"featured_media":10931,"comment_status":"closed","ping_status":"open","template":"","meta":{"_acf_changed":false},"product_brand":[688],"product_cat":[1346,1343,1370,1340],"product_tag":[],"class_list":{"0":"post-58084","1":"product","2":"type-product","3":"status-publish","4":"has-post-thumbnail","6":"product_brand-pentax","7":"product_cat-binocoli","8":"product_cat-binocoli-e-occhiali-da-opera","9":"product_cat-binocoli-pentax","10":"product_cat-ottica","12":"first","13":"instock","14":"taxable","15":"shipping-taxable","16":"purchasable","17":"product-type-simple"},"acf":[],"_links":{"self":[{"href":"https:\/\/www.teleskopshop.ch\/it\/wp-json\/wp\/v2\/product\/58084","targetHints":{"allow":["GET"]}}],"collection":[{"href":"https:\/\/www.teleskopshop.ch\/it\/wp-json\/wp\/v2\/product"}],"about":[{"href":"https:\/\/www.teleskopshop.ch\/it\/wp-json\/wp\/v2\/types\/product"}],"replies":[{"embeddable":true,"href":"https:\/\/www.teleskopshop.ch\/it\/wp-json\/wp\/v2\/comments?post=58084"}],"wp:featuredmedia":[{"embeddable":true,"href":"https:\/\/www.teleskopshop.ch\/it\/wp-json\/wp\/v2\/media\/10931"}],"wp:attachment":[{"href":"https:\/\/www.teleskopshop.ch\/it\/wp-json\/wp\/v2\/media?parent=58084"}],"wp:term":[{"taxonomy":"product_brand","embeddable":true,"href":"https:\/\/www.teleskopshop.ch\/it\/wp-json\/wp\/v2\/product_brand?post=58084"},{"taxonomy":"product_cat","embeddable":true,"href":"https:\/\/www.teleskopshop.ch\/it\/wp-json\/wp\/v2\/product_cat?post=58084"},{"taxonomy":"product_tag","embeddable":true,"href":"https:\/\/www.teleskopshop.ch\/it\/wp-json\/wp\/v2\/product_tag?post=58084"}],"curies":[{"name":"wp","href":"https:\/\/api.w.org\/{rel}","templated":true}]}}