{"id":58081,"date":"2024-01-12T00:00:00","date_gmt":"2024-01-11T23:00:00","guid":{"rendered":"https:\/\/2025.teleskopshop.ch\/shop\/senza-categoria\/pentax-fernglas-sp-8x40\/"},"modified":"2025-01-25T13:38:52","modified_gmt":"2025-01-25T12:38:52","slug":"pentax-fernglas-sp-8x40","status":"publish","type":"product","link":"https:\/\/www.teleskopshop.ch\/it\/shop\/ottica\/binocoli-e-occhiali-da-opera\/binocoli\/binocoli-pentax\/pentax-fernglas-sp-8x40\/","title":{"rendered":"Binocolo Pentax SP 8&#215;40"},"content":{"rendered":"<p>I binocoli con prisma di porro serie S sono dotati di a<br \/>\nDiametro obiettivo della lente maggiore di 40 mm e sono la continuazione<br \/>\nla serie A. Con gli stessi rivestimenti di alta qualit\u00e0 della serie A<br \/>\n\u00e8 garantita una qualit\u00e0 d&#8217;immagine impeccabile. caratteristico di questi<br \/>\nLa serie \u00e8 l&#8217;elevata intensit\u00e0 luminosa dovuta al grande<br \/>\ndiametro della lente dell&#8217;obiettivo.<br \/>\nLa serie S offre molte delle caratteristiche dei binocoli pi\u00f9 costosi.<br \/>\nRobusto con un corpo interamente in gomma, compreso quello extra large<br \/>\nunit\u00e0 centrale. Hanno un&#8217;ottica eccezionale<br \/>\nPrestazioni con l&#8217;alta qualit\u00e0 dei prismi BaK4.<br \/>\nRivestimenti multipli su tutte le lenti;<br \/>\ncustodia in alluminio pressofuso;<br \/>\nRivestimento a trasmissione della luce migliorato;<br \/>\nArmatura di gomma completa;<br \/>\nGrande quadrante centrale;<br \/>\nfare clic per interrompere la regolazione diottrica;<\/p>\n","protected":false},"excerpt":{"rendered":"<p>I binocoli con prisma di porro serie S sono dotati di a Diametro obiettivo della lente maggiore di 40 mm e sono la continuazione la serie A. Con gli stessi rivestimenti di alta qualit\u00e0 della serie A \u00e8 garantita una qualit\u00e0 d&#8217;immagine impeccabile. caratteristico di questi La serie \u00e8 l&#8217;elevata intensit\u00e0 luminosa dovuta al grande [&hellip;]<\/p>\n","protected":false},"featured_media":10915,"comment_status":"closed","ping_status":"open","template":"","meta":{"_acf_changed":false},"product_brand":[688],"product_cat":[1346,1343,1370,1340],"product_tag":[],"class_list":{"0":"post-58081","1":"product","2":"type-product","3":"status-publish","4":"has-post-thumbnail","6":"product_brand-pentax","7":"product_cat-binocoli","8":"product_cat-binocoli-e-occhiali-da-opera","9":"product_cat-binocoli-pentax","10":"product_cat-ottica","12":"first","13":"instock","14":"taxable","15":"shipping-taxable","16":"purchasable","17":"product-type-simple"},"acf":[],"_links":{"self":[{"href":"https:\/\/www.teleskopshop.ch\/it\/wp-json\/wp\/v2\/product\/58081","targetHints":{"allow":["GET"]}}],"collection":[{"href":"https:\/\/www.teleskopshop.ch\/it\/wp-json\/wp\/v2\/product"}],"about":[{"href":"https:\/\/www.teleskopshop.ch\/it\/wp-json\/wp\/v2\/types\/product"}],"replies":[{"embeddable":true,"href":"https:\/\/www.teleskopshop.ch\/it\/wp-json\/wp\/v2\/comments?post=58081"}],"wp:featuredmedia":[{"embeddable":true,"href":"https:\/\/www.teleskopshop.ch\/it\/wp-json\/wp\/v2\/media\/10915"}],"wp:attachment":[{"href":"https:\/\/www.teleskopshop.ch\/it\/wp-json\/wp\/v2\/media?parent=58081"}],"wp:term":[{"taxonomy":"product_brand","embeddable":true,"href":"https:\/\/www.teleskopshop.ch\/it\/wp-json\/wp\/v2\/product_brand?post=58081"},{"taxonomy":"product_cat","embeddable":true,"href":"https:\/\/www.teleskopshop.ch\/it\/wp-json\/wp\/v2\/product_cat?post=58081"},{"taxonomy":"product_tag","embeddable":true,"href":"https:\/\/www.teleskopshop.ch\/it\/wp-json\/wp\/v2\/product_tag?post=58081"}],"curies":[{"name":"wp","href":"https:\/\/api.w.org\/{rel}","templated":true}]}}