{"id":58054,"date":"2024-01-12T00:00:00","date_gmt":"2024-01-11T23:00:00","guid":{"rendered":"https:\/\/2025.teleskopshop.ch\/shop\/senza-categoria\/pentax-fernglas-sd-7x42-ed\/"},"modified":"2025-01-25T13:34:52","modified_gmt":"2025-01-25T12:34:52","slug":"pentax-fernglas-sd-7x42-ed","status":"publish","type":"product","link":"https:\/\/www.teleskopshop.ch\/it\/shop\/ottica\/binocoli-e-occhiali-da-opera\/binocoli\/binocoli-pentax\/pentax-fernglas-sd-7x42-ed\/","title":{"rendered":"Pentax Binocolo SD 7&#215;42 ED"},"content":{"rendered":"<p>Modello con obiettivi grandi<br \/>\nQualit\u00e0 visiva eccezionale per le esigenze pi\u00f9 elevate.<br \/>\nLe grandi lenti del design consentono un contrasto elevato e luminoso<br \/>\nVisibilit\u00e0 in tutte le condizioni di illuminazione.<br \/>\nI primi modelli della serie S con elementi in vetro ED (Extra-low<br \/>\ndispersione), che fornisce una visione chiara e ad alto contrasto del campo visivo<br \/>\ne compensare efficacemente l&#8217;aberrazione cromatica<br \/>\nObiettivi con un diametro di 42 millimetri, che forniscono un<br \/>\neccellenti prestazioni di osservazione, un&#8217;osservazione senza sforzo del<br \/>\nobiettare e garantire una buona usabilit\u00e0<br \/>\nApplicazione di un multi-rivestimento completo e un<br \/>\nProcesso di rivestimento speciale per ottimizzare il<br \/>\nTrasmissione luminosa per fornire una visione chiara del soggetto con il minimo<br \/>\nGarantire abbagliamento e ghosting<br \/>\nCostruzione impermeabile JIS Classe 6 per una struttura affidabile<br \/>\nUtilizzo in condizioni climatiche avverse<\/p>\n","protected":false},"excerpt":{"rendered":"<p>Modello con obiettivi grandi Qualit\u00e0 visiva eccezionale per le esigenze pi\u00f9 elevate. Le grandi lenti del design consentono un contrasto elevato e luminoso Visibilit\u00e0 in tutte le condizioni di illuminazione. I primi modelli della serie S con elementi in vetro ED (Extra-low dispersione), che fornisce una visione chiara e ad alto contrasto del campo visivo [&hellip;]<\/p>\n","protected":false},"featured_media":11207,"comment_status":"closed","ping_status":"open","template":"","meta":{"_acf_changed":false},"product_brand":[688],"product_cat":[1346,1343,1370,1340],"product_tag":[],"class_list":{"0":"post-58054","1":"product","2":"type-product","3":"status-publish","4":"has-post-thumbnail","6":"product_brand-pentax","7":"product_cat-binocoli","8":"product_cat-binocoli-e-occhiali-da-opera","9":"product_cat-binocoli-pentax","10":"product_cat-ottica","12":"first","13":"instock","14":"taxable","15":"shipping-taxable","16":"purchasable","17":"product-type-simple"},"acf":[],"_links":{"self":[{"href":"https:\/\/www.teleskopshop.ch\/it\/wp-json\/wp\/v2\/product\/58054","targetHints":{"allow":["GET"]}}],"collection":[{"href":"https:\/\/www.teleskopshop.ch\/it\/wp-json\/wp\/v2\/product"}],"about":[{"href":"https:\/\/www.teleskopshop.ch\/it\/wp-json\/wp\/v2\/types\/product"}],"replies":[{"embeddable":true,"href":"https:\/\/www.teleskopshop.ch\/it\/wp-json\/wp\/v2\/comments?post=58054"}],"wp:featuredmedia":[{"embeddable":true,"href":"https:\/\/www.teleskopshop.ch\/it\/wp-json\/wp\/v2\/media\/11207"}],"wp:attachment":[{"href":"https:\/\/www.teleskopshop.ch\/it\/wp-json\/wp\/v2\/media?parent=58054"}],"wp:term":[{"taxonomy":"product_brand","embeddable":true,"href":"https:\/\/www.teleskopshop.ch\/it\/wp-json\/wp\/v2\/product_brand?post=58054"},{"taxonomy":"product_cat","embeddable":true,"href":"https:\/\/www.teleskopshop.ch\/it\/wp-json\/wp\/v2\/product_cat?post=58054"},{"taxonomy":"product_tag","embeddable":true,"href":"https:\/\/www.teleskopshop.ch\/it\/wp-json\/wp\/v2\/product_tag?post=58054"}],"curies":[{"name":"wp","href":"https:\/\/api.w.org\/{rel}","templated":true}]}}