{"id":57913,"date":"2024-01-12T00:00:00","date_gmt":"2024-01-11T23:00:00","guid":{"rendered":"https:\/\/2025.teleskopshop.ch\/shop\/senza-categoria\/nikon-fernglas-prostaff-5-12x50\/"},"modified":"2025-01-25T13:38:59","modified_gmt":"2025-01-25T12:38:59","slug":"nikon-fernglas-prostaff-5-12x50","status":"publish","type":"product","link":"https:\/\/www.teleskopshop.ch\/it\/shop\/ottica\/binocoli-e-occhiali-da-opera\/binocoli\/binocoli-nikon\/nikon-fernglas-prostaff-5-12x50\/","title":{"rendered":"Binocolo Nikon Prostaff 5 12&#215;50"},"content":{"rendered":"<p>Il PROSTAFF 5 \u00e8 uno dei binocoli pi\u00f9 leggeri del suo genere<br \/>\nl\u00ec sul mercato. Le lenti riccamente multi-rivestite garantiscono<br \/>\nl&#8217;eccellente esperienza visiva con nitidezza e nitidezza<br \/>\nimmagini. Tutti gli obiettivi e i prismi sono realizzati con lo speciale Nikon Eco-<br \/>\nVetro prodotto senza arsenico e piombo. il<br \/>\nLa costruzione in fibra di vetro rinforzata con fibra di carbonio \u00e8 estrema<br \/>\ndurevole, impermeabile e antiappannamento. L&#8217;armatura di gomma aumenta il<br \/>\nResistenza agli urti e sostiene la presa comoda. la gomma da cancellare<br \/>\nLe conchiglie oculari si adattano perfettamente all&#8217;occhio in diverse posizioni di bloccaggio<br \/>\nregolabile. Anche i portatori di occhiali apprezzano l&#8217;ampia estrazione pupillare<br \/>\nun Seefeld ampio e chiaro.<\/p>\n","protected":false},"excerpt":{"rendered":"<p>Il PROSTAFF 5 \u00e8 uno dei binocoli pi\u00f9 leggeri del suo genere l\u00ec sul mercato. Le lenti riccamente multi-rivestite garantiscono l&#8217;eccellente esperienza visiva con nitidezza e nitidezza immagini. Tutti gli obiettivi e i prismi sono realizzati con lo speciale Nikon Eco- Vetro prodotto senza arsenico e piombo. il La costruzione in fibra di vetro rinforzata [&hellip;]<\/p>\n","protected":false},"featured_media":10831,"comment_status":"closed","ping_status":"open","template":"","meta":{"_acf_changed":false},"product_brand":[686],"product_cat":[1346,1343,1361,1340],"product_tag":[],"class_list":{"0":"post-57913","1":"product","2":"type-product","3":"status-publish","4":"has-post-thumbnail","6":"product_brand-nikon","7":"product_cat-binocoli","8":"product_cat-binocoli-e-occhiali-da-opera","9":"product_cat-binocoli-nikon","10":"product_cat-ottica","12":"first","13":"instock","14":"taxable","15":"shipping-taxable","16":"purchasable","17":"product-type-simple"},"acf":[],"_links":{"self":[{"href":"https:\/\/www.teleskopshop.ch\/it\/wp-json\/wp\/v2\/product\/57913","targetHints":{"allow":["GET"]}}],"collection":[{"href":"https:\/\/www.teleskopshop.ch\/it\/wp-json\/wp\/v2\/product"}],"about":[{"href":"https:\/\/www.teleskopshop.ch\/it\/wp-json\/wp\/v2\/types\/product"}],"replies":[{"embeddable":true,"href":"https:\/\/www.teleskopshop.ch\/it\/wp-json\/wp\/v2\/comments?post=57913"}],"wp:featuredmedia":[{"embeddable":true,"href":"https:\/\/www.teleskopshop.ch\/it\/wp-json\/wp\/v2\/media\/10831"}],"wp:attachment":[{"href":"https:\/\/www.teleskopshop.ch\/it\/wp-json\/wp\/v2\/media?parent=57913"}],"wp:term":[{"taxonomy":"product_brand","embeddable":true,"href":"https:\/\/www.teleskopshop.ch\/it\/wp-json\/wp\/v2\/product_brand?post=57913"},{"taxonomy":"product_cat","embeddable":true,"href":"https:\/\/www.teleskopshop.ch\/it\/wp-json\/wp\/v2\/product_cat?post=57913"},{"taxonomy":"product_tag","embeddable":true,"href":"https:\/\/www.teleskopshop.ch\/it\/wp-json\/wp\/v2\/product_tag?post=57913"}],"curies":[{"name":"wp","href":"https:\/\/api.w.org\/{rel}","templated":true}]}}